{"id":3,"date":"2022-01-19T23:12:04","date_gmt":"2022-01-19T23:12:04","guid":{"rendered":"https:\/\/mountainmediationcenter.org\/?page_id=3"},"modified":"2022-09-26T21:22:09","modified_gmt":"2022-09-26T21:22:09","slug":"privacy-policy","status":"publish","type":"page","link":"https:\/\/mountainmediationcenter.org\/es\/privacy-policy\/","title":{"rendered":"pol\u00edtica de privacidad"},"content":{"rendered":"<div data-elementor-type=\"wp-page\" data-elementor-id=\"3\" class=\"elementor elementor-3\" data-elementor-post-type=\"page\">\n\t\t\t\t\t\t<section class=\"elementor-section elementor-top-section elementor-element elementor-element-290e69c elementor-section-boxed elementor-section-height-default elementor-section-height-default\" data-id=\"290e69c\" data-element_type=\"section\" data-e-type=\"section\" data-settings=\"{&quot;background_background&quot;:&quot;classic&quot;}\">\n\t\t\t\t\t\t\t<div class=\"elementor-background-overlay\"><\/div>\n\t\t\t\t\t\t\t<div class=\"elementor-container elementor-column-gap-default\">\n\t\t\t\t\t<div class=\"elementor-column elementor-col-100 elementor-top-column elementor-element elementor-element-56e71cd\" data-id=\"56e71cd\" data-element_type=\"column\" data-e-type=\"column\">\n\t\t\t<div class=\"elementor-widget-wrap elementor-element-populated\">\n\t\t\t\t\t\t<div class=\"elementor-element elementor-element-9b4b85c elementor-widget elementor-widget-spacer\" data-id=\"9b4b85c\" data-element_type=\"widget\" data-e-type=\"widget\" data-widget_type=\"spacer.default\">\n\t\t\t\t<div class=\"elementor-widget-container\">\n\t\t\t\t\t\t\t<div class=\"elementor-spacer\">\n\t\t\t<div class=\"elementor-spacer-inner\"><\/div>\n\t\t<\/div>\n\t\t\t\t\t\t<\/div>\n\t\t\t\t<\/div>\n\t\t\t\t<section class=\"elementor-section elementor-inner-section elementor-element elementor-element-c73f7a1 elementor-section-boxed elementor-section-height-default elementor-section-height-default\" data-id=\"c73f7a1\" data-element_type=\"section\" data-e-type=\"section\">\n\t\t\t\t\t\t<div class=\"elementor-container elementor-column-gap-default\">\n\t\t\t\t\t<div class=\"elementor-column elementor-col-25 elementor-inner-column elementor-element elementor-element-78c4a66\" data-id=\"78c4a66\" data-element_type=\"column\" data-e-type=\"column\">\n\t\t\t<div class=\"elementor-widget-wrap elementor-element-populated\">\n\t\t\t\t\t\t<div class=\"elementor-element elementor-element-e7ff382 elementor-widget elementor-widget-heading\" data-id=\"e7ff382\" data-element_type=\"widget\" data-e-type=\"widget\" data-widget_type=\"heading.default\">\n\t\t\t\t<div class=\"elementor-widget-container\">\n\t\t\t\t\t<h2 class=\"elementor-heading-title elementor-size-default\">pol\u00edtica de privacidad <\/h2>\t\t\t\t<\/div>\n\t\t\t\t<\/div>\n\t\t\t\t\t<\/div>\n\t\t<\/div>\n\t\t\t\t<div class=\"elementor-column elementor-col-25 elementor-inner-column elementor-element elementor-element-8dbcc1a\" data-id=\"8dbcc1a\" data-element_type=\"column\" data-e-type=\"column\">\n\t\t\t<div class=\"elementor-widget-wrap\">\n\t\t\t\t\t\t\t<\/div>\n\t\t<\/div>\n\t\t\t\t<div class=\"elementor-column elementor-col-25 elementor-inner-column elementor-element elementor-element-a51b127\" data-id=\"a51b127\" data-element_type=\"column\" data-e-type=\"column\">\n\t\t\t<div class=\"elementor-widget-wrap\">\n\t\t\t\t\t\t\t<\/div>\n\t\t<\/div>\n\t\t\t\t<div class=\"elementor-column elementor-col-25 elementor-inner-column elementor-element elementor-element-c9cb4d1\" data-id=\"c9cb4d1\" data-element_type=\"column\" data-e-type=\"column\">\n\t\t\t<div class=\"elementor-widget-wrap\">\n\t\t\t\t\t\t\t<\/div>\n\t\t<\/div>\n\t\t\t\t\t<\/div>\n\t\t<\/section>\n\t\t\t\t<div class=\"elementor-element elementor-element-ec73cb0 elementor-widget elementor-widget-spacer\" data-id=\"ec73cb0\" data-element_type=\"widget\" data-e-type=\"widget\" data-widget_type=\"spacer.default\">\n\t\t\t\t<div class=\"elementor-widget-container\">\n\t\t\t\t\t\t\t<div class=\"elementor-spacer\">\n\t\t\t<div class=\"elementor-spacer-inner\"><\/div>\n\t\t<\/div>\n\t\t\t\t\t\t<\/div>\n\t\t\t\t<\/div>\n\t\t\t\t\t<\/div>\n\t\t<\/div>\n\t\t\t\t\t<\/div>\n\t\t<\/section>\n\t\t\t\t<section class=\"elementor-section elementor-top-section elementor-element elementor-element-ef425b7 elementor-section-boxed elementor-section-height-default elementor-section-height-default\" data-id=\"ef425b7\" data-element_type=\"section\" data-e-type=\"section\">\n\t\t\t\t\t\t<div class=\"elementor-container elementor-column-gap-default\">\n\t\t\t\t\t<div class=\"elementor-column elementor-col-100 elementor-top-column elementor-element elementor-element-6832ec9\" data-id=\"6832ec9\" data-element_type=\"column\" data-e-type=\"column\">\n\t\t\t<div class=\"elementor-widget-wrap elementor-element-populated\">\n\t\t\t\t\t\t<div class=\"elementor-element elementor-element-39c6371 elementor-widget elementor-widget-text-editor\" data-id=\"39c6371\" data-element_type=\"widget\" data-e-type=\"widget\" data-widget_type=\"text-editor.default\">\n\t\t\t\t<div class=\"elementor-widget-container\">\n\t\t\t\t\t\t\t\t\t<h1 class=\"title td-left\">Pol\u00edtica de privacidad de MMC<\/h1>\n<div class=\"page-splits splits-xtramargin\">\u00a0<\/div>\n<div class=\"td-left\">\n<h2 class=\"subtitle\">General:<\/h2>\n<\/div>\n<p>Nos preocupamos por brindarle herramientas e informaci\u00f3n para administrar y proteger su privacidad en l\u00ednea. Hemos desarrollado esta pol\u00edtica de privacidad para informarle sobre qu\u00e9 informaci\u00f3n recopila este sitio web, qui\u00e9n puede recibir esa informaci\u00f3n, qu\u00e9 podemos hacer con la informaci\u00f3n y durante cu\u00e1nto tiempo la conservamos. Si bien hemos hecho todo lo posible para que esta pol\u00edtica sea lo m\u00e1s clara posible, si tiene m\u00e1s preguntas al respecto, no dude en comunicarse con nosotros.<\/p>\n<div class=\"page-splits splits-xtramargin\">\u00a0<\/div>\n<div class=\"td-left\">\n<h2 class=\"subtitle\">Su informaci\u00f3n:<\/h2>\n<\/div>\n<p>No compartiremos con terceros la informaci\u00f3n que env\u00ede a nuestro sitio, excepto en cumplimiento de una solicitud de una agencia de cumplimiento de la ley. Bajo ninguna circunstancia venderemos ni entregaremos su nombre, correo electr\u00f3nico, n\u00famero de tel\u00e9fono o direcci\u00f3n a terceros. Nunca venderemos, alquilaremos ni arrendaremos de manera deliberada su informaci\u00f3n personal o la de su empresa a terceros.<\/p>\n<div class=\"page-splits splits-xtramargin\">\u00a0<\/div>\n<div class=\"td-left\">\n<h2 class=\"subtitle\">Informaci\u00f3n recopilada:<\/h2>\n<\/div>\n<p>Su informaci\u00f3n personal se recopila \u00fanicamente a trav\u00e9s de nuestros formularios de contacto. Este sitio web actualmente no tiene aplicaciones ni programas que recopilen informaci\u00f3n de su computadora sin su consentimiento. Los usuarios deben proporcionarnos informaci\u00f3n de contacto (por ejemplo, su nombre y direcci\u00f3n de correo electr\u00f3nico) e informaci\u00f3n demogr\u00e1fica (por ejemplo, su c\u00f3digo postal). Cierta informaci\u00f3n, como su direcci\u00f3n de correo electr\u00f3nico, se recopila para verificar su identidad y para su uso en nuestros registros. La informaci\u00f3n recopilada en este sitio web se conserva en nuestros registros solo durante el tiempo que sea necesario para brindar los servicios solicitados a nuestros clientes.<\/p>\n<div class=\"page-splits splits-xtramargin\">\u00a0<\/div>\n<div class=\"td-left\">\n<h2 class=\"subtitle\">Suma:<\/h2>\n<\/div>\n<p>Si tiene alguna pregunta sobre esta declaraci\u00f3n de privacidad o las pr\u00e1cticas de este sitio, por favor\u00a0<a href=\"https:\/\/mountainmediation.center\/contact.htm\">Cont\u00e1ctenos.<\/a><\/p>\t\t\t\t\t\t\t\t<\/div>\n\t\t\t\t<\/div>\n\t\t\t\t\t<\/div>\n\t\t<\/div>\n\t\t\t\t\t<\/div>\n\t\t<\/section>\n\t\t\t\t<\/div>","protected":false},"excerpt":{"rendered":"<p>Pol\u00edtica de Privacidad de MMC: Nos preocupamos por brindarle herramientas e informaci\u00f3n para administrar y proteger su privacidad en l\u00ednea. Hemos desarrollado esta pol\u00edtica de privacidad para informarle sobre qu\u00e9 informaci\u00f3n recopila este sitio web, qui\u00e9n puede recibirla, qu\u00e9 podemos hacer con ella y durante cu\u00e1nto tiempo la conservamos.<\/p>","protected":false},"author":1,"featured_media":0,"parent":0,"menu_order":0,"comment_status":"closed","ping_status":"open","template":"elementor_header_footer","meta":{"footnotes":""},"class_list":["post-3","page","type-page","status-publish","hentry"],"yoast_head":"<!-- This site is optimized with the Yoast SEO plugin v23.2 - https:\/\/yoast.com\/wordpress\/plugins\/seo\/ -->\n<title>Privacy Policy | Mountain Mediation Center | Terms &amp; Conditions<\/title>\n<meta name=\"description\" content=\"Visit this page to view our privacy policy and terms and conditions of the website.\" \/>\n<meta name=\"robots\" content=\"index, follow, max-snippet:-1, max-image-preview:large, max-video-preview:-1\" \/>\n<link rel=\"canonical\" href=\"https:\/\/mountainmediationcenter.org\/es\/privacy-policy\/\" \/>\n<meta property=\"og:locale\" content=\"es_ES\" \/>\n<meta property=\"og:type\" content=\"article\" \/>\n<meta property=\"og:title\" content=\"Privacy Policy | Mountain Mediation Center | Terms &amp; Conditions\" \/>\n<meta property=\"og:description\" content=\"Visit this page to view our privacy policy and terms and conditions of the website.\" \/>\n<meta property=\"og:url\" content=\"https:\/\/mountainmediationcenter.org\/es\/privacy-policy\/\" \/>\n<meta property=\"og:site_name\" content=\"Mountain Mediation Center\" \/>\n<meta property=\"article:modified_time\" content=\"2022-09-26T21:22:09+00:00\" \/>\n<meta name=\"twitter:card\" content=\"summary_large_image\" \/>\n<meta name=\"twitter:label1\" content=\"Tiempo de lectura\" \/>\n\t<meta name=\"twitter:data1\" content=\"2 minutos\" \/>\n<script type=\"application\/ld+json\" class=\"yoast-schema-graph\">{\"@context\":\"https:\/\/schema.org\",\"@graph\":[{\"@type\":\"WebPage\",\"@id\":\"https:\/\/mountainmediationcenter.org\/privacy-policy\/\",\"url\":\"https:\/\/mountainmediationcenter.org\/privacy-policy\/\",\"name\":\"Privacy Policy | Mountain Mediation Center | Terms & Conditions\",\"isPartOf\":{\"@id\":\"https:\/\/mountainmediationcenter.org\/#website\"},\"datePublished\":\"2022-01-19T23:12:04+00:00\",\"dateModified\":\"2022-09-26T21:22:09+00:00\",\"description\":\"Visit this page to view our privacy policy and terms and conditions of the website.\",\"breadcrumb\":{\"@id\":\"https:\/\/mountainmediationcenter.org\/privacy-policy\/#breadcrumb\"},\"inLanguage\":\"es\",\"potentialAction\":[{\"@type\":\"ReadAction\",\"target\":[\"https:\/\/mountainmediationcenter.org\/privacy-policy\/\"]}]},{\"@type\":\"BreadcrumbList\",\"@id\":\"https:\/\/mountainmediationcenter.org\/privacy-policy\/#breadcrumb\",\"itemListElement\":[{\"@type\":\"ListItem\",\"position\":1,\"name\":\"Home\",\"item\":\"https:\/\/mountainmediationcenter.org\/\"},{\"@type\":\"ListItem\",\"position\":2,\"name\":\"Privacy Policy\"}]},{\"@type\":\"WebSite\",\"@id\":\"https:\/\/mountainmediationcenter.org\/#website\",\"url\":\"https:\/\/mountainmediationcenter.org\/\",\"name\":\"Mountain Mediation Center\",\"description\":\"Bringing people together to prevent conflict, resolve disputes, and build a more inclusive community.\",\"potentialAction\":[{\"@type\":\"SearchAction\",\"target\":{\"@type\":\"EntryPoint\",\"urlTemplate\":\"https:\/\/mountainmediationcenter.org\/?s={search_term_string}\"},\"query-input\":\"required name=search_term_string\"}],\"inLanguage\":\"es\"}]}<\/script>\n<!-- \/ Yoast SEO plugin. -->","yoast_head_json":{"title":"Privacy Policy | Mountain Mediation Center | Terms & Conditions","description":"Visit this page to view our privacy policy and terms and conditions of the website.","robots":{"index":"index","follow":"follow","max-snippet":"max-snippet:-1","max-image-preview":"max-image-preview:large","max-video-preview":"max-video-preview:-1"},"canonical":"https:\/\/mountainmediationcenter.org\/es\/privacy-policy\/","og_locale":"es_ES","og_type":"article","og_title":"Privacy Policy | Mountain Mediation Center | Terms & Conditions","og_description":"Visit this page to view our privacy policy and terms and conditions of the website.","og_url":"https:\/\/mountainmediationcenter.org\/es\/privacy-policy\/","og_site_name":"Mountain Mediation Center","article_modified_time":"2022-09-26T21:22:09+00:00","twitter_card":"summary_large_image","twitter_misc":{"Tiempo de lectura":"2 minutos"},"schema":{"@context":"https:\/\/schema.org","@graph":[{"@type":"WebPage","@id":"https:\/\/mountainmediationcenter.org\/privacy-policy\/","url":"https:\/\/mountainmediationcenter.org\/privacy-policy\/","name":"Privacy Policy | Mountain Mediation Center | Terms & Conditions","isPartOf":{"@id":"https:\/\/mountainmediationcenter.org\/#website"},"datePublished":"2022-01-19T23:12:04+00:00","dateModified":"2022-09-26T21:22:09+00:00","description":"Visit this page to view our privacy policy and terms and conditions of the website.","breadcrumb":{"@id":"https:\/\/mountainmediationcenter.org\/privacy-policy\/#breadcrumb"},"inLanguage":"es","potentialAction":[{"@type":"ReadAction","target":["https:\/\/mountainmediationcenter.org\/privacy-policy\/"]}]},{"@type":"BreadcrumbList","@id":"https:\/\/mountainmediationcenter.org\/privacy-policy\/#breadcrumb","itemListElement":[{"@type":"ListItem","position":1,"name":"Home","item":"https:\/\/mountainmediationcenter.org\/"},{"@type":"ListItem","position":2,"name":"Privacy Policy"}]},{"@type":"WebSite","@id":"https:\/\/mountainmediationcenter.org\/#website","url":"https:\/\/mountainmediationcenter.org\/","name":"Mountain Mediation Center","description":"Bringing people together to prevent conflict, resolve disputes, and build a more inclusive community.","potentialAction":[{"@type":"SearchAction","target":{"@type":"EntryPoint","urlTemplate":"https:\/\/mountainmediationcenter.org\/?s={search_term_string}"},"query-input":"required name=search_term_string"}],"inLanguage":"es"}]}},"_links":{"self":[{"href":"https:\/\/mountainmediationcenter.org\/es\/wp-json\/wp\/v2\/pages\/3","targetHints":{"allow":["GET"]}}],"collection":[{"href":"https:\/\/mountainmediationcenter.org\/es\/wp-json\/wp\/v2\/pages"}],"about":[{"href":"https:\/\/mountainmediationcenter.org\/es\/wp-json\/wp\/v2\/types\/page"}],"author":[{"embeddable":true,"href":"https:\/\/mountainmediationcenter.org\/es\/wp-json\/wp\/v2\/users\/1"}],"replies":[{"embeddable":true,"href":"https:\/\/mountainmediationcenter.org\/es\/wp-json\/wp\/v2\/comments?post=3"}],"version-history":[{"count":26,"href":"https:\/\/mountainmediationcenter.org\/es\/wp-json\/wp\/v2\/pages\/3\/revisions"}],"predecessor-version":[{"id":7194,"href":"https:\/\/mountainmediationcenter.org\/es\/wp-json\/wp\/v2\/pages\/3\/revisions\/7194"}],"wp:attachment":[{"href":"https:\/\/mountainmediationcenter.org\/es\/wp-json\/wp\/v2\/media?parent=3"}],"curies":[{"name":"wp","href":"https:\/\/api.w.org\/{rel}","templated":true}]}}