{"id":5017,"date":"2022-01-25T22:10:53","date_gmt":"2022-01-25T22:10:53","guid":{"rendered":"https:\/\/mountainmediationcenter.org\/?page_id=5017"},"modified":"2025-01-29T21:01:54","modified_gmt":"2025-01-29T21:01:54","slug":"resources","status":"publish","type":"page","link":"https:\/\/mountainmediationcenter.org\/es\/resources\/","title":{"rendered":"Recursos"},"content":{"rendered":"<div data-elementor-type=\"wp-page\" data-elementor-id=\"5017\" class=\"elementor elementor-5017\" data-elementor-post-type=\"page\">\n\t\t\t\t\t\t<section class=\"elementor-section elementor-top-section elementor-element elementor-element-29df43d elementor-section-boxed elementor-section-height-default elementor-section-height-default\" data-id=\"29df43d\" data-element_type=\"section\" data-e-type=\"section\" data-settings=\"{&quot;background_background&quot;:&quot;classic&quot;}\">\n\t\t\t\t\t\t\t<div class=\"elementor-background-overlay\"><\/div>\n\t\t\t\t\t\t\t<div class=\"elementor-container elementor-column-gap-default\">\n\t\t\t\t\t<div class=\"elementor-column elementor-col-100 elementor-top-column elementor-element elementor-element-0570039\" data-id=\"0570039\" data-element_type=\"column\" data-e-type=\"column\">\n\t\t\t<div class=\"elementor-widget-wrap elementor-element-populated\">\n\t\t\t\t\t\t<div class=\"elementor-element elementor-element-d1e993f elementor-widget elementor-widget-spacer\" data-id=\"d1e993f\" data-element_type=\"widget\" data-e-type=\"widget\" data-widget_type=\"spacer.default\">\n\t\t\t\t<div class=\"elementor-widget-container\">\n\t\t\t\t\t\t\t<div class=\"elementor-spacer\">\n\t\t\t<div class=\"elementor-spacer-inner\"><\/div>\n\t\t<\/div>\n\t\t\t\t\t\t<\/div>\n\t\t\t\t<\/div>\n\t\t\t\t<section class=\"elementor-section elementor-inner-section elementor-element elementor-element-36fb8fc elementor-section-boxed elementor-section-height-default elementor-section-height-default\" data-id=\"36fb8fc\" data-element_type=\"section\" data-e-type=\"section\">\n\t\t\t\t\t\t<div class=\"elementor-container elementor-column-gap-default\">\n\t\t\t\t\t<div class=\"elementor-column elementor-col-25 elementor-inner-column elementor-element elementor-element-86b580c\" data-id=\"86b580c\" data-element_type=\"column\" data-e-type=\"column\">\n\t\t\t<div class=\"elementor-widget-wrap\">\n\t\t\t\t\t\t\t<\/div>\n\t\t<\/div>\n\t\t\t\t<div class=\"elementor-column elementor-col-25 elementor-inner-column elementor-element elementor-element-4bf47df\" data-id=\"4bf47df\" data-element_type=\"column\" data-e-type=\"column\">\n\t\t\t<div class=\"elementor-widget-wrap elementor-element-populated\">\n\t\t\t\t\t\t<div class=\"elementor-element elementor-element-d7a2b03 elementor-widget elementor-widget-heading\" data-id=\"d7a2b03\" data-element_type=\"widget\" data-e-type=\"widget\" data-widget_type=\"heading.default\">\n\t\t\t\t<div class=\"elementor-widget-container\">\n\t\t\t\t\t<h2 class=\"elementor-heading-title elementor-size-default\">Enlaces \u00datiles <\/h2>\t\t\t\t<\/div>\n\t\t\t\t<\/div>\n\t\t\t\t\t<\/div>\n\t\t<\/div>\n\t\t\t\t<div class=\"elementor-column elementor-col-25 elementor-inner-column elementor-element elementor-element-50b5239\" data-id=\"50b5239\" data-element_type=\"column\" data-e-type=\"column\">\n\t\t\t<div class=\"elementor-widget-wrap\">\n\t\t\t\t\t\t\t<\/div>\n\t\t<\/div>\n\t\t\t\t<div class=\"elementor-column elementor-col-25 elementor-inner-column elementor-element elementor-element-24e9f34\" data-id=\"24e9f34\" data-element_type=\"column\" data-e-type=\"column\">\n\t\t\t<div class=\"elementor-widget-wrap\">\n\t\t\t\t\t\t\t<\/div>\n\t\t<\/div>\n\t\t\t\t\t<\/div>\n\t\t<\/section>\n\t\t\t\t<div class=\"elementor-element elementor-element-e48c769 elementor-widget elementor-widget-spacer\" data-id=\"e48c769\" data-element_type=\"widget\" data-e-type=\"widget\" data-widget_type=\"spacer.default\">\n\t\t\t\t<div class=\"elementor-widget-container\">\n\t\t\t\t\t\t\t<div class=\"elementor-spacer\">\n\t\t\t<div class=\"elementor-spacer-inner\"><\/div>\n\t\t<\/div>\n\t\t\t\t\t\t<\/div>\n\t\t\t\t<\/div>\n\t\t\t\t\t<\/div>\n\t\t<\/div>\n\t\t\t\t\t<\/div>\n\t\t<\/section>\n\t\t\t\t<section class=\"elementor-section elementor-top-section elementor-element elementor-element-593b512 elementor-section-boxed elementor-section-height-default elementor-section-height-default\" data-id=\"593b512\" data-element_type=\"section\" data-e-type=\"section\">\n\t\t\t\t\t\t<div class=\"elementor-container elementor-column-gap-default\">\n\t\t\t\t\t<div class=\"elementor-column elementor-col-100 elementor-top-column elementor-element elementor-element-a65b2b2\" data-id=\"a65b2b2\" data-element_type=\"column\" data-e-type=\"column\">\n\t\t\t<div class=\"elementor-widget-wrap elementor-element-populated\">\n\t\t\t\t\t\t<div class=\"elementor-element elementor-element-8791ef9 elementor-widget elementor-widget-text-editor\" data-id=\"8791ef9\" data-element_type=\"widget\" data-e-type=\"widget\" data-widget_type=\"text-editor.default\">\n\t\t\t\t<div class=\"elementor-widget-container\">\n\t\t\t\t\t\t\t\t\t<h3 style=\"font-family: Lato, sans-serif; color: #7a7a7a;\"><span style=\"color: var( --e-global-color-text ); font-family: var( --e-global-typography-text-font-family ), Sans-serif; font-weight: var( --e-global-typography-text-font-weight ); font-size: 1rem;\">Los siguientes son algunos recursos externos recomendados.<\/span><\/h3>\t\t\t\t\t\t\t\t<\/div>\n\t\t\t\t<\/div>\n\t\t\t\t<section class=\"elementor-section elementor-inner-section elementor-element elementor-element-cd6df50 elementor-section-boxed elementor-section-height-default elementor-section-height-default\" data-id=\"cd6df50\" data-element_type=\"section\" data-e-type=\"section\">\n\t\t\t\t\t\t<div class=\"elementor-container elementor-column-gap-default\">\n\t\t\t\t\t<div class=\"elementor-column elementor-col-50 elementor-inner-column elementor-element elementor-element-3542648\" data-id=\"3542648\" data-element_type=\"column\" data-e-type=\"column\">\n\t\t\t<div class=\"elementor-widget-wrap elementor-element-populated\">\n\t\t\t\t\t\t<div class=\"elementor-element elementor-element-53848ad elementor-widget elementor-widget-text-editor\" data-id=\"53848ad\" data-element_type=\"widget\" data-e-type=\"widget\" data-widget_type=\"text-editor.default\">\n\t\t\t\t<div class=\"elementor-widget-container\">\n\t\t\t\t\t\t\t\t\t<h4 class=\"subtitle\">Informaci\u00f3n general sobre mediaci\u00f3n<\/h4><p><a href=\"https:\/\/www.utcourts.gov\/en\/about\/miscellaneous\/mediation.html\" target=\"_blank\" rel=\"noopener\">Tribunales de Utah<\/a><\/p><p><a href=\"http:\/\/www.mediate.com\/\" target=\"_blank\" rel=\"noopener\">www.mediate.com<\/a><\/p><h4>\u00a0<\/h4><h4 class=\"subtitle\">Park City y el condado de Summit<\/h4><p><a href=\"https:\/\/parkcitybar.org\/calendar\/tuesday-night-bar-29\" target=\"_blank\" rel=\"noopener\">Bar de los martes por la noche en Park City<\/a><br \/>Cl\u00ednica jur\u00eddica gratuita una vez al mes.<\/p><p><a href=\"http:\/\/www.ccofpc.org\/\" target=\"_blank\" rel=\"noopener\">Centro cristiano de Park City<\/a><br \/>Varios servicios para la comunidad incluyen una despensa de alimentos y una tienda de segunda mano.<\/p><p><a href=\"http:\/\/www.peacehouse.org\/\" target=\"_blank\" rel=\"noopener\">Casa de la Paz<\/a><br \/>Un lugar seguro para mujeres y ni\u00f1os en situaciones de violencia dom\u00e9stica.<\/p><h4>\u00a0<\/h4><h4 class=\"subtitle\">Educaci\u00f3n<\/h4><p><a href=\"http:\/\/www.pcschools.us\/index.php?page=92\" target=\"_blank\" rel=\"noopener\">Distrito escolar de la ciudad de Park<\/a><\/p><p><a href=\"https:\/\/www.uvu.edu\/wasatch\/community-education\/\" target=\"_blank\" rel=\"noopener\">Universidad del Valle de Utah - Campus Wasatch<\/a><\/p><h4>\u00a0<\/h4><h4>Servicios gubernamentales<\/h4><p><a href=\"http:\/\/www.parkcity.org\/\" target=\"_blank\" rel=\"noopener\">Corporaci\u00f3n Municipal de Park City<\/a><\/p><p><a href=\"http:\/\/www.co.summit.ut.us\/\" target=\"_blank\" rel=\"noopener\">Condado de Summit (incluido el Centro de Justicia Infantil)<\/a><\/p><p><a href=\"https:\/\/www.wasatch.utah.gov\/\" target=\"_blank\" rel=\"noopener\">Condado de Wasatch (incluido el Centro de Justicia Infantil)\u00a0<\/a><\/p>\t\t\t\t\t\t\t\t<\/div>\n\t\t\t\t<\/div>\n\t\t\t\t\t<\/div>\n\t\t<\/div>\n\t\t\t\t<div class=\"elementor-column elementor-col-50 elementor-inner-column elementor-element elementor-element-beea1a5\" data-id=\"beea1a5\" data-element_type=\"column\" data-e-type=\"column\">\n\t\t\t<div class=\"elementor-widget-wrap elementor-element-populated\">\n\t\t\t\t\t\t<div class=\"elementor-element elementor-element-abeac6a elementor-widget elementor-widget-text-editor\" data-id=\"abeac6a\" data-element_type=\"widget\" data-e-type=\"widget\" data-widget_type=\"text-editor.default\">\n\t\t\t\t<div class=\"elementor-widget-container\">\n\t\t\t\t\t\t\t\t\t<h4><span style=\"color: inherit; font-family: inherit; font-size: 1.5rem;\">La justicia restaurativa<\/span><\/h4><p><a href=\"https:\/\/www.iirp.edu\/\" target=\"_blank\" rel=\"noopener\">Instituto Internacional de Pr\u00e1cticas Restaurativas<\/a><\/p><p><a href=\"https:\/\/www.rjutah.org\/\" target=\"_blank\" rel=\"noopener\">Colaboraci\u00f3n de Justicia Restaurativa de Utah<\/a><\/p><h4>\u00a0<\/h4><h4>Informaci\u00f3n legal estatal<\/h4><p><a href=\"http:\/\/www.utcourts.gov\/\" target=\"_blank\" rel=\"noopener\">Tribunales de Utah<\/a><\/p><p><a href=\"https:\/\/www.utcourts.gov\/howto\/smallclaims\" target=\"_blank\" rel=\"noopener\">Tribunal de reclamos menores y formularios<\/a><\/p><p><a href=\"https:\/\/www.utcourts.gov\/howto\/divorce\" target=\"_blank\" rel=\"noopener\">Divorcio y presentaci\u00f3n en l\u00ednea<\/a><\/p><p><a href=\"http:\/\/www.utcourts.gov\/directory\/courthouse.cgi?county=22&amp;type=3\" target=\"_blank\" rel=\"noopener\">Tribunal del Tercer Distrito, Condado de Summit, Utah<\/a><\/p><p><a href=\"http:\/\/www.utcourts.gov\/directory\/courthouse.cgi?county=22&amp;type=5\" target=\"_blank\" rel=\"noopener\">Tribunal de Justicia del Condado de Summit<\/a><\/p><p><a href=\"http:\/\/www.utcourts.gov\/directory\/courthouse.cgi?county=26\" target=\"_blank\" rel=\"noopener\">Tribunal del Cuarto Distrito, Condado de Wasatch, Utah<\/a><\/p><p><a href=\"http:\/\/www.utcourts.gov\/directory\/courthouse.cgi?county=26&amp;type=5\" target=\"_blank\" rel=\"noopener\">Tribunal de Justicia del Condado de Wasatch\/Ciudad de Heber<\/a><\/p><h4>\u00a0<\/h4><h4>\u00bfInteresado en convertirse en mediador?<\/h4><p><a href=\"http:\/\/www.utahdisputeresolution.org\/\" target=\"_blank\" rel=\"noopener\">Resoluci\u00f3n de disputas en Utah<\/a><\/p>\t\t\t\t\t\t\t\t<\/div>\n\t\t\t\t<\/div>\n\t\t\t\t\t<\/div>\n\t\t<\/div>\n\t\t\t\t\t<\/div>\n\t\t<\/section>\n\t\t\t\t\t<\/div>\n\t\t<\/div>\n\t\t\t\t\t<\/div>\n\t\t<\/section>\n\t\t\t\t<\/div>","protected":false},"excerpt":{"rendered":"<p>Enlaces \u00fatiles. A continuaci\u00f3n, se recomiendan algunos recursos externos. Informaci\u00f3n general sobre mediaci\u00f3n. Tribunales de Utah: www.mediate.com. Park City y el condado de Summit. Bar nocturno de los martes en Park City. Consultorio legal gratuito mensual. Centro Cristiano de Park City. Diversos servicios para la comunidad incluyen una despensa de alimentos y una tienda de segunda mano. Casa de la Paz. Un lugar seguro para mujeres y ni\u00f1os en [\u2026]<\/p>","protected":false},"author":1,"featured_media":0,"parent":0,"menu_order":0,"comment_status":"closed","ping_status":"closed","template":"elementor_header_footer","meta":{"footnotes":""},"class_list":["post-5017","page","type-page","status-publish","hentry"],"yoast_head":"<!-- This site is optimized with the Yoast SEO plugin v23.2 - https:\/\/yoast.com\/wordpress\/plugins\/seo\/ -->\n<title>Resources | Mountain Mediation Center | Helpful Links<\/title>\n<meta name=\"description\" content=\"Visit this page to view links to helpful resources and organizations that are designed to provide assistance and mediation information.\" \/>\n<meta name=\"robots\" content=\"index, follow, max-snippet:-1, max-image-preview:large, max-video-preview:-1\" \/>\n<link rel=\"canonical\" href=\"https:\/\/mountainmediationcenter.org\/es\/resources\/\" \/>\n<meta property=\"og:locale\" content=\"es_ES\" \/>\n<meta property=\"og:type\" content=\"article\" \/>\n<meta property=\"og:title\" content=\"Resources | Mountain Mediation Center | Helpful Links\" \/>\n<meta property=\"og:description\" content=\"Visit this page to view links to helpful resources and organizations that are designed to provide assistance and mediation information.\" \/>\n<meta property=\"og:url\" content=\"https:\/\/mountainmediationcenter.org\/es\/resources\/\" \/>\n<meta property=\"og:site_name\" content=\"Mountain Mediation Center\" \/>\n<meta property=\"article:modified_time\" content=\"2025-01-29T21:01:54+00:00\" \/>\n<meta name=\"twitter:card\" content=\"summary_large_image\" \/>\n<meta name=\"twitter:label1\" content=\"Tiempo de lectura\" \/>\n\t<meta name=\"twitter:data1\" content=\"1 minuto\" \/>\n<script type=\"application\/ld+json\" class=\"yoast-schema-graph\">{\"@context\":\"https:\/\/schema.org\",\"@graph\":[{\"@type\":\"WebPage\",\"@id\":\"https:\/\/mountainmediationcenter.org\/resources\/\",\"url\":\"https:\/\/mountainmediationcenter.org\/resources\/\",\"name\":\"Resources | Mountain Mediation Center | Helpful Links\",\"isPartOf\":{\"@id\":\"https:\/\/mountainmediationcenter.org\/#website\"},\"datePublished\":\"2022-01-25T22:10:53+00:00\",\"dateModified\":\"2025-01-29T21:01:54+00:00\",\"description\":\"Visit this page to view links to helpful resources and organizations that are designed to provide assistance and mediation information.\",\"breadcrumb\":{\"@id\":\"https:\/\/mountainmediationcenter.org\/resources\/#breadcrumb\"},\"inLanguage\":\"es\",\"potentialAction\":[{\"@type\":\"ReadAction\",\"target\":[\"https:\/\/mountainmediationcenter.org\/resources\/\"]}]},{\"@type\":\"BreadcrumbList\",\"@id\":\"https:\/\/mountainmediationcenter.org\/resources\/#breadcrumb\",\"itemListElement\":[{\"@type\":\"ListItem\",\"position\":1,\"name\":\"Home\",\"item\":\"https:\/\/mountainmediationcenter.org\/\"},{\"@type\":\"ListItem\",\"position\":2,\"name\":\"Resources\"}]},{\"@type\":\"WebSite\",\"@id\":\"https:\/\/mountainmediationcenter.org\/#website\",\"url\":\"https:\/\/mountainmediationcenter.org\/\",\"name\":\"Mountain Mediation Center\",\"description\":\"Bringing people together to prevent conflict, resolve disputes, and build a more inclusive community.\",\"potentialAction\":[{\"@type\":\"SearchAction\",\"target\":{\"@type\":\"EntryPoint\",\"urlTemplate\":\"https:\/\/mountainmediationcenter.org\/?s={search_term_string}\"},\"query-input\":\"required name=search_term_string\"}],\"inLanguage\":\"es\"}]}<\/script>\n<!-- \/ Yoast SEO plugin. -->","yoast_head_json":{"title":"Resources | Mountain Mediation Center | Helpful Links","description":"Visit this page to view links to helpful resources and organizations that are designed to provide assistance and mediation information.","robots":{"index":"index","follow":"follow","max-snippet":"max-snippet:-1","max-image-preview":"max-image-preview:large","max-video-preview":"max-video-preview:-1"},"canonical":"https:\/\/mountainmediationcenter.org\/es\/resources\/","og_locale":"es_ES","og_type":"article","og_title":"Resources | Mountain Mediation Center | Helpful Links","og_description":"Visit this page to view links to helpful resources and organizations that are designed to provide assistance and mediation information.","og_url":"https:\/\/mountainmediationcenter.org\/es\/resources\/","og_site_name":"Mountain Mediation Center","article_modified_time":"2025-01-29T21:01:54+00:00","twitter_card":"summary_large_image","twitter_misc":{"Tiempo de lectura":"1 minuto"},"schema":{"@context":"https:\/\/schema.org","@graph":[{"@type":"WebPage","@id":"https:\/\/mountainmediationcenter.org\/resources\/","url":"https:\/\/mountainmediationcenter.org\/resources\/","name":"Resources | Mountain Mediation Center | Helpful Links","isPartOf":{"@id":"https:\/\/mountainmediationcenter.org\/#website"},"datePublished":"2022-01-25T22:10:53+00:00","dateModified":"2025-01-29T21:01:54+00:00","description":"Visit this page to view links to helpful resources and organizations that are designed to provide assistance and mediation information.","breadcrumb":{"@id":"https:\/\/mountainmediationcenter.org\/resources\/#breadcrumb"},"inLanguage":"es","potentialAction":[{"@type":"ReadAction","target":["https:\/\/mountainmediationcenter.org\/resources\/"]}]},{"@type":"BreadcrumbList","@id":"https:\/\/mountainmediationcenter.org\/resources\/#breadcrumb","itemListElement":[{"@type":"ListItem","position":1,"name":"Home","item":"https:\/\/mountainmediationcenter.org\/"},{"@type":"ListItem","position":2,"name":"Resources"}]},{"@type":"WebSite","@id":"https:\/\/mountainmediationcenter.org\/#website","url":"https:\/\/mountainmediationcenter.org\/","name":"Mountain Mediation Center","description":"Bringing people together to prevent conflict, resolve disputes, and build a more inclusive community.","potentialAction":[{"@type":"SearchAction","target":{"@type":"EntryPoint","urlTemplate":"https:\/\/mountainmediationcenter.org\/?s={search_term_string}"},"query-input":"required name=search_term_string"}],"inLanguage":"es"}]}},"_links":{"self":[{"href":"https:\/\/mountainmediationcenter.org\/es\/wp-json\/wp\/v2\/pages\/5017","targetHints":{"allow":["GET"]}}],"collection":[{"href":"https:\/\/mountainmediationcenter.org\/es\/wp-json\/wp\/v2\/pages"}],"about":[{"href":"https:\/\/mountainmediationcenter.org\/es\/wp-json\/wp\/v2\/types\/page"}],"author":[{"embeddable":true,"href":"https:\/\/mountainmediationcenter.org\/es\/wp-json\/wp\/v2\/users\/1"}],"replies":[{"embeddable":true,"href":"https:\/\/mountainmediationcenter.org\/es\/wp-json\/wp\/v2\/comments?post=5017"}],"version-history":[{"count":38,"href":"https:\/\/mountainmediationcenter.org\/es\/wp-json\/wp\/v2\/pages\/5017\/revisions"}],"predecessor-version":[{"id":10548,"href":"https:\/\/mountainmediationcenter.org\/es\/wp-json\/wp\/v2\/pages\/5017\/revisions\/10548"}],"wp:attachment":[{"href":"https:\/\/mountainmediationcenter.org\/es\/wp-json\/wp\/v2\/media?parent=5017"}],"curies":[{"name":"wp","href":"https:\/\/api.w.org\/{rel}","templated":true}]}}