{"id":5025,"date":"2022-01-27T19:25:05","date_gmt":"2022-01-27T19:25:05","guid":{"rendered":"https:\/\/mountainmediationcenter.org\/?page_id=5025"},"modified":"2024-11-13T16:38:21","modified_gmt":"2024-11-13T16:38:21","slug":"getting-started-with-mediation","status":"publish","type":"page","link":"https:\/\/mountainmediationcenter.org\/es\/getting-started-with-mediation\/","title":{"rendered":"Introducci\u00f3n a la mediaci\u00f3n"},"content":{"rendered":"<div data-elementor-type=\"wp-page\" data-elementor-id=\"5025\" class=\"elementor elementor-5025\" data-elementor-post-type=\"page\">\n\t\t\t\t\t\t<section class=\"elementor-section elementor-top-section elementor-element elementor-element-70b7c21 elementor-section-boxed elementor-section-height-default elementor-section-height-default\" data-id=\"70b7c21\" data-element_type=\"section\" data-e-type=\"section\" data-settings=\"{&quot;background_background&quot;:&quot;classic&quot;}\">\n\t\t\t\t\t\t\t<div class=\"elementor-background-overlay\"><\/div>\n\t\t\t\t\t\t\t<div class=\"elementor-container elementor-column-gap-default\">\n\t\t\t\t\t<div class=\"elementor-column elementor-col-100 elementor-top-column elementor-element elementor-element-19ff93e\" data-id=\"19ff93e\" data-element_type=\"column\" data-e-type=\"column\">\n\t\t\t<div class=\"elementor-widget-wrap elementor-element-populated\">\n\t\t\t\t\t\t<div class=\"elementor-element elementor-element-1e8a44e elementor-widget elementor-widget-spacer\" data-id=\"1e8a44e\" data-element_type=\"widget\" data-e-type=\"widget\" data-widget_type=\"spacer.default\">\n\t\t\t\t<div class=\"elementor-widget-container\">\n\t\t\t\t\t\t\t<div class=\"elementor-spacer\">\n\t\t\t<div class=\"elementor-spacer-inner\"><\/div>\n\t\t<\/div>\n\t\t\t\t\t\t<\/div>\n\t\t\t\t<\/div>\n\t\t\t\t<section class=\"elementor-section elementor-inner-section elementor-element elementor-element-ed519dd elementor-section-boxed elementor-section-height-default elementor-section-height-default\" data-id=\"ed519dd\" data-element_type=\"section\" data-e-type=\"section\">\n\t\t\t\t\t\t<div class=\"elementor-container elementor-column-gap-default\">\n\t\t\t\t\t<div class=\"elementor-column elementor-col-25 elementor-inner-column elementor-element elementor-element-987040d\" data-id=\"987040d\" data-element_type=\"column\" data-e-type=\"column\">\n\t\t\t<div class=\"elementor-widget-wrap\">\n\t\t\t\t\t\t\t<\/div>\n\t\t<\/div>\n\t\t\t\t<div class=\"elementor-column elementor-col-25 elementor-inner-column elementor-element elementor-element-b44b6b8\" data-id=\"b44b6b8\" data-element_type=\"column\" data-e-type=\"column\">\n\t\t\t<div class=\"elementor-widget-wrap elementor-element-populated\">\n\t\t\t\t\t\t<div class=\"elementor-element elementor-element-81da655 elementor-widget elementor-widget-heading\" data-id=\"81da655\" data-element_type=\"widget\" data-e-type=\"widget\" data-widget_type=\"heading.default\">\n\t\t\t\t<div class=\"elementor-widget-container\">\n\t\t\t\t\t<h2 class=\"elementor-heading-title elementor-size-default\">Empezando <\/h2>\t\t\t\t<\/div>\n\t\t\t\t<\/div>\n\t\t\t\t\t<\/div>\n\t\t<\/div>\n\t\t\t\t<div class=\"elementor-column elementor-col-25 elementor-inner-column elementor-element elementor-element-414940e\" data-id=\"414940e\" data-element_type=\"column\" data-e-type=\"column\">\n\t\t\t<div class=\"elementor-widget-wrap\">\n\t\t\t\t\t\t\t<\/div>\n\t\t<\/div>\n\t\t\t\t<div class=\"elementor-column elementor-col-25 elementor-inner-column elementor-element elementor-element-38d55bf\" data-id=\"38d55bf\" data-element_type=\"column\" data-e-type=\"column\">\n\t\t\t<div class=\"elementor-widget-wrap\">\n\t\t\t\t\t\t\t<\/div>\n\t\t<\/div>\n\t\t\t\t\t<\/div>\n\t\t<\/section>\n\t\t\t\t<div class=\"elementor-element elementor-element-68f6b02 elementor-widget elementor-widget-spacer\" data-id=\"68f6b02\" data-element_type=\"widget\" data-e-type=\"widget\" data-widget_type=\"spacer.default\">\n\t\t\t\t<div class=\"elementor-widget-container\">\n\t\t\t\t\t\t\t<div class=\"elementor-spacer\">\n\t\t\t<div class=\"elementor-spacer-inner\"><\/div>\n\t\t<\/div>\n\t\t\t\t\t\t<\/div>\n\t\t\t\t<\/div>\n\t\t\t\t\t<\/div>\n\t\t<\/div>\n\t\t\t\t\t<\/div>\n\t\t<\/section>\n\t\t\t\t<section class=\"elementor-section elementor-top-section elementor-element elementor-element-b718091 elementor-section-boxed elementor-section-height-default elementor-section-height-default\" data-id=\"b718091\" data-element_type=\"section\" data-e-type=\"section\">\n\t\t\t\t\t\t<div class=\"elementor-container elementor-column-gap-default\">\n\t\t\t\t\t<div class=\"elementor-column elementor-col-100 elementor-top-column elementor-element elementor-element-205416b\" data-id=\"205416b\" data-element_type=\"column\" data-e-type=\"column\">\n\t\t\t<div class=\"elementor-widget-wrap elementor-element-populated\">\n\t\t\t\t\t\t<div class=\"elementor-element elementor-element-f4df64c elementor-widget elementor-widget-text-editor\" data-id=\"f4df64c\" data-element_type=\"widget\" data-e-type=\"widget\" data-widget_type=\"text-editor.default\">\n\t\t\t\t<div class=\"elementor-widget-container\">\n\t\t\t\t\t\t\t\t\t<h1 class=\"title td-left\">Comenzando con la meditaci\u00f3n<\/h1><div class=\"smalltext\">La mediaci\u00f3n es un gran primer paso hacia <a href=\"https:\/\/mountainmediationcenter.org\/es\/mediation-faq\/\">resoluci\u00f3n<\/a>.<\/div>\t\t\t\t\t\t\t\t<\/div>\n\t\t\t\t<\/div>\n\t\t\t\t<section class=\"elementor-section elementor-inner-section elementor-element elementor-element-87745a8 elementor-section-boxed elementor-section-height-default elementor-section-height-default\" data-id=\"87745a8\" data-element_type=\"section\" data-e-type=\"section\">\n\t\t\t\t\t\t<div class=\"elementor-container elementor-column-gap-default\">\n\t\t\t\t\t<div class=\"elementor-column elementor-col-50 elementor-inner-column elementor-element elementor-element-115dc75\" data-id=\"115dc75\" data-element_type=\"column\" data-e-type=\"column\">\n\t\t\t<div class=\"elementor-widget-wrap elementor-element-populated\">\n\t\t\t\t\t\t<div class=\"elementor-element elementor-element-4b0d95a elementor-widget elementor-widget-text-editor\" data-id=\"4b0d95a\" data-element_type=\"widget\" data-e-type=\"widget\" data-widget_type=\"text-editor.default\">\n\t\t\t\t<div class=\"elementor-widget-container\">\n\t\t\t\t\t\t\t\t\t<p><span style=\"font-weight: 400;\">Para prepararse para la mediaci\u00f3n, considere los temas que deben resolverse y discutirse, incluido lo que desea que se logre durante el proceso. No dude en aportar cualquier informaci\u00f3n factual que considere relevante para el tema.  Por ejemplo, en las mediaciones de divorcio, los temas pueden incluir un inventario y valoraci\u00f3n de activos y deudas, cuentas bancarias, de acciones y\/o de jubilaci\u00f3n, beneficios de ingresos y empleo, manutenci\u00f3n del c\u00f3nyuge y cuestiones de paternidad. Los documentos que se deben llevar para respaldar cualquier discusi\u00f3n pueden incluir calendarios\/horarios de trabajo, recibos de pago m\u00e1s recientes, declaraci\u00f3n de impuestos del a\u00f1o pasado, extractos de jubilaci\u00f3n, corretaje y tarjetas de cr\u00e9dito m\u00e1s recientes, tasaciones de activos y deudas familiares y un presupuesto de gastos de manutenci\u00f3n mensuales. .\u00a0\u00a0<\/span><\/p>\t\t\t\t\t\t\t\t<\/div>\n\t\t\t\t<\/div>\n\t\t\t\t\t<\/div>\n\t\t<\/div>\n\t\t\t\t<div class=\"elementor-column elementor-col-50 elementor-inner-column elementor-element elementor-element-775b2dc\" data-id=\"775b2dc\" data-element_type=\"column\" data-e-type=\"column\">\n\t\t\t<div class=\"elementor-widget-wrap elementor-element-populated\">\n\t\t\t\t\t\t<div class=\"elementor-element elementor-element-65590e9 elementor-widget elementor-widget-image\" data-id=\"65590e9\" data-element_type=\"widget\" data-e-type=\"widget\" data-widget_type=\"image.default\">\n\t\t\t\t<div class=\"elementor-widget-container\">\n\t\t\t\t\t\t\t\t\t\t\t\t\t\t\t<img fetchpriority=\"high\" decoding=\"async\" width=\"640\" height=\"427\" src=\"https:\/\/mountainmediationcenter.org\/wp-content\/uploads\/2022\/01\/getting-started-mediation-utah.jpg\" class=\"attachment-full size-full wp-image-5041\" alt=\"getting-started-mediation-utah\" srcset=\"https:\/\/mountainmediationcenter.org\/wp-content\/uploads\/2022\/01\/getting-started-mediation-utah.jpg 640w, https:\/\/mountainmediationcenter.org\/wp-content\/uploads\/2022\/01\/getting-started-mediation-utah-300x200.jpg 300w\" sizes=\"(max-width: 640px) 100vw, 640px\" \/>\t\t\t\t\t\t\t\t\t\t\t\t\t\t\t<\/div>\n\t\t\t\t<\/div>\n\t\t\t\t\t<\/div>\n\t\t<\/div>\n\t\t\t\t\t<\/div>\n\t\t<\/section>\n\t\t\t\t\t<\/div>\n\t\t<\/div>\n\t\t\t\t\t<\/div>\n\t\t<\/section>\n\t\t\t\t<section class=\"elementor-section elementor-top-section elementor-element elementor-element-8df3aff elementor-section-boxed elementor-section-height-default elementor-section-height-default\" data-id=\"8df3aff\" data-element_type=\"section\" data-e-type=\"section\">\n\t\t\t\t\t\t<div class=\"elementor-container elementor-column-gap-default\">\n\t\t\t\t\t<div class=\"elementor-column elementor-col-100 elementor-top-column elementor-element elementor-element-58f7333\" data-id=\"58f7333\" data-element_type=\"column\" data-e-type=\"column\">\n\t\t\t<div class=\"elementor-widget-wrap elementor-element-populated\">\n\t\t\t\t\t\t<div class=\"elementor-element elementor-element-e4a3853 elementor-align-center elementor-widget elementor-widget-button\" data-id=\"e4a3853\" data-element_type=\"widget\" data-e-type=\"widget\" data-widget_type=\"button.default\">\n\t\t\t\t<div class=\"elementor-widget-container\">\n\t\t\t\t\t\t\t\t\t<div class=\"elementor-button-wrapper\">\n\t\t\t\t\t<a class=\"elementor-button elementor-button-link elementor-size-lg\" href=\"https:\/\/mountainmediationcenter.org\/es\/intake-form\/\">\n\t\t\t\t\t\t<span class=\"elementor-button-content-wrapper\">\n\t\t\t\t\t\t\t\t\t<span class=\"elementor-button-text\">Formulario de admisi\u00f3n<\/span>\n\t\t\t\t\t<\/span>\n\t\t\t\t\t<\/a>\n\t\t\t\t<\/div>\n\t\t\t\t\t\t\t\t<\/div>\n\t\t\t\t<\/div>\n\t\t\t\t\t<\/div>\n\t\t<\/div>\n\t\t\t\t\t<\/div>\n\t\t<\/section>\n\t\t\t\t<\/div>","protected":false},"excerpt":{"rendered":"<p>Primeros pasos C\u00f3mo empezar con la meditaci\u00f3n La meditaci\u00f3n es un gran primer paso hacia la resoluci\u00f3n de un problema. Para prepararse para la mediaci\u00f3n, piense en los temas que deben resolverse y discutirse, incluido lo que desea lograr durante el proceso. No dude en traer cualquier informaci\u00f3n objetiva que considere que pueda ser relevante para el tema. [\u2026]<\/p>","protected":false},"author":1,"featured_media":0,"parent":0,"menu_order":0,"comment_status":"closed","ping_status":"closed","template":"elementor_header_footer","meta":{"footnotes":""},"class_list":["post-5025","page","type-page","status-publish","hentry"],"yoast_head":"<!-- This site is optimized with the Yoast SEO plugin v23.2 - https:\/\/yoast.com\/wordpress\/plugins\/seo\/ -->\n<title>Getting Started With Mediation | Mountain Mediation Center | Utah<\/title>\n<meta name=\"description\" content=\"To prepare for mediation, consider the topics that need to be settled and discussed, including what you want to see accomplished during the process. Feel free to bring any factual information that you feel may be relevant to the topic.\" \/>\n<meta name=\"robots\" content=\"index, follow, max-snippet:-1, max-image-preview:large, max-video-preview:-1\" \/>\n<link rel=\"canonical\" href=\"https:\/\/mountainmediationcenter.org\/es\/getting-started-with-mediation\/\" \/>\n<meta property=\"og:locale\" content=\"es_ES\" \/>\n<meta property=\"og:type\" content=\"article\" \/>\n<meta property=\"og:title\" content=\"Getting Started With Mediation | Mountain Mediation Center | Utah\" \/>\n<meta property=\"og:description\" content=\"To prepare for mediation, consider the topics that need to be settled and discussed, including what you want to see accomplished during the process. Feel free to bring any factual information that you feel may be relevant to the topic.\" \/>\n<meta property=\"og:url\" content=\"https:\/\/mountainmediationcenter.org\/es\/getting-started-with-mediation\/\" \/>\n<meta property=\"og:site_name\" content=\"Mountain Mediation Center\" \/>\n<meta property=\"article:modified_time\" content=\"2024-11-13T16:38:21+00:00\" \/>\n<meta property=\"og:image\" content=\"https:\/\/mountainmediationcenter.org\/wp-content\/uploads\/2022\/01\/getting-started-mediation-utah.jpg\" \/>\n<meta name=\"twitter:card\" content=\"summary_large_image\" \/>\n<meta name=\"twitter:label1\" content=\"Tiempo de lectura\" \/>\n\t<meta name=\"twitter:data1\" content=\"1 minuto\" \/>\n<script type=\"application\/ld+json\" class=\"yoast-schema-graph\">{\"@context\":\"https:\/\/schema.org\",\"@graph\":[{\"@type\":\"WebPage\",\"@id\":\"https:\/\/mountainmediationcenter.org\/getting-started-with-mediation\/\",\"url\":\"https:\/\/mountainmediationcenter.org\/getting-started-with-mediation\/\",\"name\":\"Getting Started With Mediation | Mountain Mediation Center | Utah\",\"isPartOf\":{\"@id\":\"https:\/\/mountainmediationcenter.org\/#website\"},\"primaryImageOfPage\":{\"@id\":\"https:\/\/mountainmediationcenter.org\/getting-started-with-mediation\/#primaryimage\"},\"image\":{\"@id\":\"https:\/\/mountainmediationcenter.org\/getting-started-with-mediation\/#primaryimage\"},\"thumbnailUrl\":\"https:\/\/mountainmediationcenter.org\/wp-content\/uploads\/2022\/01\/getting-started-mediation-utah.jpg\",\"datePublished\":\"2022-01-27T19:25:05+00:00\",\"dateModified\":\"2024-11-13T16:38:21+00:00\",\"description\":\"To prepare for mediation, consider the topics that need to be settled and discussed, including what you want to see accomplished during the process. Feel free to bring any factual information that you feel may be relevant to the topic.\",\"breadcrumb\":{\"@id\":\"https:\/\/mountainmediationcenter.org\/getting-started-with-mediation\/#breadcrumb\"},\"inLanguage\":\"es\",\"potentialAction\":[{\"@type\":\"ReadAction\",\"target\":[\"https:\/\/mountainmediationcenter.org\/getting-started-with-mediation\/\"]}]},{\"@type\":\"ImageObject\",\"inLanguage\":\"es\",\"@id\":\"https:\/\/mountainmediationcenter.org\/getting-started-with-mediation\/#primaryimage\",\"url\":\"https:\/\/mountainmediationcenter.org\/wp-content\/uploads\/2022\/01\/getting-started-mediation-utah.jpg\",\"contentUrl\":\"https:\/\/mountainmediationcenter.org\/wp-content\/uploads\/2022\/01\/getting-started-mediation-utah.jpg\"},{\"@type\":\"BreadcrumbList\",\"@id\":\"https:\/\/mountainmediationcenter.org\/getting-started-with-mediation\/#breadcrumb\",\"itemListElement\":[{\"@type\":\"ListItem\",\"position\":1,\"name\":\"Home\",\"item\":\"https:\/\/mountainmediationcenter.org\/\"},{\"@type\":\"ListItem\",\"position\":2,\"name\":\"Getting Started With Mediation\"}]},{\"@type\":\"WebSite\",\"@id\":\"https:\/\/mountainmediationcenter.org\/#website\",\"url\":\"https:\/\/mountainmediationcenter.org\/\",\"name\":\"Mountain Mediation Center\",\"description\":\"Bringing people together to prevent conflict, resolve disputes, and build a more inclusive community.\",\"potentialAction\":[{\"@type\":\"SearchAction\",\"target\":{\"@type\":\"EntryPoint\",\"urlTemplate\":\"https:\/\/mountainmediationcenter.org\/?s={search_term_string}\"},\"query-input\":\"required name=search_term_string\"}],\"inLanguage\":\"es\"}]}<\/script>\n<!-- \/ Yoast SEO plugin. -->","yoast_head_json":{"title":"Getting Started With Mediation | Mountain Mediation Center | Utah","description":"To prepare for mediation, consider the topics that need to be settled and discussed, including what you want to see accomplished during the process. Feel free to bring any factual information that you feel may be relevant to the topic.","robots":{"index":"index","follow":"follow","max-snippet":"max-snippet:-1","max-image-preview":"max-image-preview:large","max-video-preview":"max-video-preview:-1"},"canonical":"https:\/\/mountainmediationcenter.org\/es\/getting-started-with-mediation\/","og_locale":"es_ES","og_type":"article","og_title":"Getting Started With Mediation | Mountain Mediation Center | Utah","og_description":"To prepare for mediation, consider the topics that need to be settled and discussed, including what you want to see accomplished during the process. Feel free to bring any factual information that you feel may be relevant to the topic.","og_url":"https:\/\/mountainmediationcenter.org\/es\/getting-started-with-mediation\/","og_site_name":"Mountain Mediation Center","article_modified_time":"2024-11-13T16:38:21+00:00","og_image":[{"url":"https:\/\/mountainmediationcenter.org\/wp-content\/uploads\/2022\/01\/getting-started-mediation-utah.jpg"}],"twitter_card":"summary_large_image","twitter_misc":{"Tiempo de lectura":"1 minuto"},"schema":{"@context":"https:\/\/schema.org","@graph":[{"@type":"WebPage","@id":"https:\/\/mountainmediationcenter.org\/getting-started-with-mediation\/","url":"https:\/\/mountainmediationcenter.org\/getting-started-with-mediation\/","name":"Getting Started With Mediation | Mountain Mediation Center | Utah","isPartOf":{"@id":"https:\/\/mountainmediationcenter.org\/#website"},"primaryImageOfPage":{"@id":"https:\/\/mountainmediationcenter.org\/getting-started-with-mediation\/#primaryimage"},"image":{"@id":"https:\/\/mountainmediationcenter.org\/getting-started-with-mediation\/#primaryimage"},"thumbnailUrl":"https:\/\/mountainmediationcenter.org\/wp-content\/uploads\/2022\/01\/getting-started-mediation-utah.jpg","datePublished":"2022-01-27T19:25:05+00:00","dateModified":"2024-11-13T16:38:21+00:00","description":"To prepare for mediation, consider the topics that need to be settled and discussed, including what you want to see accomplished during the process. Feel free to bring any factual information that you feel may be relevant to the topic.","breadcrumb":{"@id":"https:\/\/mountainmediationcenter.org\/getting-started-with-mediation\/#breadcrumb"},"inLanguage":"es","potentialAction":[{"@type":"ReadAction","target":["https:\/\/mountainmediationcenter.org\/getting-started-with-mediation\/"]}]},{"@type":"ImageObject","inLanguage":"es","@id":"https:\/\/mountainmediationcenter.org\/getting-started-with-mediation\/#primaryimage","url":"https:\/\/mountainmediationcenter.org\/wp-content\/uploads\/2022\/01\/getting-started-mediation-utah.jpg","contentUrl":"https:\/\/mountainmediationcenter.org\/wp-content\/uploads\/2022\/01\/getting-started-mediation-utah.jpg"},{"@type":"BreadcrumbList","@id":"https:\/\/mountainmediationcenter.org\/getting-started-with-mediation\/#breadcrumb","itemListElement":[{"@type":"ListItem","position":1,"name":"Home","item":"https:\/\/mountainmediationcenter.org\/"},{"@type":"ListItem","position":2,"name":"Getting Started With Mediation"}]},{"@type":"WebSite","@id":"https:\/\/mountainmediationcenter.org\/#website","url":"https:\/\/mountainmediationcenter.org\/","name":"Mountain Mediation Center","description":"Bringing people together to prevent conflict, resolve disputes, and build a more inclusive community.","potentialAction":[{"@type":"SearchAction","target":{"@type":"EntryPoint","urlTemplate":"https:\/\/mountainmediationcenter.org\/?s={search_term_string}"},"query-input":"required name=search_term_string"}],"inLanguage":"es"}]}},"_links":{"self":[{"href":"https:\/\/mountainmediationcenter.org\/es\/wp-json\/wp\/v2\/pages\/5025","targetHints":{"allow":["GET"]}}],"collection":[{"href":"https:\/\/mountainmediationcenter.org\/es\/wp-json\/wp\/v2\/pages"}],"about":[{"href":"https:\/\/mountainmediationcenter.org\/es\/wp-json\/wp\/v2\/types\/page"}],"author":[{"embeddable":true,"href":"https:\/\/mountainmediationcenter.org\/es\/wp-json\/wp\/v2\/users\/1"}],"replies":[{"embeddable":true,"href":"https:\/\/mountainmediationcenter.org\/es\/wp-json\/wp\/v2\/comments?post=5025"}],"version-history":[{"count":58,"href":"https:\/\/mountainmediationcenter.org\/es\/wp-json\/wp\/v2\/pages\/5025\/revisions"}],"predecessor-version":[{"id":10286,"href":"https:\/\/mountainmediationcenter.org\/es\/wp-json\/wp\/v2\/pages\/5025\/revisions\/10286"}],"wp:attachment":[{"href":"https:\/\/mountainmediationcenter.org\/es\/wp-json\/wp\/v2\/media?parent=5025"}],"curies":[{"name":"wp","href":"https:\/\/api.w.org\/{rel}","templated":true}]}}