{"id":5494,"date":"2022-02-09T00:53:36","date_gmt":"2022-02-09T00:53:36","guid":{"rendered":"https:\/\/mountainmediationcenter.org\/?page_id=5494"},"modified":"2022-08-16T19:14:39","modified_gmt":"2022-08-16T19:14:39","slug":"servicios-de-mediacion","status":"publish","type":"page","link":"https:\/\/mountainmediationcenter.org\/es\/servicios-de-mediacion\/","title":{"rendered":"Servicios de mediaci\u00f3n"},"content":{"rendered":"<div data-elementor-type=\"wp-page\" data-elementor-id=\"5494\" class=\"elementor elementor-5494\" data-elementor-post-type=\"page\">\n\t\t\t\t\t\t<section class=\"elementor-section elementor-top-section elementor-element elementor-element-94aa11e elementor-section-boxed elementor-section-height-default elementor-section-height-default\" data-id=\"94aa11e\" data-element_type=\"section\" data-e-type=\"section\" data-settings=\"{&quot;background_background&quot;:&quot;classic&quot;}\">\n\t\t\t\t\t\t\t<div class=\"elementor-background-overlay\"><\/div>\n\t\t\t\t\t\t\t<div class=\"elementor-container elementor-column-gap-default\">\n\t\t\t\t\t<div class=\"elementor-column elementor-col-100 elementor-top-column elementor-element elementor-element-002cc50\" data-id=\"002cc50\" data-element_type=\"column\" data-e-type=\"column\">\n\t\t\t<div class=\"elementor-widget-wrap elementor-element-populated\">\n\t\t\t\t\t\t<div class=\"elementor-element elementor-element-2f6d417 elementor-widget elementor-widget-spacer\" data-id=\"2f6d417\" data-element_type=\"widget\" data-e-type=\"widget\" data-widget_type=\"spacer.default\">\n\t\t\t\t<div class=\"elementor-widget-container\">\n\t\t\t\t\t\t\t<div class=\"elementor-spacer\">\n\t\t\t<div class=\"elementor-spacer-inner\"><\/div>\n\t\t<\/div>\n\t\t\t\t\t\t<\/div>\n\t\t\t\t<\/div>\n\t\t\t\t<section class=\"elementor-section elementor-inner-section elementor-element elementor-element-f49787b elementor-section-boxed elementor-section-height-default elementor-section-height-default\" data-id=\"f49787b\" data-element_type=\"section\" data-e-type=\"section\">\n\t\t\t\t\t\t<div class=\"elementor-container elementor-column-gap-default\">\n\t\t\t\t\t<div class=\"elementor-column elementor-col-25 elementor-inner-column elementor-element elementor-element-fb38904\" data-id=\"fb38904\" data-element_type=\"column\" data-e-type=\"column\">\n\t\t\t<div class=\"elementor-widget-wrap\">\n\t\t\t\t\t\t\t<\/div>\n\t\t<\/div>\n\t\t\t\t<div class=\"elementor-column elementor-col-25 elementor-inner-column elementor-element elementor-element-78dd6ae\" data-id=\"78dd6ae\" data-element_type=\"column\" data-e-type=\"column\">\n\t\t\t<div class=\"elementor-widget-wrap elementor-element-populated\">\n\t\t\t\t\t\t<div class=\"elementor-element elementor-element-2583474 elementor-widget elementor-widget-heading\" data-id=\"2583474\" data-element_type=\"widget\" data-e-type=\"widget\" data-widget_type=\"heading.default\">\n\t\t\t\t<div class=\"elementor-widget-container\">\n\t\t\t\t\t<h2 class=\"elementor-heading-title elementor-size-default\">Servicios de mediaci\u00f3n<\/h2>\t\t\t\t<\/div>\n\t\t\t\t<\/div>\n\t\t\t\t<div class=\"elementor-element elementor-element-ee99213 elementor-widget elementor-widget-text-editor\" data-id=\"ee99213\" data-element_type=\"widget\" data-e-type=\"widget\" data-widget_type=\"text-editor.default\">\n\t\t\t\t<div class=\"elementor-widget-container\">\n\t\t\t\t\t\t\t\t\t<p>La mediaci\u00f3n ofrece resoluci\u00f3n de problemas para muchas situaciones en un hogar o comunidad.<\/p>\t\t\t\t\t\t\t\t<\/div>\n\t\t\t\t<\/div>\n\t\t\t\t\t<\/div>\n\t\t<\/div>\n\t\t\t\t<div class=\"elementor-column elementor-col-25 elementor-inner-column elementor-element elementor-element-5ddbac0\" data-id=\"5ddbac0\" data-element_type=\"column\" data-e-type=\"column\">\n\t\t\t<div class=\"elementor-widget-wrap\">\n\t\t\t\t\t\t\t<\/div>\n\t\t<\/div>\n\t\t\t\t<div class=\"elementor-column elementor-col-25 elementor-inner-column elementor-element elementor-element-5d592c4\" data-id=\"5d592c4\" data-element_type=\"column\" data-e-type=\"column\">\n\t\t\t<div class=\"elementor-widget-wrap\">\n\t\t\t\t\t\t\t<\/div>\n\t\t<\/div>\n\t\t\t\t\t<\/div>\n\t\t<\/section>\n\t\t\t\t<div class=\"elementor-element elementor-element-75bdf6e elementor-widget elementor-widget-spacer\" data-id=\"75bdf6e\" data-element_type=\"widget\" data-e-type=\"widget\" data-widget_type=\"spacer.default\">\n\t\t\t\t<div class=\"elementor-widget-container\">\n\t\t\t\t\t\t\t<div class=\"elementor-spacer\">\n\t\t\t<div class=\"elementor-spacer-inner\"><\/div>\n\t\t<\/div>\n\t\t\t\t\t\t<\/div>\n\t\t\t\t<\/div>\n\t\t\t\t\t<\/div>\n\t\t<\/div>\n\t\t\t\t\t<\/div>\n\t\t<\/section>\n\t\t\t\t<section class=\"elementor-section elementor-top-section elementor-element elementor-element-1bd28e8 elementor-section-content-middle elementor-section-boxed elementor-section-height-default elementor-section-height-default\" data-id=\"1bd28e8\" data-element_type=\"section\" data-e-type=\"section\">\n\t\t\t\t\t\t<div class=\"elementor-container elementor-column-gap-default\">\n\t\t\t\t\t<div class=\"elementor-column elementor-col-100 elementor-top-column elementor-element elementor-element-5927d8d\" data-id=\"5927d8d\" data-element_type=\"column\" data-e-type=\"column\">\n\t\t\t<div class=\"elementor-widget-wrap elementor-element-populated\">\n\t\t\t\t\t\t<section class=\"elementor-section elementor-inner-section elementor-element elementor-element-6d65185 elementor-section-content-middle elementor-section-boxed elementor-section-height-default elementor-section-height-default\" data-id=\"6d65185\" data-element_type=\"section\" data-e-type=\"section\">\n\t\t\t\t\t\t<div class=\"elementor-container elementor-column-gap-default\">\n\t\t\t\t\t<div class=\"elementor-column elementor-col-50 elementor-inner-column elementor-element elementor-element-98d67b5\" data-id=\"98d67b5\" data-element_type=\"column\" data-e-type=\"column\">\n\t\t\t<div class=\"elementor-widget-wrap elementor-element-populated\">\n\t\t\t\t\t\t<div class=\"elementor-element elementor-element-c9fb667 elementor-widget elementor-widget-image\" data-id=\"c9fb667\" data-element_type=\"widget\" data-e-type=\"widget\" data-widget_type=\"image.default\">\n\t\t\t\t<div class=\"elementor-widget-container\">\n\t\t\t\t\t\t\t\t\t\t\t\t\t\t\t<img fetchpriority=\"high\" decoding=\"async\" width=\"514\" height=\"582\" src=\"https:\/\/mountainmediationcenter.org\/wp-content\/uploads\/2022\/02\/about-us-mountain-mediation-2.png\" class=\"attachment-full size-full wp-image-5273\" alt=\"\" srcset=\"https:\/\/mountainmediationcenter.org\/wp-content\/uploads\/2022\/02\/about-us-mountain-mediation-2.png 514w, https:\/\/mountainmediationcenter.org\/wp-content\/uploads\/2022\/02\/about-us-mountain-mediation-2-265x300.png 265w\" sizes=\"(max-width: 514px) 100vw, 514px\" \/>\t\t\t\t\t\t\t\t\t\t\t\t\t\t\t<\/div>\n\t\t\t\t<\/div>\n\t\t\t\t\t<\/div>\n\t\t<\/div>\n\t\t\t\t<div class=\"elementor-column elementor-col-50 elementor-inner-column elementor-element elementor-element-6940267\" data-id=\"6940267\" data-element_type=\"column\" data-e-type=\"column\">\n\t\t\t<div class=\"elementor-widget-wrap elementor-element-populated\">\n\t\t\t\t\t\t<div class=\"elementor-element elementor-element-2872eb1 elementor-widget elementor-widget-text-editor\" data-id=\"2872eb1\" data-element_type=\"widget\" data-e-type=\"widget\" data-widget_type=\"text-editor.default\">\n\t\t\t\t<div class=\"elementor-widget-container\">\n\t\t\t\t\t\t\t\t\t<h2 class=\"subtitle td-left\">\u00bfQu\u00e9 es la mediaci\u00f3n?<\/h2>\t\t\t\t\t\t\t\t<\/div>\n\t\t\t\t<\/div>\n\t\t\t\t<div class=\"elementor-element elementor-element-188b24b elementor-widget elementor-widget-text-editor\" data-id=\"188b24b\" data-element_type=\"widget\" data-e-type=\"widget\" data-widget_type=\"text-editor.default\">\n\t\t\t\t<div class=\"elementor-widget-container\">\n\t\t\t\t\t\t\t\t\t<p>La mediaci\u00f3n es un proceso en el que los involucrados en una disputa se re\u00fanen con una persona neutral, el mediador, que ayudar\u00e1 a facilitar un di\u00e1logo para trabajar juntos para resolver el conflicto. En la mediaci\u00f3n, cada lado cuenta su historia y juntos, con la ayuda del mediador, crean un acuerdo para satisfacer sus necesidades. El mediador no toma decisiones. Las investigaciones indican que es m\u00e1s probable que los participantes en la mediaci\u00f3n cumplan con los acuerdos, ya que han participado activamente en la creaci\u00f3n del acuerdo. La mediaci\u00f3n es voluntaria y confidencial.<\/p>\t\t\t\t\t\t\t\t<\/div>\n\t\t\t\t<\/div>\n\t\t\t\t<div class=\"elementor-element elementor-element-8d33b42 elementor-widget elementor-widget-spacer\" data-id=\"8d33b42\" data-element_type=\"widget\" data-e-type=\"widget\" data-widget_type=\"spacer.default\">\n\t\t\t\t<div class=\"elementor-widget-container\">\n\t\t\t\t\t\t\t<div class=\"elementor-spacer\">\n\t\t\t<div class=\"elementor-spacer-inner\"><\/div>\n\t\t<\/div>\n\t\t\t\t\t\t<\/div>\n\t\t\t\t<\/div>\n\t\t\t\t\t<\/div>\n\t\t<\/div>\n\t\t\t\t\t<\/div>\n\t\t<\/section>\n\t\t\t\t\t<\/div>\n\t\t<\/div>\n\t\t\t\t\t<\/div>\n\t\t<\/section>\n\t\t\t\t<section class=\"elementor-section elementor-top-section elementor-element elementor-element-c02afe9 elementor-section-boxed elementor-section-height-default elementor-section-height-default\" data-id=\"c02afe9\" data-element_type=\"section\" data-e-type=\"section\">\n\t\t\t\t\t\t<div class=\"elementor-container elementor-column-gap-default\">\n\t\t\t\t\t<div class=\"elementor-column elementor-col-100 elementor-top-column elementor-element elementor-element-6577490\" data-id=\"6577490\" data-element_type=\"column\" data-e-type=\"column\">\n\t\t\t<div class=\"elementor-widget-wrap elementor-element-populated\">\n\t\t\t\t\t\t<div class=\"elementor-element elementor-element-31552d2 elementor-widget elementor-widget-spacer\" data-id=\"31552d2\" data-element_type=\"widget\" data-e-type=\"widget\" data-widget_type=\"spacer.default\">\n\t\t\t\t<div class=\"elementor-widget-container\">\n\t\t\t\t\t\t\t<div class=\"elementor-spacer\">\n\t\t\t<div class=\"elementor-spacer-inner\"><\/div>\n\t\t<\/div>\n\t\t\t\t\t\t<\/div>\n\t\t\t\t<\/div>\n\t\t\t\t<div class=\"elementor-element elementor-element-77d02fe elementor-widget elementor-widget-text-editor\" data-id=\"77d02fe\" data-element_type=\"widget\" data-e-type=\"widget\" data-widget_type=\"text-editor.default\">\n\t\t\t\t<div class=\"elementor-widget-container\">\n\t\t\t\t\t\t\t\t\t<h2 class=\"subtitle td-left\">\u00bfCu\u00e1ndo es \u00fatil la mediaci\u00f3n?<\/h2>\t\t\t\t\t\t\t\t<\/div>\n\t\t\t\t<\/div>\n\t\t\t\t<div class=\"elementor-element elementor-element-4751d49 elementor-widget elementor-widget-text-editor\" data-id=\"4751d49\" data-element_type=\"widget\" data-e-type=\"widget\" data-widget_type=\"text-editor.default\">\n\t\t\t\t<div class=\"elementor-widget-container\">\n\t\t\t\t\t\t\t\t\t<p>Brindamos servicios de mediaci\u00f3n en las siguientes \u00e1reas:<\/p>\t\t\t\t\t\t\t\t<\/div>\n\t\t\t\t<\/div>\n\t\t\t\t<section class=\"elementor-section elementor-inner-section elementor-element elementor-element-d110437 elementor-section-boxed elementor-section-height-default elementor-section-height-default\" data-id=\"d110437\" data-element_type=\"section\" data-e-type=\"section\">\n\t\t\t\t\t\t<div class=\"elementor-container elementor-column-gap-default\">\n\t\t\t\t\t<div class=\"elementor-column elementor-col-50 elementor-inner-column elementor-element elementor-element-a7603ab\" data-id=\"a7603ab\" data-element_type=\"column\" data-e-type=\"column\">\n\t\t\t<div class=\"elementor-widget-wrap elementor-element-populated\">\n\t\t\t\t\t\t<div class=\"elementor-element elementor-element-6c6a503 elementor-widget elementor-widget-text-editor\" data-id=\"6c6a503\" data-element_type=\"widget\" data-e-type=\"widget\" data-widget_type=\"text-editor.default\">\n\t\t\t\t<div class=\"elementor-widget-container\">\n\t\t\t\t\t\t\t\t\t<ul><li><strong>Negocios y asuntos comerciales<\/strong><br \/>Disputas laborales, conflictos y quejas de compa\u00f1eros de trabajo, disputas entre socios de negocios, quejas de clientes, disputas de proveedores, acoso \/ discriminaci\u00f3n, bienes ra\u00edces<\/li><\/ul><ul class=\"list\"><li><strong>Divorcio y asuntos dom\u00e9sticos<\/strong><br \/>Acuerdos de separaci\u00f3n, divorcios y modificaciones de \u00f3rdenes de divorcio, cuestiones de custodia y copaternidad, acuerdos de convivencia<\/li><li><strong>Problemas de ancianos<\/strong><br \/>Planificaci\u00f3n para el cuidado de ancianos, sucesiones, toma de decisiones al final de la vida.<\/li><li><strong>Disputas familiares<\/strong><br \/>Disputas entre hermanos, propiedad conjunta, planificaci\u00f3n de vacaciones \/ eventos<\/li><li><strong>Arrendador y Inquilino<\/strong><br \/>Atrasos o falta de pago del alquiler, reparaciones, devoluci\u00f3n del dep\u00f3sito de seguridad \/ da\u00f1os, incumplimiento de los contratos de arrendamiento, desalojo, disputas con compa\u00f1eros<\/li><\/ul>\t\t\t\t\t\t\t\t<\/div>\n\t\t\t\t<\/div>\n\t\t\t\t<div class=\"elementor-element elementor-element-e33b95a elementor-align-center elementor-widget elementor-widget-button\" data-id=\"e33b95a\" data-element_type=\"widget\" data-e-type=\"widget\" data-widget_type=\"button.default\">\n\t\t\t\t<div class=\"elementor-widget-container\">\n\t\t\t\t\t\t\t\t\t<div class=\"elementor-button-wrapper\">\n\t\t\t\t\t<a class=\"elementor-button elementor-button-link elementor-size-md\" href=\"#\">\n\t\t\t\t\t\t<span class=\"elementor-button-content-wrapper\">\n\t\t\t\t\t\t<span class=\"elementor-button-icon\">\n\t\t\t\t<i aria-hidden=\"true\" class=\"ico ico-right-arrow\"><\/i>\t\t\t<\/span>\n\t\t\t\t\t\t\t\t\t<span class=\"elementor-button-text\">P\u00e1gina de inicio<\/span>\n\t\t\t\t\t<\/span>\n\t\t\t\t\t<\/a>\n\t\t\t\t<\/div>\n\t\t\t\t\t\t\t\t<\/div>\n\t\t\t\t<\/div>\n\t\t\t\t\t<\/div>\n\t\t<\/div>\n\t\t\t\t<div class=\"elementor-column elementor-col-50 elementor-inner-column elementor-element elementor-element-8a87fbf\" data-id=\"8a87fbf\" data-element_type=\"column\" data-e-type=\"column\">\n\t\t\t<div class=\"elementor-widget-wrap elementor-element-populated\">\n\t\t\t\t\t\t<div class=\"elementor-element elementor-element-5be7fac elementor-widget elementor-widget-text-editor\" data-id=\"5be7fac\" data-element_type=\"widget\" data-e-type=\"widget\" data-widget_type=\"text-editor.default\">\n\t\t\t\t<div class=\"elementor-widget-container\">\n\t\t\t\t\t\t\t\t\t<ul class=\"list\"><li><strong>Vecindario y HOA<\/strong><br \/>Incumplimiento de las ordenanzas locales o las regulaciones de HOA, estacionamiento, mascotas, ruido, vallas, luces.<br \/><br \/><\/li><li><strong>Padres y adolescentes<\/strong><br \/>Horarios de llegar a casa, uso de tel\u00e9fonos y redes sociales, uso de sustancias<br \/><br \/><\/li><li><strong>Escuelas<\/strong><br \/>Conflictos de estudiantes, conflictos de estudiantes y maestros, conflictos de padres y escuela, absentismo escolar y asistencia<br \/><br \/><\/li><li><strong>Peque\u00f1as reclamaciones<\/strong><br \/>Reembolso de pr\u00e9stamos, disputas entre consumidores y comerciantes, problemas de propietarios e inquilinos, contratistas<br \/><br \/><\/li><li><strong>V\u00edctima y Delincuente<\/strong><br \/>Vandalismo y da\u00f1os a la propiedad, robo, acoso<\/li><\/ul>\t\t\t\t\t\t\t\t<\/div>\n\t\t\t\t<\/div>\n\t\t\t\t<div class=\"elementor-element elementor-element-de10fe5 elementor-align-center elementor-widget elementor-widget-button\" data-id=\"de10fe5\" data-element_type=\"widget\" data-e-type=\"widget\" data-widget_type=\"button.default\">\n\t\t\t\t<div class=\"elementor-widget-container\">\n\t\t\t\t\t\t\t\t\t<div class=\"elementor-button-wrapper\">\n\t\t\t\t\t<a class=\"elementor-button elementor-button-link elementor-size-md\" href=\"#\">\n\t\t\t\t\t\t<span class=\"elementor-button-content-wrapper\">\n\t\t\t\t\t\t<span class=\"elementor-button-icon\">\n\t\t\t\t<i aria-hidden=\"true\" class=\"ico ico-right-arrow\"><\/i>\t\t\t<\/span>\n\t\t\t\t\t\t\t\t\t<span class=\"elementor-button-text\">Cont\u00e1ctenos<\/span>\n\t\t\t\t\t<\/span>\n\t\t\t\t\t<\/a>\n\t\t\t\t<\/div>\n\t\t\t\t\t\t\t\t<\/div>\n\t\t\t\t<\/div>\n\t\t\t\t\t<\/div>\n\t\t<\/div>\n\t\t\t\t\t<\/div>\n\t\t<\/section>\n\t\t\t\t\t<\/div>\n\t\t<\/div>\n\t\t\t\t\t<\/div>\n\t\t<\/section>\n\t\t\t\t<\/div>","protected":false},"excerpt":{"rendered":"<p>Servicios de mediaci\u00f3n La mediaci\u00f3n ofrece resoluci\u00f3n de problemas para muchas situaciones en un hogar o comunidad. \u00bfQu\u00e9 es la mediaci\u00f3n? La mediaci\u00f3n es un proceso en el que los involucrados en una disputa se re\u00fanen con una persona neutral, el mediador, que ayudar\u00e1 a facilitar un di\u00e1logo para trabajar juntos para resolver el conflicto. [&hellip;]<\/p>","protected":false},"author":1,"featured_media":0,"parent":0,"menu_order":0,"comment_status":"closed","ping_status":"closed","template":"elementor_header_footer","meta":{"footnotes":""},"class_list":["post-5494","page","type-page","status-publish","hentry"],"yoast_head":"<!-- This site is optimized with the Yoast SEO plugin v23.2 - https:\/\/yoast.com\/wordpress\/plugins\/seo\/ -->\n<title>Servicios de mediaci\u00f3n - Mountain Mediation Center<\/title>\n<meta name=\"robots\" content=\"index, follow, max-snippet:-1, max-image-preview:large, max-video-preview:-1\" \/>\n<link rel=\"canonical\" href=\"https:\/\/mountainmediationcenter.org\/es\/servicios-de-mediacion\/\" \/>\n<meta property=\"og:locale\" content=\"es_ES\" \/>\n<meta property=\"og:type\" content=\"article\" \/>\n<meta property=\"og:title\" content=\"Servicios de mediaci\u00f3n - Mountain Mediation Center\" \/>\n<meta property=\"og:description\" content=\"Servicios de mediaci\u00f3n La mediaci\u00f3n ofrece resoluci\u00f3n de problemas para muchas situaciones en un hogar o comunidad. \u00bfQu\u00e9 es la mediaci\u00f3n? La mediaci\u00f3n es un proceso en el que los involucrados en una disputa se re\u00fanen con una persona neutral, el mediador, que ayudar\u00e1 a facilitar un di\u00e1logo para trabajar juntos para resolver el conflicto. [&hellip;]\" \/>\n<meta property=\"og:url\" content=\"https:\/\/mountainmediationcenter.org\/es\/servicios-de-mediacion\/\" \/>\n<meta property=\"og:site_name\" content=\"Mountain Mediation Center\" \/>\n<meta property=\"article:modified_time\" content=\"2022-08-16T19:14:39+00:00\" \/>\n<meta property=\"og:image\" content=\"http:\/\/mountainmediationcenter.org\/wp-content\/uploads\/2022\/02\/about-us-mountain-mediation-2.png\" \/>\n<meta name=\"twitter:card\" content=\"summary_large_image\" \/>\n<meta name=\"twitter:label1\" content=\"Tiempo de lectura\" \/>\n\t<meta name=\"twitter:data1\" content=\"2 minutos\" \/>\n<script type=\"application\/ld+json\" class=\"yoast-schema-graph\">{\"@context\":\"https:\/\/schema.org\",\"@graph\":[{\"@type\":\"WebPage\",\"@id\":\"https:\/\/mountainmediationcenter.org\/servicios-de-mediacion\/\",\"url\":\"https:\/\/mountainmediationcenter.org\/servicios-de-mediacion\/\",\"name\":\"Servicios de mediaci\u00f3n - Mountain Mediation Center\",\"isPartOf\":{\"@id\":\"https:\/\/mountainmediationcenter.org\/#website\"},\"primaryImageOfPage\":{\"@id\":\"https:\/\/mountainmediationcenter.org\/servicios-de-mediacion\/#primaryimage\"},\"image\":{\"@id\":\"https:\/\/mountainmediationcenter.org\/servicios-de-mediacion\/#primaryimage\"},\"thumbnailUrl\":\"http:\/\/mountainmediationcenter.org\/wp-content\/uploads\/2022\/02\/about-us-mountain-mediation-2.png\",\"datePublished\":\"2022-02-09T00:53:36+00:00\",\"dateModified\":\"2022-08-16T19:14:39+00:00\",\"breadcrumb\":{\"@id\":\"https:\/\/mountainmediationcenter.org\/servicios-de-mediacion\/#breadcrumb\"},\"inLanguage\":\"es\",\"potentialAction\":[{\"@type\":\"ReadAction\",\"target\":[\"https:\/\/mountainmediationcenter.org\/servicios-de-mediacion\/\"]}]},{\"@type\":\"ImageObject\",\"inLanguage\":\"es\",\"@id\":\"https:\/\/mountainmediationcenter.org\/servicios-de-mediacion\/#primaryimage\",\"url\":\"http:\/\/mountainmediationcenter.org\/wp-content\/uploads\/2022\/02\/about-us-mountain-mediation-2.png\",\"contentUrl\":\"http:\/\/mountainmediationcenter.org\/wp-content\/uploads\/2022\/02\/about-us-mountain-mediation-2.png\"},{\"@type\":\"BreadcrumbList\",\"@id\":\"https:\/\/mountainmediationcenter.org\/servicios-de-mediacion\/#breadcrumb\",\"itemListElement\":[{\"@type\":\"ListItem\",\"position\":1,\"name\":\"Home\",\"item\":\"https:\/\/mountainmediationcenter.org\/\"},{\"@type\":\"ListItem\",\"position\":2,\"name\":\"Servicios de mediaci\u00f3n\"}]},{\"@type\":\"WebSite\",\"@id\":\"https:\/\/mountainmediationcenter.org\/#website\",\"url\":\"https:\/\/mountainmediationcenter.org\/\",\"name\":\"Mountain Mediation Center\",\"description\":\"Bringing people together to prevent conflict, resolve disputes, and build a more inclusive community.\",\"potentialAction\":[{\"@type\":\"SearchAction\",\"target\":{\"@type\":\"EntryPoint\",\"urlTemplate\":\"https:\/\/mountainmediationcenter.org\/?s={search_term_string}\"},\"query-input\":\"required name=search_term_string\"}],\"inLanguage\":\"es\"}]}<\/script>\n<!-- \/ Yoast SEO plugin. -->","yoast_head_json":{"title":"Servicios de mediaci\u00f3n - Mountain Mediation Center","robots":{"index":"index","follow":"follow","max-snippet":"max-snippet:-1","max-image-preview":"max-image-preview:large","max-video-preview":"max-video-preview:-1"},"canonical":"https:\/\/mountainmediationcenter.org\/es\/servicios-de-mediacion\/","og_locale":"es_ES","og_type":"article","og_title":"Servicios de mediaci\u00f3n - Mountain Mediation Center","og_description":"Servicios de mediaci\u00f3n La mediaci\u00f3n ofrece resoluci\u00f3n de problemas para muchas situaciones en un hogar o comunidad. \u00bfQu\u00e9 es la mediaci\u00f3n? La mediaci\u00f3n es un proceso en el que los involucrados en una disputa se re\u00fanen con una persona neutral, el mediador, que ayudar\u00e1 a facilitar un di\u00e1logo para trabajar juntos para resolver el conflicto. [&hellip;]","og_url":"https:\/\/mountainmediationcenter.org\/es\/servicios-de-mediacion\/","og_site_name":"Mountain Mediation Center","article_modified_time":"2022-08-16T19:14:39+00:00","og_image":[{"url":"http:\/\/mountainmediationcenter.org\/wp-content\/uploads\/2022\/02\/about-us-mountain-mediation-2.png"}],"twitter_card":"summary_large_image","twitter_misc":{"Tiempo de lectura":"2 minutos"},"schema":{"@context":"https:\/\/schema.org","@graph":[{"@type":"WebPage","@id":"https:\/\/mountainmediationcenter.org\/servicios-de-mediacion\/","url":"https:\/\/mountainmediationcenter.org\/servicios-de-mediacion\/","name":"Servicios de mediaci\u00f3n - Mountain Mediation Center","isPartOf":{"@id":"https:\/\/mountainmediationcenter.org\/#website"},"primaryImageOfPage":{"@id":"https:\/\/mountainmediationcenter.org\/servicios-de-mediacion\/#primaryimage"},"image":{"@id":"https:\/\/mountainmediationcenter.org\/servicios-de-mediacion\/#primaryimage"},"thumbnailUrl":"http:\/\/mountainmediationcenter.org\/wp-content\/uploads\/2022\/02\/about-us-mountain-mediation-2.png","datePublished":"2022-02-09T00:53:36+00:00","dateModified":"2022-08-16T19:14:39+00:00","breadcrumb":{"@id":"https:\/\/mountainmediationcenter.org\/servicios-de-mediacion\/#breadcrumb"},"inLanguage":"es","potentialAction":[{"@type":"ReadAction","target":["https:\/\/mountainmediationcenter.org\/servicios-de-mediacion\/"]}]},{"@type":"ImageObject","inLanguage":"es","@id":"https:\/\/mountainmediationcenter.org\/servicios-de-mediacion\/#primaryimage","url":"http:\/\/mountainmediationcenter.org\/wp-content\/uploads\/2022\/02\/about-us-mountain-mediation-2.png","contentUrl":"http:\/\/mountainmediationcenter.org\/wp-content\/uploads\/2022\/02\/about-us-mountain-mediation-2.png"},{"@type":"BreadcrumbList","@id":"https:\/\/mountainmediationcenter.org\/servicios-de-mediacion\/#breadcrumb","itemListElement":[{"@type":"ListItem","position":1,"name":"Home","item":"https:\/\/mountainmediationcenter.org\/"},{"@type":"ListItem","position":2,"name":"Servicios de mediaci\u00f3n"}]},{"@type":"WebSite","@id":"https:\/\/mountainmediationcenter.org\/#website","url":"https:\/\/mountainmediationcenter.org\/","name":"Mountain Mediation Center","description":"Bringing people together to prevent conflict, resolve disputes, and build a more inclusive community.","potentialAction":[{"@type":"SearchAction","target":{"@type":"EntryPoint","urlTemplate":"https:\/\/mountainmediationcenter.org\/?s={search_term_string}"},"query-input":"required name=search_term_string"}],"inLanguage":"es"}]}},"_links":{"self":[{"href":"https:\/\/mountainmediationcenter.org\/es\/wp-json\/wp\/v2\/pages\/5494","targetHints":{"allow":["GET"]}}],"collection":[{"href":"https:\/\/mountainmediationcenter.org\/es\/wp-json\/wp\/v2\/pages"}],"about":[{"href":"https:\/\/mountainmediationcenter.org\/es\/wp-json\/wp\/v2\/types\/page"}],"author":[{"embeddable":true,"href":"https:\/\/mountainmediationcenter.org\/es\/wp-json\/wp\/v2\/users\/1"}],"replies":[{"embeddable":true,"href":"https:\/\/mountainmediationcenter.org\/es\/wp-json\/wp\/v2\/comments?post=5494"}],"version-history":[{"count":11,"href":"https:\/\/mountainmediationcenter.org\/es\/wp-json\/wp\/v2\/pages\/5494\/revisions"}],"predecessor-version":[{"id":6772,"href":"https:\/\/mountainmediationcenter.org\/es\/wp-json\/wp\/v2\/pages\/5494\/revisions\/6772"}],"wp:attachment":[{"href":"https:\/\/mountainmediationcenter.org\/es\/wp-json\/wp\/v2\/media?parent=5494"}],"curies":[{"name":"wp","href":"https:\/\/api.w.org\/{rel}","templated":true}]}}