{"id":5673,"date":"2022-02-28T17:35:17","date_gmt":"2022-02-28T17:35:17","guid":{"rendered":"https:\/\/mountainmediationcenter.org\/?page_id=5673"},"modified":"2022-09-22T22:52:44","modified_gmt":"2022-09-22T22:52:44","slug":"2022-bilingual-community-conversion-series","status":"publish","type":"page","link":"https:\/\/mountainmediationcenter.org\/es\/2022-bilingual-community-conversion-series\/","title":{"rendered":"2022 Bilingual Community Conversion Series"},"content":{"rendered":"<div data-elementor-type=\"wp-page\" data-elementor-id=\"5673\" class=\"elementor elementor-5673\" data-elementor-post-type=\"page\">\n\t\t\t\t\t\t<section class=\"elementor-section elementor-top-section elementor-element elementor-element-f43e5ae elementor-section-boxed elementor-section-height-default elementor-section-height-default\" data-id=\"f43e5ae\" data-element_type=\"section\" data-e-type=\"section\" data-settings=\"{&quot;background_background&quot;:&quot;classic&quot;}\">\n\t\t\t\t\t\t\t<div class=\"elementor-background-overlay\"><\/div>\n\t\t\t\t\t\t\t<div class=\"elementor-container elementor-column-gap-default\">\n\t\t\t\t\t<div class=\"elementor-column elementor-col-100 elementor-top-column elementor-element elementor-element-eb320de\" data-id=\"eb320de\" data-element_type=\"column\" data-e-type=\"column\">\n\t\t\t<div class=\"elementor-widget-wrap elementor-element-populated\">\n\t\t\t\t\t\t<section class=\"elementor-section elementor-inner-section elementor-element elementor-element-ece5b8c elementor-section-boxed elementor-section-height-default elementor-section-height-default\" data-id=\"ece5b8c\" data-element_type=\"section\" data-e-type=\"section\">\n\t\t\t\t\t\t<div class=\"elementor-container elementor-column-gap-default\">\n\t\t\t\t\t<div class=\"elementor-column elementor-col-25 elementor-inner-column elementor-element elementor-element-282a614\" data-id=\"282a614\" data-element_type=\"column\" data-e-type=\"column\">\n\t\t\t<div class=\"elementor-widget-wrap elementor-element-populated\">\n\t\t\t\t\t\t<div class=\"elementor-element elementor-element-62e102f elementor-widget elementor-widget-spacer\" data-id=\"62e102f\" data-element_type=\"widget\" data-e-type=\"widget\" data-widget_type=\"spacer.default\">\n\t\t\t\t<div class=\"elementor-widget-container\">\n\t\t\t\t\t\t\t<div class=\"elementor-spacer\">\n\t\t\t<div class=\"elementor-spacer-inner\"><\/div>\n\t\t<\/div>\n\t\t\t\t\t\t<\/div>\n\t\t\t\t<\/div>\n\t\t\t\t\t<\/div>\n\t\t<\/div>\n\t\t\t\t<div class=\"elementor-column elementor-col-25 elementor-inner-column elementor-element elementor-element-ee56a25\" data-id=\"ee56a25\" data-element_type=\"column\" data-e-type=\"column\">\n\t\t\t<div class=\"elementor-widget-wrap elementor-element-populated\">\n\t\t\t\t\t\t<div class=\"elementor-element elementor-element-8513768 elementor-widget elementor-widget-heading\" data-id=\"8513768\" data-element_type=\"widget\" data-e-type=\"widget\" data-widget_type=\"heading.default\">\n\t\t\t\t<div class=\"elementor-widget-container\">\n\t\t\t\t\t<h2 class=\"elementor-heading-title elementor-size-default\">Conversaciones comunitarias conectadas <\/h2>\t\t\t\t<\/div>\n\t\t\t\t<\/div>\n\t\t\t\t\t<\/div>\n\t\t<\/div>\n\t\t\t\t<div class=\"elementor-column elementor-col-25 elementor-inner-column elementor-element elementor-element-3269d4b\" data-id=\"3269d4b\" data-element_type=\"column\" data-e-type=\"column\">\n\t\t\t<div class=\"elementor-widget-wrap\">\n\t\t\t\t\t\t\t<\/div>\n\t\t<\/div>\n\t\t\t\t<div class=\"elementor-column elementor-col-25 elementor-inner-column elementor-element elementor-element-2efb813\" data-id=\"2efb813\" data-element_type=\"column\" data-e-type=\"column\">\n\t\t\t<div class=\"elementor-widget-wrap\">\n\t\t\t\t\t\t\t<\/div>\n\t\t<\/div>\n\t\t\t\t\t<\/div>\n\t\t<\/section>\n\t\t\t\t<div class=\"elementor-element elementor-element-3d44d64 elementor-widget elementor-widget-spacer\" data-id=\"3d44d64\" data-element_type=\"widget\" data-e-type=\"widget\" data-widget_type=\"spacer.default\">\n\t\t\t\t<div class=\"elementor-widget-container\">\n\t\t\t\t\t\t\t<div class=\"elementor-spacer\">\n\t\t\t<div class=\"elementor-spacer-inner\"><\/div>\n\t\t<\/div>\n\t\t\t\t\t\t<\/div>\n\t\t\t\t<\/div>\n\t\t\t\t\t<\/div>\n\t\t<\/div>\n\t\t\t\t\t<\/div>\n\t\t<\/section>\n\t\t\t\t<section class=\"elementor-section elementor-top-section elementor-element elementor-element-b8a7e2e elementor-section-content-middle elementor-section-boxed elementor-section-height-default elementor-section-height-default\" data-id=\"b8a7e2e\" data-element_type=\"section\" data-e-type=\"section\">\n\t\t\t\t\t\t<div class=\"elementor-container elementor-column-gap-default\">\n\t\t\t\t\t<div class=\"elementor-column elementor-col-100 elementor-top-column elementor-element elementor-element-ce81081\" data-id=\"ce81081\" data-element_type=\"column\" data-e-type=\"column\">\n\t\t\t<div class=\"elementor-widget-wrap elementor-element-populated\">\n\t\t\t\t\t\t<section class=\"elementor-section elementor-inner-section elementor-element elementor-element-67f6cfc elementor-section-content-middle elementor-section-boxed elementor-section-height-default elementor-section-height-default\" data-id=\"67f6cfc\" data-element_type=\"section\" data-e-type=\"section\">\n\t\t\t\t\t\t<div class=\"elementor-container elementor-column-gap-default\">\n\t\t\t\t\t<div class=\"elementor-column elementor-col-50 elementor-inner-column elementor-element elementor-element-8e375a1\" data-id=\"8e375a1\" data-element_type=\"column\" data-e-type=\"column\">\n\t\t\t<div class=\"elementor-widget-wrap elementor-element-populated\">\n\t\t\t\t\t\t<div class=\"elementor-element elementor-element-2da883a elementor-widget elementor-widget-image\" data-id=\"2da883a\" data-element_type=\"widget\" data-e-type=\"widget\" data-widget_type=\"image.default\">\n\t\t\t\t<div class=\"elementor-widget-container\">\n\t\t\t\t\t\t\t\t\t\t\t\t\t\t\t<img fetchpriority=\"high\" decoding=\"async\" width=\"392\" height=\"392\" src=\"https:\/\/mountainmediationcenter.org\/wp-content\/uploads\/2022\/02\/Community-Conversations-1.png\" class=\"attachment-full size-full wp-image-5679\" alt=\"Community-Conversations\" srcset=\"https:\/\/mountainmediationcenter.org\/wp-content\/uploads\/2022\/02\/Community-Conversations-1.png 392w, https:\/\/mountainmediationcenter.org\/wp-content\/uploads\/2022\/02\/Community-Conversations-1-300x300.png 300w, https:\/\/mountainmediationcenter.org\/wp-content\/uploads\/2022\/02\/Community-Conversations-1-150x150.png 150w\" sizes=\"(max-width: 392px) 100vw, 392px\" \/>\t\t\t\t\t\t\t\t\t\t\t\t\t\t\t<\/div>\n\t\t\t\t<\/div>\n\t\t\t\t\t<\/div>\n\t\t<\/div>\n\t\t\t\t<div class=\"elementor-column elementor-col-50 elementor-inner-column elementor-element elementor-element-c1907e5\" data-id=\"c1907e5\" data-element_type=\"column\" data-e-type=\"column\">\n\t\t\t<div class=\"elementor-widget-wrap elementor-element-populated\">\n\t\t\t\t\t\t<div class=\"elementor-element elementor-element-8bc9881 elementor-widget elementor-widget-text-editor\" data-id=\"8bc9881\" data-element_type=\"widget\" data-e-type=\"widget\" data-widget_type=\"text-editor.default\">\n\t\t\t\t<div class=\"elementor-widget-container\">\n\t\t\t\t\t\t\t\t\t<p>\u00a1Estamos muy contentos de continuar con nuestras conversaciones comunitarias! Por supuesto, como todo en estos d\u00edas, ser\u00e1n un poco diferentes. Seguiremos participando en el di\u00e1logo sobre estos momentos que nos afectan personalmente y como miembros de nuestra comunidad en general. \u00danase a nosotros para escuchar, ser escuchado y comprender m\u00e1s profundamente la posici\u00f3n de los miembros de nuestra comunidad durante este momento dif\u00edcil. \u00a0<\/p>\t\t\t\t\t\t\t\t<\/div>\n\t\t\t\t<\/div>\n\t\t\t\t\t<\/div>\n\t\t<\/div>\n\t\t\t\t\t<\/div>\n\t\t<\/section>\n\t\t\t\t\t<\/div>\n\t\t<\/div>\n\t\t\t\t\t<\/div>\n\t\t<\/section>\n\t\t\t\t<section class=\"elementor-section elementor-top-section elementor-element elementor-element-f1b151b elementor-section-boxed elementor-section-height-default elementor-section-height-default\" data-id=\"f1b151b\" data-element_type=\"section\" data-e-type=\"section\">\n\t\t\t\t\t\t<div class=\"elementor-container elementor-column-gap-default\">\n\t\t\t\t\t<div class=\"elementor-column elementor-col-100 elementor-top-column elementor-element elementor-element-9cba8b9\" data-id=\"9cba8b9\" data-element_type=\"column\" data-e-type=\"column\">\n\t\t\t<div class=\"elementor-widget-wrap elementor-element-populated\">\n\t\t\t\t\t\t<section class=\"elementor-section elementor-inner-section elementor-element elementor-element-cbf24fe elementor-section-content-middle elementor-section-boxed elementor-section-height-default elementor-section-height-default\" data-id=\"cbf24fe\" data-element_type=\"section\" data-e-type=\"section\">\n\t\t\t\t\t\t<div class=\"elementor-container elementor-column-gap-default\">\n\t\t\t\t\t<div class=\"elementor-column elementor-col-50 elementor-inner-column elementor-element elementor-element-03d7bf6\" data-id=\"03d7bf6\" data-element_type=\"column\" data-e-type=\"column\">\n\t\t\t<div class=\"elementor-widget-wrap elementor-element-populated\">\n\t\t\t\t\t\t<div class=\"elementor-element elementor-element-3a09a14 elementor-widget elementor-widget-image\" data-id=\"3a09a14\" data-element_type=\"widget\" data-e-type=\"widget\" data-widget_type=\"image.default\">\n\t\t\t\t<div class=\"elementor-widget-container\">\n\t\t\t\t\t\t\t\t\t\t\t\t\t\t\t<img decoding=\"async\" width=\"640\" height=\"427\" src=\"https:\/\/mountainmediationcenter.org\/wp-content\/uploads\/2022\/02\/team-work-volunteer-mediation.jpg\" class=\"attachment-full size-full wp-image-5700\" alt=\"\" srcset=\"https:\/\/mountainmediationcenter.org\/wp-content\/uploads\/2022\/02\/team-work-volunteer-mediation.jpg 640w, https:\/\/mountainmediationcenter.org\/wp-content\/uploads\/2022\/02\/team-work-volunteer-mediation-300x200.jpg 300w\" sizes=\"(max-width: 640px) 100vw, 640px\" \/>\t\t\t\t\t\t\t\t\t\t\t\t\t\t\t<\/div>\n\t\t\t\t<\/div>\n\t\t\t\t\t<\/div>\n\t\t<\/div>\n\t\t\t\t<div class=\"elementor-column elementor-col-50 elementor-inner-column elementor-element elementor-element-b59598f\" data-id=\"b59598f\" data-element_type=\"column\" data-e-type=\"column\">\n\t\t\t<div class=\"elementor-widget-wrap elementor-element-populated\">\n\t\t\t\t\t\t<div class=\"elementor-element elementor-element-336303a elementor-widget elementor-widget-text-editor\" data-id=\"336303a\" data-element_type=\"widget\" data-e-type=\"widget\" data-widget_type=\"text-editor.default\">\n\t\t\t\t<div class=\"elementor-widget-container\">\n\t\t\t\t\t\t\t\t\t<h4>\u00a1Sea voluntario con nosotros hoy!<\/h4>\t\t\t\t\t\t\t\t<\/div>\n\t\t\t\t<\/div>\n\t\t\t\t<div class=\"elementor-element elementor-element-93460f0 elementor-align-justify elementor-widget elementor-widget-button\" data-id=\"93460f0\" data-element_type=\"widget\" data-e-type=\"widget\" data-widget_type=\"button.default\">\n\t\t\t\t<div class=\"elementor-widget-container\">\n\t\t\t\t\t\t\t\t\t<div class=\"elementor-button-wrapper\">\n\t\t\t\t\t<a class=\"elementor-button elementor-button-link elementor-size-xl\" href=\"https:\/\/form.jotform.com\/210780585641155\">\n\t\t\t\t\t\t<span class=\"elementor-button-content-wrapper\">\n\t\t\t\t\t\t\t\t\t<span class=\"elementor-button-text\">Haga clic para obtener el formulario de voluntariado <\/span>\n\t\t\t\t\t<\/span>\n\t\t\t\t\t<\/a>\n\t\t\t\t<\/div>\n\t\t\t\t\t\t\t\t<\/div>\n\t\t\t\t<\/div>\n\t\t\t\t\t<\/div>\n\t\t<\/div>\n\t\t\t\t\t<\/div>\n\t\t<\/section>\n\t\t\t\t<section class=\"elementor-section elementor-inner-section elementor-element elementor-element-3a31961 elementor-section-content-middle elementor-section-boxed elementor-section-height-default elementor-section-height-default\" data-id=\"3a31961\" data-element_type=\"section\" data-e-type=\"section\">\n\t\t\t\t\t\t<div class=\"elementor-container elementor-column-gap-default\">\n\t\t\t\t\t<div class=\"elementor-column elementor-col-50 elementor-inner-column elementor-element elementor-element-c8df676\" data-id=\"c8df676\" data-element_type=\"column\" data-e-type=\"column\">\n\t\t\t<div class=\"elementor-widget-wrap elementor-element-populated\">\n\t\t\t\t\t\t<div class=\"elementor-element elementor-element-1a18631 elementor-widget elementor-widget-image\" data-id=\"1a18631\" data-element_type=\"widget\" data-e-type=\"widget\" data-widget_type=\"image.default\">\n\t\t\t\t<div class=\"elementor-widget-container\">\n\t\t\t\t\t\t\t\t\t\t\t\t\t\t\t<img decoding=\"async\" width=\"150\" height=\"150\" src=\"https:\/\/mountainmediationcenter.org\/wp-content\/uploads\/2022\/02\/logo-UtahHumanities-copy-150x150.jpg\" class=\"attachment-thumbnail size-thumbnail wp-image-5474\" alt=\"\" srcset=\"https:\/\/mountainmediationcenter.org\/wp-content\/uploads\/2022\/02\/logo-UtahHumanities-copy-150x150.jpg 150w, https:\/\/mountainmediationcenter.org\/wp-content\/uploads\/2022\/02\/logo-UtahHumanities-copy.jpg 225w\" sizes=\"(max-width: 150px) 100vw, 150px\" \/>\t\t\t\t\t\t\t\t\t\t\t\t\t\t\t<\/div>\n\t\t\t\t<\/div>\n\t\t\t\t\t<\/div>\n\t\t<\/div>\n\t\t\t\t<div class=\"elementor-column elementor-col-50 elementor-inner-column elementor-element elementor-element-4f4c357\" data-id=\"4f4c357\" data-element_type=\"column\" data-e-type=\"column\">\n\t\t\t<div class=\"elementor-widget-wrap elementor-element-populated\">\n\t\t\t\t\t\t<div class=\"elementor-element elementor-element-3eb8c07 elementor-widget elementor-widget-text-editor\" data-id=\"3eb8c07\" data-element_type=\"widget\" data-e-type=\"widget\" data-widget_type=\"text-editor.default\">\n\t\t\t\t<div class=\"elementor-widget-container\">\n\t\t\t\t\t\t\t\t\t<p>Este programa fue financiado en parte por Utah Humanities, que mejora las comunidades a trav\u00e9s de la participaci\u00f3n activa en las humanidades.<\/p>\t\t\t\t\t\t\t\t<\/div>\n\t\t\t\t<\/div>\n\t\t\t\t\t<\/div>\n\t\t<\/div>\n\t\t\t\t\t<\/div>\n\t\t<\/section>\n\t\t\t\t\t<\/div>\n\t\t<\/div>\n\t\t\t\t\t<\/div>\n\t\t<\/section>\n\t\t\t\t<\/div>","protected":false},"excerpt":{"rendered":"<p>Connected Community Conversations We are so pleased to be continuing our Community Conversations!\u00a0 Of course, as with everything these days, they\u2019ll look a little different.\u00a0 We\u2019ll still be engaging in dialogue about these moments that affect each of personally, and as members of our wider community.\u00a0 Join us to listen, be heard, and more deeply [&hellip;]<\/p>","protected":false},"author":1,"featured_media":0,"parent":0,"menu_order":0,"comment_status":"closed","ping_status":"closed","template":"elementor_header_footer","meta":{"footnotes":""},"class_list":["post-5673","page","type-page","status-publish","hentry"],"yoast_head":"<!-- This site is optimized with the Yoast SEO plugin v23.2 - https:\/\/yoast.com\/wordpress\/plugins\/seo\/ -->\n<title>2022 Bilingual Community Conversion Series | MMC<\/title>\n<meta name=\"description\" content=\"We are so pleased to be continuing our Community Conversations! Of course, as with everything these days, they\u2019ll look a little different. We\u2019ll still be engaging in dialogue about these moments that affect each of personally, and as members of our wider community.\" \/>\n<meta name=\"robots\" content=\"index, follow, max-snippet:-1, max-image-preview:large, max-video-preview:-1\" \/>\n<link rel=\"canonical\" href=\"https:\/\/mountainmediationcenter.org\/es\/2022-bilingual-community-conversion-series\/\" \/>\n<meta property=\"og:locale\" content=\"es_ES\" \/>\n<meta property=\"og:type\" content=\"article\" \/>\n<meta property=\"og:title\" content=\"2022 Bilingual Community Conversion Series | MMC\" \/>\n<meta property=\"og:description\" content=\"We are so pleased to be continuing our Community Conversations! Of course, as with everything these days, they\u2019ll look a little different. We\u2019ll still be engaging in dialogue about these moments that affect each of personally, and as members of our wider community.\" \/>\n<meta property=\"og:url\" content=\"https:\/\/mountainmediationcenter.org\/es\/2022-bilingual-community-conversion-series\/\" \/>\n<meta property=\"og:site_name\" content=\"Mountain Mediation Center\" \/>\n<meta property=\"article:modified_time\" content=\"2022-09-22T22:52:44+00:00\" \/>\n<meta property=\"og:image\" content=\"http:\/\/mountainmediationcenter.org\/wp-content\/uploads\/2022\/02\/Community-Conversations-1.png\" \/>\n<meta name=\"twitter:card\" content=\"summary_large_image\" \/>\n<meta name=\"twitter:label1\" content=\"Tiempo de lectura\" \/>\n\t<meta name=\"twitter:data1\" content=\"2 minutos\" \/>\n<script type=\"application\/ld+json\" class=\"yoast-schema-graph\">{\"@context\":\"https:\/\/schema.org\",\"@graph\":[{\"@type\":\"WebPage\",\"@id\":\"https:\/\/mountainmediationcenter.org\/2022-bilingual-community-conversion-series\/\",\"url\":\"https:\/\/mountainmediationcenter.org\/2022-bilingual-community-conversion-series\/\",\"name\":\"2022 Bilingual Community Conversion Series | MMC\",\"isPartOf\":{\"@id\":\"https:\/\/mountainmediationcenter.org\/#website\"},\"primaryImageOfPage\":{\"@id\":\"https:\/\/mountainmediationcenter.org\/2022-bilingual-community-conversion-series\/#primaryimage\"},\"image\":{\"@id\":\"https:\/\/mountainmediationcenter.org\/2022-bilingual-community-conversion-series\/#primaryimage\"},\"thumbnailUrl\":\"http:\/\/mountainmediationcenter.org\/wp-content\/uploads\/2022\/02\/Community-Conversations-1.png\",\"datePublished\":\"2022-02-28T17:35:17+00:00\",\"dateModified\":\"2022-09-22T22:52:44+00:00\",\"description\":\"We are so pleased to be continuing our Community Conversations! Of course, as with everything these days, they\u2019ll look a little different. We\u2019ll still be engaging in dialogue about these moments that affect each of personally, and as members of our wider community.\",\"breadcrumb\":{\"@id\":\"https:\/\/mountainmediationcenter.org\/2022-bilingual-community-conversion-series\/#breadcrumb\"},\"inLanguage\":\"es\",\"potentialAction\":[{\"@type\":\"ReadAction\",\"target\":[\"https:\/\/mountainmediationcenter.org\/2022-bilingual-community-conversion-series\/\"]}]},{\"@type\":\"ImageObject\",\"inLanguage\":\"es\",\"@id\":\"https:\/\/mountainmediationcenter.org\/2022-bilingual-community-conversion-series\/#primaryimage\",\"url\":\"http:\/\/mountainmediationcenter.org\/wp-content\/uploads\/2022\/02\/Community-Conversations-1.png\",\"contentUrl\":\"http:\/\/mountainmediationcenter.org\/wp-content\/uploads\/2022\/02\/Community-Conversations-1.png\"},{\"@type\":\"BreadcrumbList\",\"@id\":\"https:\/\/mountainmediationcenter.org\/2022-bilingual-community-conversion-series\/#breadcrumb\",\"itemListElement\":[{\"@type\":\"ListItem\",\"position\":1,\"name\":\"Home\",\"item\":\"https:\/\/mountainmediationcenter.org\/\"},{\"@type\":\"ListItem\",\"position\":2,\"name\":\"2022 Bilingual Community Conversion Series\"}]},{\"@type\":\"WebSite\",\"@id\":\"https:\/\/mountainmediationcenter.org\/#website\",\"url\":\"https:\/\/mountainmediationcenter.org\/\",\"name\":\"Mountain Mediation Center\",\"description\":\"Bringing people together to prevent conflict, resolve disputes, and build a more inclusive community.\",\"potentialAction\":[{\"@type\":\"SearchAction\",\"target\":{\"@type\":\"EntryPoint\",\"urlTemplate\":\"https:\/\/mountainmediationcenter.org\/?s={search_term_string}\"},\"query-input\":\"required name=search_term_string\"}],\"inLanguage\":\"es\"}]}<\/script>\n<!-- \/ Yoast SEO plugin. -->","yoast_head_json":{"title":"2022 Bilingual Community Conversion Series | MMC","description":"We are so pleased to be continuing our Community Conversations! Of course, as with everything these days, they\u2019ll look a little different. We\u2019ll still be engaging in dialogue about these moments that affect each of personally, and as members of our wider community.","robots":{"index":"index","follow":"follow","max-snippet":"max-snippet:-1","max-image-preview":"max-image-preview:large","max-video-preview":"max-video-preview:-1"},"canonical":"https:\/\/mountainmediationcenter.org\/es\/2022-bilingual-community-conversion-series\/","og_locale":"es_ES","og_type":"article","og_title":"2022 Bilingual Community Conversion Series | MMC","og_description":"We are so pleased to be continuing our Community Conversations! Of course, as with everything these days, they\u2019ll look a little different. We\u2019ll still be engaging in dialogue about these moments that affect each of personally, and as members of our wider community.","og_url":"https:\/\/mountainmediationcenter.org\/es\/2022-bilingual-community-conversion-series\/","og_site_name":"Mountain Mediation Center","article_modified_time":"2022-09-22T22:52:44+00:00","og_image":[{"url":"http:\/\/mountainmediationcenter.org\/wp-content\/uploads\/2022\/02\/Community-Conversations-1.png"}],"twitter_card":"summary_large_image","twitter_misc":{"Tiempo de lectura":"2 minutos"},"schema":{"@context":"https:\/\/schema.org","@graph":[{"@type":"WebPage","@id":"https:\/\/mountainmediationcenter.org\/2022-bilingual-community-conversion-series\/","url":"https:\/\/mountainmediationcenter.org\/2022-bilingual-community-conversion-series\/","name":"2022 Bilingual Community Conversion Series | MMC","isPartOf":{"@id":"https:\/\/mountainmediationcenter.org\/#website"},"primaryImageOfPage":{"@id":"https:\/\/mountainmediationcenter.org\/2022-bilingual-community-conversion-series\/#primaryimage"},"image":{"@id":"https:\/\/mountainmediationcenter.org\/2022-bilingual-community-conversion-series\/#primaryimage"},"thumbnailUrl":"http:\/\/mountainmediationcenter.org\/wp-content\/uploads\/2022\/02\/Community-Conversations-1.png","datePublished":"2022-02-28T17:35:17+00:00","dateModified":"2022-09-22T22:52:44+00:00","description":"We are so pleased to be continuing our Community Conversations! Of course, as with everything these days, they\u2019ll look a little different. We\u2019ll still be engaging in dialogue about these moments that affect each of personally, and as members of our wider community.","breadcrumb":{"@id":"https:\/\/mountainmediationcenter.org\/2022-bilingual-community-conversion-series\/#breadcrumb"},"inLanguage":"es","potentialAction":[{"@type":"ReadAction","target":["https:\/\/mountainmediationcenter.org\/2022-bilingual-community-conversion-series\/"]}]},{"@type":"ImageObject","inLanguage":"es","@id":"https:\/\/mountainmediationcenter.org\/2022-bilingual-community-conversion-series\/#primaryimage","url":"http:\/\/mountainmediationcenter.org\/wp-content\/uploads\/2022\/02\/Community-Conversations-1.png","contentUrl":"http:\/\/mountainmediationcenter.org\/wp-content\/uploads\/2022\/02\/Community-Conversations-1.png"},{"@type":"BreadcrumbList","@id":"https:\/\/mountainmediationcenter.org\/2022-bilingual-community-conversion-series\/#breadcrumb","itemListElement":[{"@type":"ListItem","position":1,"name":"Home","item":"https:\/\/mountainmediationcenter.org\/"},{"@type":"ListItem","position":2,"name":"2022 Bilingual Community Conversion Series"}]},{"@type":"WebSite","@id":"https:\/\/mountainmediationcenter.org\/#website","url":"https:\/\/mountainmediationcenter.org\/","name":"Mountain Mediation Center","description":"Bringing people together to prevent conflict, resolve disputes, and build a more inclusive community.","potentialAction":[{"@type":"SearchAction","target":{"@type":"EntryPoint","urlTemplate":"https:\/\/mountainmediationcenter.org\/?s={search_term_string}"},"query-input":"required name=search_term_string"}],"inLanguage":"es"}]}},"_links":{"self":[{"href":"https:\/\/mountainmediationcenter.org\/es\/wp-json\/wp\/v2\/pages\/5673","targetHints":{"allow":["GET"]}}],"collection":[{"href":"https:\/\/mountainmediationcenter.org\/es\/wp-json\/wp\/v2\/pages"}],"about":[{"href":"https:\/\/mountainmediationcenter.org\/es\/wp-json\/wp\/v2\/types\/page"}],"author":[{"embeddable":true,"href":"https:\/\/mountainmediationcenter.org\/es\/wp-json\/wp\/v2\/users\/1"}],"replies":[{"embeddable":true,"href":"https:\/\/mountainmediationcenter.org\/es\/wp-json\/wp\/v2\/comments?post=5673"}],"version-history":[{"count":44,"href":"https:\/\/mountainmediationcenter.org\/es\/wp-json\/wp\/v2\/pages\/5673\/revisions"}],"predecessor-version":[{"id":7121,"href":"https:\/\/mountainmediationcenter.org\/es\/wp-json\/wp\/v2\/pages\/5673\/revisions\/7121"}],"wp:attachment":[{"href":"https:\/\/mountainmediationcenter.org\/es\/wp-json\/wp\/v2\/media?parent=5673"}],"curies":[{"name":"wp","href":"https:\/\/api.w.org\/{rel}","templated":true}]}}