{"id":5915,"date":"2022-04-04T21:27:24","date_gmt":"2022-04-04T21:27:24","guid":{"rendered":"https:\/\/mountainmediationcenter.org\/?page_id=5915"},"modified":"2024-11-13T16:36:40","modified_gmt":"2024-11-13T16:36:40","slug":"neighbor-community-disputes","status":"publish","type":"page","link":"https:\/\/mountainmediationcenter.org\/es\/neighbor-community-disputes\/","title":{"rendered":"Disputas entre vecinos y la comunidad"},"content":{"rendered":"<div data-elementor-type=\"wp-page\" data-elementor-id=\"5915\" class=\"elementor elementor-5915\" data-elementor-post-type=\"page\">\n\t\t\t\t\t\t<section class=\"elementor-section elementor-top-section elementor-element elementor-element-15f96c0 elementor-section-boxed elementor-section-height-default elementor-section-height-default\" data-id=\"15f96c0\" data-element_type=\"section\" data-e-type=\"section\" data-settings=\"{&quot;background_background&quot;:&quot;classic&quot;}\">\n\t\t\t\t\t\t\t<div class=\"elementor-background-overlay\"><\/div>\n\t\t\t\t\t\t\t<div class=\"elementor-container elementor-column-gap-default\">\n\t\t\t\t\t<div class=\"elementor-column elementor-col-100 elementor-top-column elementor-element elementor-element-7edcc97\" data-id=\"7edcc97\" data-element_type=\"column\" data-e-type=\"column\">\n\t\t\t<div class=\"elementor-widget-wrap elementor-element-populated\">\n\t\t\t\t\t\t<div class=\"elementor-element elementor-element-5286327 elementor-widget elementor-widget-spacer\" data-id=\"5286327\" data-element_type=\"widget\" data-e-type=\"widget\" data-widget_type=\"spacer.default\">\n\t\t\t\t<div class=\"elementor-widget-container\">\n\t\t\t\t\t\t\t<div class=\"elementor-spacer\">\n\t\t\t<div class=\"elementor-spacer-inner\"><\/div>\n\t\t<\/div>\n\t\t\t\t\t\t<\/div>\n\t\t\t\t<\/div>\n\t\t\t\t<section class=\"elementor-section elementor-inner-section elementor-element elementor-element-52b180f elementor-section-boxed elementor-section-height-default elementor-section-height-default\" data-id=\"52b180f\" data-element_type=\"section\" data-e-type=\"section\">\n\t\t\t\t\t\t<div class=\"elementor-container elementor-column-gap-default\">\n\t\t\t\t\t<div class=\"elementor-column elementor-col-25 elementor-inner-column elementor-element elementor-element-d2c1eda\" data-id=\"d2c1eda\" data-element_type=\"column\" data-e-type=\"column\">\n\t\t\t<div class=\"elementor-widget-wrap\">\n\t\t\t\t\t\t\t<\/div>\n\t\t<\/div>\n\t\t\t\t<div class=\"elementor-column elementor-col-25 elementor-inner-column elementor-element elementor-element-1129f72\" data-id=\"1129f72\" data-element_type=\"column\" data-e-type=\"column\">\n\t\t\t<div class=\"elementor-widget-wrap elementor-element-populated\">\n\t\t\t\t\t\t<div class=\"elementor-element elementor-element-465d1d0 elementor-widget elementor-widget-heading\" data-id=\"465d1d0\" data-element_type=\"widget\" data-e-type=\"widget\" data-widget_type=\"heading.default\">\n\t\t\t\t<div class=\"elementor-widget-container\">\n\t\t\t\t\t<h2 class=\"elementor-heading-title elementor-size-default\">Mediaci\u00f3n comunitaria <\/h2>\t\t\t\t<\/div>\n\t\t\t\t<\/div>\n\t\t\t\t\t<\/div>\n\t\t<\/div>\n\t\t\t\t<div class=\"elementor-column elementor-col-25 elementor-inner-column elementor-element elementor-element-063c7ea\" data-id=\"063c7ea\" data-element_type=\"column\" data-e-type=\"column\">\n\t\t\t<div class=\"elementor-widget-wrap\">\n\t\t\t\t\t\t\t<\/div>\n\t\t<\/div>\n\t\t\t\t<div class=\"elementor-column elementor-col-25 elementor-inner-column elementor-element elementor-element-d2f0332\" data-id=\"d2f0332\" data-element_type=\"column\" data-e-type=\"column\">\n\t\t\t<div class=\"elementor-widget-wrap\">\n\t\t\t\t\t\t\t<\/div>\n\t\t<\/div>\n\t\t\t\t\t<\/div>\n\t\t<\/section>\n\t\t\t\t<div class=\"elementor-element elementor-element-613b1b6 elementor-widget elementor-widget-spacer\" data-id=\"613b1b6\" data-element_type=\"widget\" data-e-type=\"widget\" data-widget_type=\"spacer.default\">\n\t\t\t\t<div class=\"elementor-widget-container\">\n\t\t\t\t\t\t\t<div class=\"elementor-spacer\">\n\t\t\t<div class=\"elementor-spacer-inner\"><\/div>\n\t\t<\/div>\n\t\t\t\t\t\t<\/div>\n\t\t\t\t<\/div>\n\t\t\t\t\t<\/div>\n\t\t<\/div>\n\t\t\t\t\t<\/div>\n\t\t<\/section>\n\t\t\t\t<section class=\"elementor-section elementor-top-section elementor-element elementor-element-9f45076 elementor-section-content-middle elementor-section-boxed elementor-section-height-default elementor-section-height-default\" data-id=\"9f45076\" data-element_type=\"section\" data-e-type=\"section\">\n\t\t\t\t\t\t<div class=\"elementor-container elementor-column-gap-default\">\n\t\t\t\t\t<div class=\"elementor-column elementor-col-100 elementor-top-column elementor-element elementor-element-e28b22d\" data-id=\"e28b22d\" data-element_type=\"column\" data-e-type=\"column\">\n\t\t\t<div class=\"elementor-widget-wrap elementor-element-populated\">\n\t\t\t\t\t\t<section class=\"elementor-section elementor-inner-section elementor-element elementor-element-608f123 elementor-section-content-middle elementor-section-boxed elementor-section-height-default elementor-section-height-default\" data-id=\"608f123\" data-element_type=\"section\" data-e-type=\"section\">\n\t\t\t\t\t\t<div class=\"elementor-container elementor-column-gap-default\">\n\t\t\t\t\t<div class=\"elementor-column elementor-col-50 elementor-inner-column elementor-element elementor-element-ec3d60d\" data-id=\"ec3d60d\" data-element_type=\"column\" data-e-type=\"column\">\n\t\t\t<div class=\"elementor-widget-wrap elementor-element-populated\">\n\t\t\t\t\t\t<div class=\"elementor-element elementor-element-6302a1d elementor-widget elementor-widget-image\" data-id=\"6302a1d\" data-element_type=\"widget\" data-e-type=\"widget\" data-widget_type=\"image.default\">\n\t\t\t\t<div class=\"elementor-widget-container\">\n\t\t\t\t\t\t\t\t\t\t\t\t\t\t\t<img fetchpriority=\"high\" decoding=\"async\" width=\"600\" height=\"400\" src=\"https:\/\/mountainmediationcenter.org\/wp-content\/uploads\/2022\/06\/home-owners-association-mediation.jpeg\" class=\"attachment-full size-full wp-image-6405\" alt=\"home-owners-association-mediation\" srcset=\"https:\/\/mountainmediationcenter.org\/wp-content\/uploads\/2022\/06\/home-owners-association-mediation.jpeg 600w, https:\/\/mountainmediationcenter.org\/wp-content\/uploads\/2022\/06\/home-owners-association-mediation-300x200.jpeg 300w\" sizes=\"(max-width: 600px) 100vw, 600px\" \/>\t\t\t\t\t\t\t\t\t\t\t\t\t\t\t<\/div>\n\t\t\t\t<\/div>\n\t\t\t\t\t<\/div>\n\t\t<\/div>\n\t\t\t\t<div class=\"elementor-column elementor-col-50 elementor-inner-column elementor-element elementor-element-6c7b37c\" data-id=\"6c7b37c\" data-element_type=\"column\" data-e-type=\"column\">\n\t\t\t<div class=\"elementor-widget-wrap elementor-element-populated\">\n\t\t\t\t\t\t<div class=\"elementor-element elementor-element-42d8723 elementor-widget elementor-widget-heading\" data-id=\"42d8723\" data-element_type=\"widget\" data-e-type=\"widget\" data-widget_type=\"heading.default\">\n\t\t\t\t<div class=\"elementor-widget-container\">\n\t\t\t\t\t<h2 class=\"elementor-heading-title elementor-size-default\">Mediaci\u00f3n comunitaria<\/h2>\t\t\t\t<\/div>\n\t\t\t\t<\/div>\n\t\t\t\t<div class=\"elementor-element elementor-element-74f8c0f elementor-widget elementor-widget-text-editor\" data-id=\"74f8c0f\" data-element_type=\"widget\" data-e-type=\"widget\" data-widget_type=\"text-editor.default\">\n\t\t\t\t<div class=\"elementor-widget-container\">\n\t\t\t\t\t\t\t\t\t<p><span style=\"font-weight: 400;\">Vivir y trabajar en una comunidad se trata de relaciones. Las disputas surgen en casi todas las relaciones y, a menudo, son el resultado de un malentendido o una falta de comunicaci\u00f3n. A menudo, los problemas pueden resolverse sent\u00e1ndose cara a cara con la otra parte y un tercero neutral: el mediador. <\/span><\/p>\n<p><span style=\"font-weight: 400;\">Los problemas que com\u00fanmente se resuelven en la mediaci\u00f3n incluyen disputas comerciales, contractuales, de ancianos, entre propietarios\/inquilinos y entre vecindarios\/HOA.<\/span><\/p>\t\t\t\t\t\t\t\t<\/div>\n\t\t\t\t<\/div>\n\t\t\t\t<div class=\"elementor-element elementor-element-04ab342 elementor-widget elementor-widget-spacer\" data-id=\"04ab342\" data-element_type=\"widget\" data-e-type=\"widget\" data-widget_type=\"spacer.default\">\n\t\t\t\t<div class=\"elementor-widget-container\">\n\t\t\t\t\t\t\t<div class=\"elementor-spacer\">\n\t\t\t<div class=\"elementor-spacer-inner\"><\/div>\n\t\t<\/div>\n\t\t\t\t\t\t<\/div>\n\t\t\t\t<\/div>\n\t\t\t\t\t<\/div>\n\t\t<\/div>\n\t\t\t\t\t<\/div>\n\t\t<\/section>\n\t\t\t\t\t<\/div>\n\t\t<\/div>\n\t\t\t\t\t<\/div>\n\t\t<\/section>\n\t\t\t\t<section class=\"elementor-section elementor-top-section elementor-element elementor-element-928f67e elementor-section-boxed elementor-section-height-default elementor-section-height-default\" data-id=\"928f67e\" data-element_type=\"section\" data-e-type=\"section\">\n\t\t\t\t\t\t<div class=\"elementor-container elementor-column-gap-default\">\n\t\t\t\t\t<div class=\"elementor-column elementor-col-100 elementor-top-column elementor-element elementor-element-c9b57cf\" data-id=\"c9b57cf\" data-element_type=\"column\" data-e-type=\"column\">\n\t\t\t<div class=\"elementor-widget-wrap elementor-element-populated\">\n\t\t\t\t\t\t<div class=\"elementor-element elementor-element-3e6cc47 elementor-align-center elementor-widget elementor-widget-button\" data-id=\"3e6cc47\" data-element_type=\"widget\" data-e-type=\"widget\" data-widget_type=\"button.default\">\n\t\t\t\t<div class=\"elementor-widget-container\">\n\t\t\t\t\t\t\t\t\t<div class=\"elementor-button-wrapper\">\n\t\t\t\t\t<a class=\"elementor-button elementor-button-link elementor-size-lg\" href=\"https:\/\/mountainmediationcenter.org\/es\/intake-form\/\">\n\t\t\t\t\t\t<span class=\"elementor-button-content-wrapper\">\n\t\t\t\t\t\t\t\t\t<span class=\"elementor-button-text\">Formulario de admisi\u00f3n<\/span>\n\t\t\t\t\t<\/span>\n\t\t\t\t\t<\/a>\n\t\t\t\t<\/div>\n\t\t\t\t\t\t\t\t<\/div>\n\t\t\t\t<\/div>\n\t\t\t\t\t<\/div>\n\t\t<\/div>\n\t\t\t\t\t<\/div>\n\t\t<\/section>\n\t\t\t\t<\/div>","protected":false},"excerpt":{"rendered":"<p>Mediaci\u00f3n comunitaria Mediaci\u00f3n comunitaria Vivir y trabajar en una comunidad es cuesti\u00f3n de relaciones. En casi todas las relaciones surgen disputas que suelen ser el resultado de malentendidos o de una mala comunicaci\u00f3n. A menudo, los problemas se pueden resolver sent\u00e1ndose cara a cara con la otra parte y un tercero neutral: el mediador. Los problemas que suelen [\u2026]<\/p>","protected":false},"author":1,"featured_media":0,"parent":0,"menu_order":0,"comment_status":"closed","ping_status":"closed","template":"elementor_header_footer","meta":{"footnotes":""},"class_list":["post-5915","page","type-page","status-publish","hentry"],"yoast_head":"<!-- This site is optimized with the Yoast SEO plugin v23.2 - https:\/\/yoast.com\/wordpress\/plugins\/seo\/ -->\n<title>Neighbor &amp; Community Disputes | Mountain Mediation Center | UT<\/title>\n<meta name=\"description\" content=\"Restorative Justice (RJ) addresses accountability while acknowledging trauma, building systems that address conflict and harm in a way that strengthens relationships. It is a values-based approach to community building and problem-solving.\" \/>\n<meta name=\"robots\" content=\"index, follow, max-snippet:-1, max-image-preview:large, max-video-preview:-1\" \/>\n<link rel=\"canonical\" href=\"https:\/\/mountainmediationcenter.org\/es\/neighbor-community-disputes\/\" \/>\n<meta property=\"og:locale\" content=\"es_ES\" \/>\n<meta property=\"og:type\" content=\"article\" \/>\n<meta property=\"og:title\" content=\"Neighbor &amp; Community Disputes | Mountain Mediation Center | UT\" \/>\n<meta property=\"og:description\" content=\"Restorative Justice (RJ) addresses accountability while acknowledging trauma, building systems that address conflict and harm in a way that strengthens relationships. It is a values-based approach to community building and problem-solving.\" \/>\n<meta property=\"og:url\" content=\"https:\/\/mountainmediationcenter.org\/es\/neighbor-community-disputes\/\" \/>\n<meta property=\"og:site_name\" content=\"Mountain Mediation Center\" \/>\n<meta property=\"article:modified_time\" content=\"2024-11-13T16:36:40+00:00\" \/>\n<meta property=\"og:image\" content=\"https:\/\/mountainmediationcenter.org\/wp-content\/uploads\/2022\/06\/home-owners-association-mediation.jpeg\" \/>\n<meta name=\"twitter:card\" content=\"summary_large_image\" \/>\n<meta name=\"twitter:label1\" content=\"Tiempo de lectura\" \/>\n\t<meta name=\"twitter:data1\" content=\"1 minuto\" \/>\n<script type=\"application\/ld+json\" class=\"yoast-schema-graph\">{\"@context\":\"https:\/\/schema.org\",\"@graph\":[{\"@type\":\"WebPage\",\"@id\":\"https:\/\/mountainmediationcenter.org\/neighbor-community-disputes\/\",\"url\":\"https:\/\/mountainmediationcenter.org\/neighbor-community-disputes\/\",\"name\":\"Neighbor & Community Disputes | Mountain Mediation Center | UT\",\"isPartOf\":{\"@id\":\"https:\/\/mountainmediationcenter.org\/#website\"},\"primaryImageOfPage\":{\"@id\":\"https:\/\/mountainmediationcenter.org\/neighbor-community-disputes\/#primaryimage\"},\"image\":{\"@id\":\"https:\/\/mountainmediationcenter.org\/neighbor-community-disputes\/#primaryimage\"},\"thumbnailUrl\":\"https:\/\/mountainmediationcenter.org\/wp-content\/uploads\/2022\/06\/home-owners-association-mediation.jpeg\",\"datePublished\":\"2022-04-04T21:27:24+00:00\",\"dateModified\":\"2024-11-13T16:36:40+00:00\",\"description\":\"Restorative Justice (RJ) addresses accountability while acknowledging trauma, building systems that address conflict and harm in a way that strengthens relationships. It is a values-based approach to community building and problem-solving.\",\"breadcrumb\":{\"@id\":\"https:\/\/mountainmediationcenter.org\/neighbor-community-disputes\/#breadcrumb\"},\"inLanguage\":\"es\",\"potentialAction\":[{\"@type\":\"ReadAction\",\"target\":[\"https:\/\/mountainmediationcenter.org\/neighbor-community-disputes\/\"]}]},{\"@type\":\"ImageObject\",\"inLanguage\":\"es\",\"@id\":\"https:\/\/mountainmediationcenter.org\/neighbor-community-disputes\/#primaryimage\",\"url\":\"https:\/\/mountainmediationcenter.org\/wp-content\/uploads\/2022\/06\/home-owners-association-mediation.jpeg\",\"contentUrl\":\"https:\/\/mountainmediationcenter.org\/wp-content\/uploads\/2022\/06\/home-owners-association-mediation.jpeg\"},{\"@type\":\"BreadcrumbList\",\"@id\":\"https:\/\/mountainmediationcenter.org\/neighbor-community-disputes\/#breadcrumb\",\"itemListElement\":[{\"@type\":\"ListItem\",\"position\":1,\"name\":\"Home\",\"item\":\"https:\/\/mountainmediationcenter.org\/\"},{\"@type\":\"ListItem\",\"position\":2,\"name\":\"Neighbor\/Community Disputes\"}]},{\"@type\":\"WebSite\",\"@id\":\"https:\/\/mountainmediationcenter.org\/#website\",\"url\":\"https:\/\/mountainmediationcenter.org\/\",\"name\":\"Mountain Mediation Center\",\"description\":\"Bringing people together to prevent conflict, resolve disputes, and build a more inclusive community.\",\"potentialAction\":[{\"@type\":\"SearchAction\",\"target\":{\"@type\":\"EntryPoint\",\"urlTemplate\":\"https:\/\/mountainmediationcenter.org\/?s={search_term_string}\"},\"query-input\":\"required name=search_term_string\"}],\"inLanguage\":\"es\"}]}<\/script>\n<!-- \/ Yoast SEO plugin. -->","yoast_head_json":{"title":"Neighbor & Community Disputes | Mountain Mediation Center | UT","description":"Restorative Justice (RJ) addresses accountability while acknowledging trauma, building systems that address conflict and harm in a way that strengthens relationships. It is a values-based approach to community building and problem-solving.","robots":{"index":"index","follow":"follow","max-snippet":"max-snippet:-1","max-image-preview":"max-image-preview:large","max-video-preview":"max-video-preview:-1"},"canonical":"https:\/\/mountainmediationcenter.org\/es\/neighbor-community-disputes\/","og_locale":"es_ES","og_type":"article","og_title":"Neighbor & Community Disputes | Mountain Mediation Center | UT","og_description":"Restorative Justice (RJ) addresses accountability while acknowledging trauma, building systems that address conflict and harm in a way that strengthens relationships. It is a values-based approach to community building and problem-solving.","og_url":"https:\/\/mountainmediationcenter.org\/es\/neighbor-community-disputes\/","og_site_name":"Mountain Mediation Center","article_modified_time":"2024-11-13T16:36:40+00:00","og_image":[{"url":"https:\/\/mountainmediationcenter.org\/wp-content\/uploads\/2022\/06\/home-owners-association-mediation.jpeg"}],"twitter_card":"summary_large_image","twitter_misc":{"Tiempo de lectura":"1 minuto"},"schema":{"@context":"https:\/\/schema.org","@graph":[{"@type":"WebPage","@id":"https:\/\/mountainmediationcenter.org\/neighbor-community-disputes\/","url":"https:\/\/mountainmediationcenter.org\/neighbor-community-disputes\/","name":"Neighbor & Community Disputes | Mountain Mediation Center | UT","isPartOf":{"@id":"https:\/\/mountainmediationcenter.org\/#website"},"primaryImageOfPage":{"@id":"https:\/\/mountainmediationcenter.org\/neighbor-community-disputes\/#primaryimage"},"image":{"@id":"https:\/\/mountainmediationcenter.org\/neighbor-community-disputes\/#primaryimage"},"thumbnailUrl":"https:\/\/mountainmediationcenter.org\/wp-content\/uploads\/2022\/06\/home-owners-association-mediation.jpeg","datePublished":"2022-04-04T21:27:24+00:00","dateModified":"2024-11-13T16:36:40+00:00","description":"Restorative Justice (RJ) addresses accountability while acknowledging trauma, building systems that address conflict and harm in a way that strengthens relationships. It is a values-based approach to community building and problem-solving.","breadcrumb":{"@id":"https:\/\/mountainmediationcenter.org\/neighbor-community-disputes\/#breadcrumb"},"inLanguage":"es","potentialAction":[{"@type":"ReadAction","target":["https:\/\/mountainmediationcenter.org\/neighbor-community-disputes\/"]}]},{"@type":"ImageObject","inLanguage":"es","@id":"https:\/\/mountainmediationcenter.org\/neighbor-community-disputes\/#primaryimage","url":"https:\/\/mountainmediationcenter.org\/wp-content\/uploads\/2022\/06\/home-owners-association-mediation.jpeg","contentUrl":"https:\/\/mountainmediationcenter.org\/wp-content\/uploads\/2022\/06\/home-owners-association-mediation.jpeg"},{"@type":"BreadcrumbList","@id":"https:\/\/mountainmediationcenter.org\/neighbor-community-disputes\/#breadcrumb","itemListElement":[{"@type":"ListItem","position":1,"name":"Home","item":"https:\/\/mountainmediationcenter.org\/"},{"@type":"ListItem","position":2,"name":"Neighbor\/Community Disputes"}]},{"@type":"WebSite","@id":"https:\/\/mountainmediationcenter.org\/#website","url":"https:\/\/mountainmediationcenter.org\/","name":"Mountain Mediation Center","description":"Bringing people together to prevent conflict, resolve disputes, and build a more inclusive community.","potentialAction":[{"@type":"SearchAction","target":{"@type":"EntryPoint","urlTemplate":"https:\/\/mountainmediationcenter.org\/?s={search_term_string}"},"query-input":"required name=search_term_string"}],"inLanguage":"es"}]}},"_links":{"self":[{"href":"https:\/\/mountainmediationcenter.org\/es\/wp-json\/wp\/v2\/pages\/5915","targetHints":{"allow":["GET"]}}],"collection":[{"href":"https:\/\/mountainmediationcenter.org\/es\/wp-json\/wp\/v2\/pages"}],"about":[{"href":"https:\/\/mountainmediationcenter.org\/es\/wp-json\/wp\/v2\/types\/page"}],"author":[{"embeddable":true,"href":"https:\/\/mountainmediationcenter.org\/es\/wp-json\/wp\/v2\/users\/1"}],"replies":[{"embeddable":true,"href":"https:\/\/mountainmediationcenter.org\/es\/wp-json\/wp\/v2\/comments?post=5915"}],"version-history":[{"count":30,"href":"https:\/\/mountainmediationcenter.org\/es\/wp-json\/wp\/v2\/pages\/5915\/revisions"}],"predecessor-version":[{"id":10283,"href":"https:\/\/mountainmediationcenter.org\/es\/wp-json\/wp\/v2\/pages\/5915\/revisions\/10283"}],"wp:attachment":[{"href":"https:\/\/mountainmediationcenter.org\/es\/wp-json\/wp\/v2\/media?parent=5915"}],"curies":[{"name":"wp","href":"https:\/\/api.w.org\/{rel}","templated":true}]}}