{"id":5945,"date":"2022-04-04T21:41:15","date_gmt":"2022-04-04T21:41:15","guid":{"rendered":"https:\/\/mountainmediationcenter.org\/?page_id=5945"},"modified":"2022-09-26T20:25:01","modified_gmt":"2022-09-26T20:25:01","slug":"community-compact","status":"publish","type":"page","link":"https:\/\/mountainmediationcenter.org\/es\/community-compact\/","title":{"rendered":"Pacto comunitario"},"content":{"rendered":"<div data-elementor-type=\"wp-page\" data-elementor-id=\"5945\" class=\"elementor elementor-5945\" data-elementor-post-type=\"page\">\n\t\t\t\t\t\t<section class=\"elementor-section elementor-top-section elementor-element elementor-element-cd4b8d4 elementor-section-boxed elementor-section-height-default elementor-section-height-default\" data-id=\"cd4b8d4\" data-element_type=\"section\" data-e-type=\"section\" data-settings=\"{&quot;background_background&quot;:&quot;classic&quot;}\">\n\t\t\t\t\t\t\t<div class=\"elementor-background-overlay\"><\/div>\n\t\t\t\t\t\t\t<div class=\"elementor-container elementor-column-gap-default\">\n\t\t\t\t\t<div class=\"elementor-column elementor-col-100 elementor-top-column elementor-element elementor-element-c89dcc2\" data-id=\"c89dcc2\" data-element_type=\"column\" data-e-type=\"column\">\n\t\t\t<div class=\"elementor-widget-wrap elementor-element-populated\">\n\t\t\t\t\t\t<div class=\"elementor-element elementor-element-2479324 elementor-widget elementor-widget-spacer\" data-id=\"2479324\" data-element_type=\"widget\" data-e-type=\"widget\" data-widget_type=\"spacer.default\">\n\t\t\t\t<div class=\"elementor-widget-container\">\n\t\t\t\t\t\t\t<div class=\"elementor-spacer\">\n\t\t\t<div class=\"elementor-spacer-inner\"><\/div>\n\t\t<\/div>\n\t\t\t\t\t\t<\/div>\n\t\t\t\t<\/div>\n\t\t\t\t<section class=\"elementor-section elementor-inner-section elementor-element elementor-element-a3975c9 elementor-section-boxed elementor-section-height-default elementor-section-height-default\" data-id=\"a3975c9\" data-element_type=\"section\" data-e-type=\"section\">\n\t\t\t\t\t\t<div class=\"elementor-container elementor-column-gap-default\">\n\t\t\t\t\t<div class=\"elementor-column elementor-col-25 elementor-inner-column elementor-element elementor-element-3fbb637\" data-id=\"3fbb637\" data-element_type=\"column\" data-e-type=\"column\">\n\t\t\t<div class=\"elementor-widget-wrap\">\n\t\t\t\t\t\t\t<\/div>\n\t\t<\/div>\n\t\t\t\t<div class=\"elementor-column elementor-col-25 elementor-inner-column elementor-element elementor-element-d89b3a8\" data-id=\"d89b3a8\" data-element_type=\"column\" data-e-type=\"column\">\n\t\t\t<div class=\"elementor-widget-wrap elementor-element-populated\">\n\t\t\t\t\t\t<div class=\"elementor-element elementor-element-18badff elementor-widget elementor-widget-heading\" data-id=\"18badff\" data-element_type=\"widget\" data-e-type=\"widget\" data-widget_type=\"heading.default\">\n\t\t\t\t<div class=\"elementor-widget-container\">\n\t\t\t\t\t<h2 class=\"elementor-heading-title elementor-size-default\">Pacto comunitario <\/h2>\t\t\t\t<\/div>\n\t\t\t\t<\/div>\n\t\t\t\t\t<\/div>\n\t\t<\/div>\n\t\t\t\t<div class=\"elementor-column elementor-col-25 elementor-inner-column elementor-element elementor-element-f67df86\" data-id=\"f67df86\" data-element_type=\"column\" data-e-type=\"column\">\n\t\t\t<div class=\"elementor-widget-wrap\">\n\t\t\t\t\t\t\t<\/div>\n\t\t<\/div>\n\t\t\t\t<div class=\"elementor-column elementor-col-25 elementor-inner-column elementor-element elementor-element-eff6140\" data-id=\"eff6140\" data-element_type=\"column\" data-e-type=\"column\">\n\t\t\t<div class=\"elementor-widget-wrap\">\n\t\t\t\t\t\t\t<\/div>\n\t\t<\/div>\n\t\t\t\t\t<\/div>\n\t\t<\/section>\n\t\t\t\t<div class=\"elementor-element elementor-element-eada7fe elementor-widget elementor-widget-spacer\" data-id=\"eada7fe\" data-element_type=\"widget\" data-e-type=\"widget\" data-widget_type=\"spacer.default\">\n\t\t\t\t<div class=\"elementor-widget-container\">\n\t\t\t\t\t\t\t<div class=\"elementor-spacer\">\n\t\t\t<div class=\"elementor-spacer-inner\"><\/div>\n\t\t<\/div>\n\t\t\t\t\t\t<\/div>\n\t\t\t\t<\/div>\n\t\t\t\t\t<\/div>\n\t\t<\/div>\n\t\t\t\t\t<\/div>\n\t\t<\/section>\n\t\t\t\t<section class=\"elementor-section elementor-top-section elementor-element elementor-element-19f125b elementor-section-content-middle elementor-section-boxed elementor-section-height-default elementor-section-height-default\" data-id=\"19f125b\" data-element_type=\"section\" data-e-type=\"section\">\n\t\t\t\t\t\t<div class=\"elementor-container elementor-column-gap-default\">\n\t\t\t\t\t<div class=\"elementor-column elementor-col-100 elementor-top-column elementor-element elementor-element-55905a8\" data-id=\"55905a8\" data-element_type=\"column\" data-e-type=\"column\">\n\t\t\t<div class=\"elementor-widget-wrap elementor-element-populated\">\n\t\t\t\t\t\t<section class=\"elementor-section elementor-inner-section elementor-element elementor-element-41e4fe1 elementor-section-content-middle elementor-section-boxed elementor-section-height-default elementor-section-height-default\" data-id=\"41e4fe1\" data-element_type=\"section\" data-e-type=\"section\">\n\t\t\t\t\t\t<div class=\"elementor-container elementor-column-gap-default\">\n\t\t\t\t\t<div class=\"elementor-column elementor-col-50 elementor-inner-column elementor-element elementor-element-11fd0c0\" data-id=\"11fd0c0\" data-element_type=\"column\" data-e-type=\"column\">\n\t\t\t<div class=\"elementor-widget-wrap elementor-element-populated\">\n\t\t\t\t\t\t<div class=\"elementor-element elementor-element-53e6380 elementor-widget elementor-widget-image\" data-id=\"53e6380\" data-element_type=\"widget\" data-e-type=\"widget\" data-widget_type=\"image.default\">\n\t\t\t\t<div class=\"elementor-widget-container\">\n\t\t\t\t\t\t\t\t\t\t\t\t\t\t\t<img fetchpriority=\"high\" decoding=\"async\" width=\"1279\" height=\"854\" src=\"https:\/\/mountainmediationcenter.org\/wp-content\/uploads\/2022\/05\/community-compact-youth.jpg\" class=\"attachment-full size-full wp-image-6175\" alt=\"community-compact-youth\" srcset=\"https:\/\/mountainmediationcenter.org\/wp-content\/uploads\/2022\/05\/community-compact-youth.jpg 1279w, https:\/\/mountainmediationcenter.org\/wp-content\/uploads\/2022\/05\/community-compact-youth-300x200.jpg 300w, https:\/\/mountainmediationcenter.org\/wp-content\/uploads\/2022\/05\/community-compact-youth-1024x684.jpg 1024w, https:\/\/mountainmediationcenter.org\/wp-content\/uploads\/2022\/05\/community-compact-youth-768x513.jpg 768w\" sizes=\"(max-width: 1279px) 100vw, 1279px\" \/>\t\t\t\t\t\t\t\t\t\t\t\t\t\t\t<\/div>\n\t\t\t\t<\/div>\n\t\t\t\t\t<\/div>\n\t\t<\/div>\n\t\t\t\t<div class=\"elementor-column elementor-col-50 elementor-inner-column elementor-element elementor-element-abe797d\" data-id=\"abe797d\" data-element_type=\"column\" data-e-type=\"column\">\n\t\t\t<div class=\"elementor-widget-wrap elementor-element-populated\">\n\t\t\t\t\t\t<div class=\"elementor-element elementor-element-d467fe5 elementor-widget elementor-widget-text-editor\" data-id=\"d467fe5\" data-element_type=\"widget\" data-e-type=\"widget\" data-widget_type=\"text-editor.default\">\n\t\t\t\t<div class=\"elementor-widget-container\">\n\t\t\t\t\t\t\t\t\t<h1 class=\"title td-left\">Acerca del Pacto Comunitario\u00a0<\/h1>\t\t\t\t\t\t\t\t<\/div>\n\t\t\t\t<\/div>\n\t\t\t\t<div class=\"elementor-element elementor-element-d5a2995 elementor-widget elementor-widget-text-editor\" data-id=\"d5a2995\" data-element_type=\"widget\" data-e-type=\"widget\" data-widget_type=\"text-editor.default\">\n\t\t\t\t<div class=\"elementor-widget-container\">\n\t\t\t\t\t\t\t\t\t<p><span style=\"font-weight: 400;\">El Centro de Mediaci\u00f3n de Monta\u00f1a ha trabajado con el Colaborativo de Justicia Restaurativa de Utah <\/span><span style=\"font-weight: 400;\">(enlace) <\/span><span style=\"font-weight: 400;\">y otras organizaciones aliadas para ayudar a los responsables de las pol\u00edticas en sus esfuerzos por definir la Justicia Restaurativa. Un grupo de organizaciones se uni\u00f3 para redactar y respaldar un Pacto Comunitario para aclarar qu\u00e9 es la Justicia Restaurativa y sus posibles aplicaciones en la justicia penal, la educaci\u00f3n y los entornos comunitarios. El Pacto Comunitario proporciona una descripci\u00f3n general de la Justicia Restaurativa, as\u00ed como una lista de recursos para una mayor exploraci\u00f3n del tema. El Pacto ha sido una herramienta importante para educar a las personas sobre la Justicia Restaurativa.<\/span><\/p>\t\t\t\t\t\t\t\t<\/div>\n\t\t\t\t<\/div>\n\t\t\t\t<div class=\"elementor-element elementor-element-dd6d0a1 elementor-widget elementor-widget-text-editor\" data-id=\"dd6d0a1\" data-element_type=\"widget\" data-e-type=\"widget\" data-widget_type=\"text-editor.default\">\n\t\t\t\t<div class=\"elementor-widget-container\">\n\t\t\t\t\t\t\t\t\t<p><span style=\"font-weight: 400;\">Pacto comunitario sobre el uso de la justicia restaurativa para la seguridad y el empoderamiento de los j\u00f3venes de Utah<\/span><\/p><p><b><i>PRESENTADO POR LA MESA REDONDA JUSTICIA E IGUALDAD PARA NI\u00d1OS<\/i><\/b><\/p>\t\t\t\t\t\t\t\t<\/div>\n\t\t\t\t<\/div>\n\t\t\t\t<div class=\"elementor-element elementor-element-cfaf26c elementor-align-left elementor-widget elementor-widget-button\" data-id=\"cfaf26c\" data-element_type=\"widget\" data-e-type=\"widget\" data-widget_type=\"button.default\">\n\t\t\t\t<div class=\"elementor-widget-container\">\n\t\t\t\t\t\t\t\t\t<div class=\"elementor-button-wrapper\">\n\t\t\t\t\t<a class=\"elementor-button elementor-button-link elementor-size-sm\" href=\"http:\/\/mountainmediationcenter.org\/wp-content\/uploads\/2022\/05\/Community_Compact_on_Restorative_Justice_1019.pdf\" target=\"_blank\">\n\t\t\t\t\t\t<span class=\"elementor-button-content-wrapper\">\n\t\t\t\t\t\t\t\t\t<span class=\"elementor-button-text\">Ver como PDF <\/span>\n\t\t\t\t\t<\/span>\n\t\t\t\t\t<\/a>\n\t\t\t\t<\/div>\n\t\t\t\t\t\t\t\t<\/div>\n\t\t\t\t<\/div>\n\t\t\t\t<div class=\"elementor-element elementor-element-5535e0a elementor-widget elementor-widget-spacer\" data-id=\"5535e0a\" data-element_type=\"widget\" data-e-type=\"widget\" data-widget_type=\"spacer.default\">\n\t\t\t\t<div class=\"elementor-widget-container\">\n\t\t\t\t\t\t\t<div class=\"elementor-spacer\">\n\t\t\t<div class=\"elementor-spacer-inner\"><\/div>\n\t\t<\/div>\n\t\t\t\t\t\t<\/div>\n\t\t\t\t<\/div>\n\t\t\t\t\t<\/div>\n\t\t<\/div>\n\t\t\t\t\t<\/div>\n\t\t<\/section>\n\t\t\t\t\t<\/div>\n\t\t<\/div>\n\t\t\t\t\t<\/div>\n\t\t<\/section>\n\t\t\t\t<section class=\"elementor-section elementor-top-section elementor-element elementor-element-8a03ffd elementor-section-boxed elementor-section-height-default elementor-section-height-default\" data-id=\"8a03ffd\" data-element_type=\"section\" data-e-type=\"section\">\n\t\t\t\t\t\t<div class=\"elementor-container elementor-column-gap-default\">\n\t\t\t\t\t<div class=\"elementor-column elementor-col-100 elementor-top-column elementor-element elementor-element-4cf5c41\" data-id=\"4cf5c41\" data-element_type=\"column\" data-e-type=\"column\">\n\t\t\t<div class=\"elementor-widget-wrap\">\n\t\t\t\t\t\t\t<\/div>\n\t\t<\/div>\n\t\t\t\t\t<\/div>\n\t\t<\/section>\n\t\t\t\t<section class=\"elementor-section elementor-top-section elementor-element elementor-element-5eba1e7 elementor-section-boxed elementor-section-height-default elementor-section-height-default\" data-id=\"5eba1e7\" data-element_type=\"section\" data-e-type=\"section\">\n\t\t\t\t\t\t<div class=\"elementor-container elementor-column-gap-default\">\n\t\t\t\t\t<div class=\"elementor-column elementor-col-50 elementor-top-column elementor-element elementor-element-27c9dc8\" data-id=\"27c9dc8\" data-element_type=\"column\" data-e-type=\"column\">\n\t\t\t<div class=\"elementor-widget-wrap elementor-element-populated\">\n\t\t\t\t\t\t<div class=\"elementor-element elementor-element-48f4c1c elementor-widget elementor-widget-text-editor\" data-id=\"48f4c1c\" data-element_type=\"widget\" data-e-type=\"widget\" data-widget_type=\"text-editor.default\">\n\t\t\t\t<div class=\"elementor-widget-container\">\n\t\t\t\t\t\t\t\t\t<p><b>Firmado por las siguientes organizaciones a julio de 2019:<\/b><\/p><p><i><span style=\"font-weight: 400;\">Voces para los ni\u00f1os de Utah<\/span><\/i><\/p><p><i><span style=\"font-weight: 400;\">Viaje de esperanza<\/span><\/i><\/p><p><i><span style=\"font-weight: 400;\">La Asociaci\u00f3n de Educaci\u00f3n de Utah<\/span><\/i><\/p><p><i><span style=\"font-weight: 400;\">Sucursal de Ogden de la NAACP<\/span><\/i><\/p><p><i><span style=\"font-weight: 400;\">Abogados defensores de menores en Utah<\/span><\/i><\/p><p><i><span style=\"font-weight: 400;\">Centro de Mediaci\u00f3n de Monta\u00f1a<\/span><\/i><\/p><p><i><span style=\"font-weight: 400;\">Colaboraci\u00f3n de Justicia Restaurativa de Utah<\/span><\/i><\/p><p><i><span style=\"font-weight: 400;\">Centro de Derecho de Discapacidad<\/span><\/i><\/p><p><i><span style=\"font-weight: 400;\">YWCA de Utah<\/span><\/i><\/p><p><i><span style=\"font-weight: 400;\">ACLU de Utah<\/span><\/i><\/p><p><i><span style=\"font-weight: 400;\">Utah, un estado racialmente justo<\/span><\/i><\/p>\t\t\t\t\t\t\t\t<\/div>\n\t\t\t\t<\/div>\n\t\t\t\t\t<\/div>\n\t\t<\/div>\n\t\t\t\t<div class=\"elementor-column elementor-col-50 elementor-top-column elementor-element elementor-element-ac6f13f\" data-id=\"ac6f13f\" data-element_type=\"column\" data-e-type=\"column\">\n\t\t\t<div class=\"elementor-widget-wrap elementor-element-populated\">\n\t\t\t\t\t\t<div class=\"elementor-element elementor-element-cd9fe2c elementor-widget elementor-widget-text-editor\" data-id=\"cd9fe2c\" data-element_type=\"widget\" data-e-type=\"widget\" data-widget_type=\"text-editor.default\">\n\t\t\t\t<div class=\"elementor-widget-container\">\n\t\t\t\t\t\t\t\t\t<p><i><span style=\"font-weight: 400;\">Apoyamos y afirmamos la definici\u00f3n de justicia restaurativa en la educaci\u00f3n, tal como se present\u00f3 en la Resoluci\u00f3n 1 de la C\u00e1mara de Representantes (HR001), patrocinada por la representante de Utah Sandra Hollins, durante la sesi\u00f3n legislativa de Utah de 2018. El lenguaje utilizado aqu\u00ed se inspira en el trabajo de la representante Hollins y el grupo colaborativo de justicia restaurativa de Utah para crear esa legislaci\u00f3n.<\/span><\/i><\/p><p><i><span style=\"font-weight: 400;\">Apoyamos y nos asociamos con el Restorative Justice Collaborative of Utah, al que recomendamos como recurso local para miembros de la comunidad, acad\u00e9micos, padres, formuladores de pol\u00edticas, educadores y todos los dem\u00e1s que trabajan con los j\u00f3venes y se preocupan por ellos.<\/span><\/i><\/p><p><i><span style=\"font-weight: 400;\">Apoyamos y colaboramos con la Junta de Educaci\u00f3n del Estado de Utah en su labor de brindar capacitaci\u00f3n y apoyo t\u00e9cnico en pr\u00e1cticas restaurativas a nuestras escuelas. Si bien nuestro lenguaje y enfoques pueden diferir en los m\u00e1rgenes, compartimos una comprensi\u00f3n central de la importancia y el poder de la justicia restaurativa.<\/span><\/i><\/p>\t\t\t\t\t\t\t\t<\/div>\n\t\t\t\t<\/div>\n\t\t\t\t\t<\/div>\n\t\t<\/div>\n\t\t\t\t\t<\/div>\n\t\t<\/section>\n\t\t\t\t<\/div>","protected":false},"excerpt":{"rendered":"<p>Community Compact About Community Compact Mountain Mediation Center has worked with the Restorative Justice Collaborative of Utah (link) and other allied organizations to assist policy makers in their efforts to define Restorative Justice. A group of organizations came together to draft and endorse a Community Compact to clarify what Restorative Justice is and its potential [&hellip;]<\/p>","protected":false},"author":1,"featured_media":0,"parent":0,"menu_order":0,"comment_status":"closed","ping_status":"closed","template":"elementor_header_footer","meta":{"footnotes":""},"class_list":["post-5945","page","type-page","status-publish","hentry"],"yoast_head":"<!-- This site is optimized with the Yoast SEO plugin v23.2 - https:\/\/yoast.com\/wordpress\/plugins\/seo\/ -->\n<title>Community Compact | Mountain Mediation Center | Utah<\/title>\n<meta name=\"description\" content=\"Mountain Mediation Center has worked with the Restorative Justice Collaborative of Utah (link) and other allied organizations to assist policy makers in their efforts to define Restorative Justice.\" \/>\n<meta name=\"robots\" content=\"index, follow, max-snippet:-1, max-image-preview:large, max-video-preview:-1\" \/>\n<link rel=\"canonical\" href=\"https:\/\/mountainmediationcenter.org\/es\/community-compact\/\" \/>\n<meta property=\"og:locale\" content=\"es_ES\" \/>\n<meta property=\"og:type\" content=\"article\" \/>\n<meta property=\"og:title\" content=\"Community Compact | Mountain Mediation Center | Utah\" \/>\n<meta property=\"og:description\" content=\"Mountain Mediation Center has worked with the Restorative Justice Collaborative of Utah (link) and other allied organizations to assist policy makers in their efforts to define Restorative Justice.\" \/>\n<meta property=\"og:url\" content=\"https:\/\/mountainmediationcenter.org\/es\/community-compact\/\" \/>\n<meta property=\"og:site_name\" content=\"Mountain Mediation Center\" \/>\n<meta property=\"article:modified_time\" content=\"2022-09-26T20:25:01+00:00\" \/>\n<meta property=\"og:image\" content=\"http:\/\/mountainmediationcenter.org\/wp-content\/uploads\/2022\/05\/community-compact-youth.jpg\" \/>\n<meta name=\"twitter:card\" content=\"summary_large_image\" \/>\n<meta name=\"twitter:label1\" content=\"Tiempo de lectura\" \/>\n\t<meta name=\"twitter:data1\" content=\"2 minutos\" \/>\n<script type=\"application\/ld+json\" class=\"yoast-schema-graph\">{\"@context\":\"https:\/\/schema.org\",\"@graph\":[{\"@type\":\"WebPage\",\"@id\":\"https:\/\/mountainmediationcenter.org\/community-compact\/\",\"url\":\"https:\/\/mountainmediationcenter.org\/community-compact\/\",\"name\":\"Community Compact | Mountain Mediation Center | Utah\",\"isPartOf\":{\"@id\":\"https:\/\/mountainmediationcenter.org\/#website\"},\"primaryImageOfPage\":{\"@id\":\"https:\/\/mountainmediationcenter.org\/community-compact\/#primaryimage\"},\"image\":{\"@id\":\"https:\/\/mountainmediationcenter.org\/community-compact\/#primaryimage\"},\"thumbnailUrl\":\"http:\/\/mountainmediationcenter.org\/wp-content\/uploads\/2022\/05\/community-compact-youth.jpg\",\"datePublished\":\"2022-04-04T21:41:15+00:00\",\"dateModified\":\"2022-09-26T20:25:01+00:00\",\"description\":\"Mountain Mediation Center has worked with the Restorative Justice Collaborative of Utah (link) and other allied organizations to assist policy makers in their efforts to define Restorative Justice.\",\"breadcrumb\":{\"@id\":\"https:\/\/mountainmediationcenter.org\/community-compact\/#breadcrumb\"},\"inLanguage\":\"es\",\"potentialAction\":[{\"@type\":\"ReadAction\",\"target\":[\"https:\/\/mountainmediationcenter.org\/community-compact\/\"]}]},{\"@type\":\"ImageObject\",\"inLanguage\":\"es\",\"@id\":\"https:\/\/mountainmediationcenter.org\/community-compact\/#primaryimage\",\"url\":\"http:\/\/mountainmediationcenter.org\/wp-content\/uploads\/2022\/05\/community-compact-youth.jpg\",\"contentUrl\":\"http:\/\/mountainmediationcenter.org\/wp-content\/uploads\/2022\/05\/community-compact-youth.jpg\"},{\"@type\":\"BreadcrumbList\",\"@id\":\"https:\/\/mountainmediationcenter.org\/community-compact\/#breadcrumb\",\"itemListElement\":[{\"@type\":\"ListItem\",\"position\":1,\"name\":\"Home\",\"item\":\"https:\/\/mountainmediationcenter.org\/\"},{\"@type\":\"ListItem\",\"position\":2,\"name\":\"Community Compact\"}]},{\"@type\":\"WebSite\",\"@id\":\"https:\/\/mountainmediationcenter.org\/#website\",\"url\":\"https:\/\/mountainmediationcenter.org\/\",\"name\":\"Mountain Mediation Center\",\"description\":\"Bringing people together to prevent conflict, resolve disputes, and build a more inclusive community.\",\"potentialAction\":[{\"@type\":\"SearchAction\",\"target\":{\"@type\":\"EntryPoint\",\"urlTemplate\":\"https:\/\/mountainmediationcenter.org\/?s={search_term_string}\"},\"query-input\":\"required name=search_term_string\"}],\"inLanguage\":\"es\"}]}<\/script>\n<!-- \/ Yoast SEO plugin. -->","yoast_head_json":{"title":"Community Compact | Mountain Mediation Center | Utah","description":"Mountain Mediation Center has worked with the Restorative Justice Collaborative of Utah (link) and other allied organizations to assist policy makers in their efforts to define Restorative Justice.","robots":{"index":"index","follow":"follow","max-snippet":"max-snippet:-1","max-image-preview":"max-image-preview:large","max-video-preview":"max-video-preview:-1"},"canonical":"https:\/\/mountainmediationcenter.org\/es\/community-compact\/","og_locale":"es_ES","og_type":"article","og_title":"Community Compact | Mountain Mediation Center | Utah","og_description":"Mountain Mediation Center has worked with the Restorative Justice Collaborative of Utah (link) and other allied organizations to assist policy makers in their efforts to define Restorative Justice.","og_url":"https:\/\/mountainmediationcenter.org\/es\/community-compact\/","og_site_name":"Mountain Mediation Center","article_modified_time":"2022-09-26T20:25:01+00:00","og_image":[{"url":"http:\/\/mountainmediationcenter.org\/wp-content\/uploads\/2022\/05\/community-compact-youth.jpg"}],"twitter_card":"summary_large_image","twitter_misc":{"Tiempo de lectura":"2 minutos"},"schema":{"@context":"https:\/\/schema.org","@graph":[{"@type":"WebPage","@id":"https:\/\/mountainmediationcenter.org\/community-compact\/","url":"https:\/\/mountainmediationcenter.org\/community-compact\/","name":"Community Compact | Mountain Mediation Center | Utah","isPartOf":{"@id":"https:\/\/mountainmediationcenter.org\/#website"},"primaryImageOfPage":{"@id":"https:\/\/mountainmediationcenter.org\/community-compact\/#primaryimage"},"image":{"@id":"https:\/\/mountainmediationcenter.org\/community-compact\/#primaryimage"},"thumbnailUrl":"http:\/\/mountainmediationcenter.org\/wp-content\/uploads\/2022\/05\/community-compact-youth.jpg","datePublished":"2022-04-04T21:41:15+00:00","dateModified":"2022-09-26T20:25:01+00:00","description":"Mountain Mediation Center has worked with the Restorative Justice Collaborative of Utah (link) and other allied organizations to assist policy makers in their efforts to define Restorative Justice.","breadcrumb":{"@id":"https:\/\/mountainmediationcenter.org\/community-compact\/#breadcrumb"},"inLanguage":"es","potentialAction":[{"@type":"ReadAction","target":["https:\/\/mountainmediationcenter.org\/community-compact\/"]}]},{"@type":"ImageObject","inLanguage":"es","@id":"https:\/\/mountainmediationcenter.org\/community-compact\/#primaryimage","url":"http:\/\/mountainmediationcenter.org\/wp-content\/uploads\/2022\/05\/community-compact-youth.jpg","contentUrl":"http:\/\/mountainmediationcenter.org\/wp-content\/uploads\/2022\/05\/community-compact-youth.jpg"},{"@type":"BreadcrumbList","@id":"https:\/\/mountainmediationcenter.org\/community-compact\/#breadcrumb","itemListElement":[{"@type":"ListItem","position":1,"name":"Home","item":"https:\/\/mountainmediationcenter.org\/"},{"@type":"ListItem","position":2,"name":"Community Compact"}]},{"@type":"WebSite","@id":"https:\/\/mountainmediationcenter.org\/#website","url":"https:\/\/mountainmediationcenter.org\/","name":"Mountain Mediation Center","description":"Bringing people together to prevent conflict, resolve disputes, and build a more inclusive community.","potentialAction":[{"@type":"SearchAction","target":{"@type":"EntryPoint","urlTemplate":"https:\/\/mountainmediationcenter.org\/?s={search_term_string}"},"query-input":"required name=search_term_string"}],"inLanguage":"es"}]}},"_links":{"self":[{"href":"https:\/\/mountainmediationcenter.org\/es\/wp-json\/wp\/v2\/pages\/5945","targetHints":{"allow":["GET"]}}],"collection":[{"href":"https:\/\/mountainmediationcenter.org\/es\/wp-json\/wp\/v2\/pages"}],"about":[{"href":"https:\/\/mountainmediationcenter.org\/es\/wp-json\/wp\/v2\/types\/page"}],"author":[{"embeddable":true,"href":"https:\/\/mountainmediationcenter.org\/es\/wp-json\/wp\/v2\/users\/1"}],"replies":[{"embeddable":true,"href":"https:\/\/mountainmediationcenter.org\/es\/wp-json\/wp\/v2\/comments?post=5945"}],"version-history":[{"count":18,"href":"https:\/\/mountainmediationcenter.org\/es\/wp-json\/wp\/v2\/pages\/5945\/revisions"}],"predecessor-version":[{"id":7144,"href":"https:\/\/mountainmediationcenter.org\/es\/wp-json\/wp\/v2\/pages\/5945\/revisions\/7144"}],"wp:attachment":[{"href":"https:\/\/mountainmediationcenter.org\/es\/wp-json\/wp\/v2\/media?parent=5945"}],"curies":[{"name":"wp","href":"https:\/\/api.w.org\/{rel}","templated":true}]}}