{"id":5951,"date":"2022-04-04T21:45:44","date_gmt":"2022-04-04T21:45:44","guid":{"rendered":"https:\/\/mountainmediationcenter.org\/?page_id=5951"},"modified":"2022-09-26T20:24:23","modified_gmt":"2022-09-26T20:24:23","slug":"community-building-conversations","status":"publish","type":"page","link":"https:\/\/mountainmediationcenter.org\/es\/community-building-conversations\/","title":{"rendered":"Conversaciones para construir comunidad"},"content":{"rendered":"<div data-elementor-type=\"wp-page\" data-elementor-id=\"5951\" class=\"elementor elementor-5951\" data-elementor-post-type=\"page\">\n\t\t\t\t\t\t<section class=\"elementor-section elementor-top-section elementor-element elementor-element-2bd4211 elementor-section-boxed elementor-section-height-default elementor-section-height-default\" data-id=\"2bd4211\" data-element_type=\"section\" data-e-type=\"section\" data-settings=\"{&quot;background_background&quot;:&quot;classic&quot;}\">\n\t\t\t\t\t\t\t<div class=\"elementor-background-overlay\"><\/div>\n\t\t\t\t\t\t\t<div class=\"elementor-container elementor-column-gap-default\">\n\t\t\t\t\t<div class=\"elementor-column elementor-col-100 elementor-top-column elementor-element elementor-element-5b1bc6a\" data-id=\"5b1bc6a\" data-element_type=\"column\" data-e-type=\"column\">\n\t\t\t<div class=\"elementor-widget-wrap elementor-element-populated\">\n\t\t\t\t\t\t<div class=\"elementor-element elementor-element-88b249f elementor-widget elementor-widget-spacer\" data-id=\"88b249f\" data-element_type=\"widget\" data-e-type=\"widget\" data-widget_type=\"spacer.default\">\n\t\t\t\t<div class=\"elementor-widget-container\">\n\t\t\t\t\t\t\t<div class=\"elementor-spacer\">\n\t\t\t<div class=\"elementor-spacer-inner\"><\/div>\n\t\t<\/div>\n\t\t\t\t\t\t<\/div>\n\t\t\t\t<\/div>\n\t\t\t\t<section class=\"elementor-section elementor-inner-section elementor-element elementor-element-34d807c elementor-section-boxed elementor-section-height-default elementor-section-height-default\" data-id=\"34d807c\" data-element_type=\"section\" data-e-type=\"section\">\n\t\t\t\t\t\t<div class=\"elementor-container elementor-column-gap-default\">\n\t\t\t\t\t<div class=\"elementor-column elementor-col-25 elementor-inner-column elementor-element elementor-element-a9ed262\" data-id=\"a9ed262\" data-element_type=\"column\" data-e-type=\"column\">\n\t\t\t<div class=\"elementor-widget-wrap\">\n\t\t\t\t\t\t\t<\/div>\n\t\t<\/div>\n\t\t\t\t<div class=\"elementor-column elementor-col-25 elementor-inner-column elementor-element elementor-element-54c6099\" data-id=\"54c6099\" data-element_type=\"column\" data-e-type=\"column\">\n\t\t\t<div class=\"elementor-widget-wrap elementor-element-populated\">\n\t\t\t\t\t\t<div class=\"elementor-element elementor-element-83ed8ef elementor-widget elementor-widget-heading\" data-id=\"83ed8ef\" data-element_type=\"widget\" data-e-type=\"widget\" data-widget_type=\"heading.default\">\n\t\t\t\t<div class=\"elementor-widget-container\">\n\t\t\t\t\t<h2 class=\"elementor-heading-title elementor-size-default\">Conversaciones para construir comunidad <\/h2>\t\t\t\t<\/div>\n\t\t\t\t<\/div>\n\t\t\t\t\t<\/div>\n\t\t<\/div>\n\t\t\t\t<div class=\"elementor-column elementor-col-25 elementor-inner-column elementor-element elementor-element-b81252d\" data-id=\"b81252d\" data-element_type=\"column\" data-e-type=\"column\">\n\t\t\t<div class=\"elementor-widget-wrap\">\n\t\t\t\t\t\t\t<\/div>\n\t\t<\/div>\n\t\t\t\t<div class=\"elementor-column elementor-col-25 elementor-inner-column elementor-element elementor-element-4c34d6e\" data-id=\"4c34d6e\" data-element_type=\"column\" data-e-type=\"column\">\n\t\t\t<div class=\"elementor-widget-wrap\">\n\t\t\t\t\t\t\t<\/div>\n\t\t<\/div>\n\t\t\t\t\t<\/div>\n\t\t<\/section>\n\t\t\t\t<div class=\"elementor-element elementor-element-3cb7019 elementor-widget elementor-widget-spacer\" data-id=\"3cb7019\" data-element_type=\"widget\" data-e-type=\"widget\" data-widget_type=\"spacer.default\">\n\t\t\t\t<div class=\"elementor-widget-container\">\n\t\t\t\t\t\t\t<div class=\"elementor-spacer\">\n\t\t\t<div class=\"elementor-spacer-inner\"><\/div>\n\t\t<\/div>\n\t\t\t\t\t\t<\/div>\n\t\t\t\t<\/div>\n\t\t\t\t\t<\/div>\n\t\t<\/div>\n\t\t\t\t\t<\/div>\n\t\t<\/section>\n\t\t\t\t<section class=\"elementor-section elementor-top-section elementor-element elementor-element-2454eb4 elementor-section-content-middle elementor-section-boxed elementor-section-height-default elementor-section-height-default\" data-id=\"2454eb4\" data-element_type=\"section\" data-e-type=\"section\">\n\t\t\t\t\t\t<div class=\"elementor-container elementor-column-gap-default\">\n\t\t\t\t\t<div class=\"elementor-column elementor-col-100 elementor-top-column elementor-element elementor-element-eb5d87b\" data-id=\"eb5d87b\" data-element_type=\"column\" data-e-type=\"column\">\n\t\t\t<div class=\"elementor-widget-wrap elementor-element-populated\">\n\t\t\t\t\t\t<section class=\"elementor-section elementor-inner-section elementor-element elementor-element-5dcd172 elementor-section-content-middle elementor-section-boxed elementor-section-height-default elementor-section-height-default\" data-id=\"5dcd172\" data-element_type=\"section\" data-e-type=\"section\">\n\t\t\t\t\t\t<div class=\"elementor-container elementor-column-gap-default\">\n\t\t\t\t\t<div class=\"elementor-column elementor-col-50 elementor-inner-column elementor-element elementor-element-b91ec01\" data-id=\"b91ec01\" data-element_type=\"column\" data-e-type=\"column\">\n\t\t\t<div class=\"elementor-widget-wrap elementor-element-populated\">\n\t\t\t\t\t\t<div class=\"elementor-element elementor-element-2220758 elementor-widget elementor-widget-image\" data-id=\"2220758\" data-element_type=\"widget\" data-e-type=\"widget\" data-widget_type=\"image.default\">\n\t\t\t\t<div class=\"elementor-widget-container\">\n\t\t\t\t\t\t\t\t\t\t\t\t\t\t\t<img fetchpriority=\"high\" decoding=\"async\" width=\"1280\" height=\"853\" src=\"https:\/\/mountainmediationcenter.org\/wp-content\/uploads\/2022\/05\/community-building-conversations-utah.jpg\" class=\"attachment-full size-full wp-image-6153\" alt=\"community-building-conversations-utah\" srcset=\"https:\/\/mountainmediationcenter.org\/wp-content\/uploads\/2022\/05\/community-building-conversations-utah.jpg 1280w, https:\/\/mountainmediationcenter.org\/wp-content\/uploads\/2022\/05\/community-building-conversations-utah-300x200.jpg 300w, https:\/\/mountainmediationcenter.org\/wp-content\/uploads\/2022\/05\/community-building-conversations-utah-1024x682.jpg 1024w, https:\/\/mountainmediationcenter.org\/wp-content\/uploads\/2022\/05\/community-building-conversations-utah-768x512.jpg 768w\" sizes=\"(max-width: 1280px) 100vw, 1280px\" \/>\t\t\t\t\t\t\t\t\t\t\t\t\t\t\t<\/div>\n\t\t\t\t<\/div>\n\t\t\t\t\t<\/div>\n\t\t<\/div>\n\t\t\t\t<div class=\"elementor-column elementor-col-50 elementor-inner-column elementor-element elementor-element-f1cdecd\" data-id=\"f1cdecd\" data-element_type=\"column\" data-e-type=\"column\">\n\t\t\t<div class=\"elementor-widget-wrap elementor-element-populated\">\n\t\t\t\t\t\t<div class=\"elementor-element elementor-element-4c15c55 elementor-widget elementor-widget-text-editor\" data-id=\"4c15c55\" data-element_type=\"widget\" data-e-type=\"widget\" data-widget_type=\"text-editor.default\">\n\t\t\t\t<div class=\"elementor-widget-container\">\n\t\t\t\t\t\t\t\t\t<p><span style=\"font-weight: 400;\">Durante varios a\u00f1os, MMC ha organizado una serie continua de conversaciones comunitarias biling\u00fces en vivo y virtuales. El objetivo es fomentar nuevas relaciones, compartir perspectivas y construir un sentido m\u00e1s fuerte de comunidad compartida.<\/span><\/p><p><span style=\"font-weight: 400;\">Nuestras conversaciones comunitarias siguen el modelo de los c\u00edrculos de construcci\u00f3n comunitaria restaurativa. Los participantes se re\u00fanen en grupos peque\u00f1os, cada uno acompa\u00f1ado por un int\u00e9rprete de espa\u00f1ol. Un voluntario de MMC capacitado en pr\u00e1cticas de justicia restaurativa facilita la discusi\u00f3n, lo que permite que todos escuchen y compartan sus experiencias y puntos de vista. Algunas conversaciones est\u00e1n precedidas por una breve mesa redonda para proporcionar informaci\u00f3n de fondo e investigaciones\/datos actuales para ayudar a enmarcar la discusi\u00f3n. Sin embargo, en estas conversaciones comunitarias no hay &quot;expertos&quot;. La experiencia vivida de cada participante tiene el mismo valor y se suma a la riqueza y diversidad de la discusi\u00f3n.<\/span><\/p>\t\t\t\t\t\t\t\t<\/div>\n\t\t\t\t<\/div>\n\t\t\t\t<div class=\"elementor-element elementor-element-45f7f23 elementor-widget elementor-widget-spacer\" data-id=\"45f7f23\" data-element_type=\"widget\" data-e-type=\"widget\" data-widget_type=\"spacer.default\">\n\t\t\t\t<div class=\"elementor-widget-container\">\n\t\t\t\t\t\t\t<div class=\"elementor-spacer\">\n\t\t\t<div class=\"elementor-spacer-inner\"><\/div>\n\t\t<\/div>\n\t\t\t\t\t\t<\/div>\n\t\t\t\t<\/div>\n\t\t\t\t\t<\/div>\n\t\t<\/div>\n\t\t\t\t\t<\/div>\n\t\t<\/section>\n\t\t\t\t\t<\/div>\n\t\t<\/div>\n\t\t\t\t\t<\/div>\n\t\t<\/section>\n\t\t\t\t<section class=\"elementor-section elementor-top-section elementor-element elementor-element-f0bccb0 elementor-section-boxed elementor-section-height-default elementor-section-height-default\" data-id=\"f0bccb0\" data-element_type=\"section\" data-e-type=\"section\">\n\t\t\t\t\t\t<div class=\"elementor-container elementor-column-gap-default\">\n\t\t\t\t\t<div class=\"elementor-column elementor-col-25 elementor-top-column elementor-element elementor-element-d6ecf8d\" data-id=\"d6ecf8d\" data-element_type=\"column\" data-e-type=\"column\">\n\t\t\t<div class=\"elementor-widget-wrap\">\n\t\t\t\t\t\t\t<\/div>\n\t\t<\/div>\n\t\t\t\t<div class=\"elementor-column elementor-col-50 elementor-top-column elementor-element elementor-element-c1892bc\" data-id=\"c1892bc\" data-element_type=\"column\" data-e-type=\"column\">\n\t\t\t<div class=\"elementor-widget-wrap elementor-element-populated\">\n\t\t\t\t\t\t<div class=\"elementor-element elementor-element-06567ef elementor-widget elementor-widget-video\" data-id=\"06567ef\" data-element_type=\"widget\" data-e-type=\"widget\" data-settings=\"{&quot;youtube_url&quot;:&quot;https:\\\/\\\/www.youtube.com\\\/watch?v=PyHjW1AAJ-o&quot;,&quot;loop&quot;:&quot;yes&quot;,&quot;yt_privacy&quot;:&quot;yes&quot;,&quot;video_type&quot;:&quot;youtube&quot;,&quot;controls&quot;:&quot;yes&quot;}\" data-widget_type=\"video.default\">\n\t\t\t\t<div class=\"elementor-widget-container\">\n\t\t\t\t\t\t\t<div class=\"elementor-wrapper elementor-open-inline\">\n\t\t\t<div class=\"elementor-video\"><\/div>\t\t<\/div>\n\t\t\t\t\t\t<\/div>\n\t\t\t\t<\/div>\n\t\t\t\t\t<\/div>\n\t\t<\/div>\n\t\t\t\t<div class=\"elementor-column elementor-col-25 elementor-top-column elementor-element elementor-element-1ae68e1\" data-id=\"1ae68e1\" data-element_type=\"column\" data-e-type=\"column\">\n\t\t\t<div class=\"elementor-widget-wrap\">\n\t\t\t\t\t\t\t<\/div>\n\t\t<\/div>\n\t\t\t\t\t<\/div>\n\t\t<\/section>\n\t\t\t\t<\/div>","protected":false},"excerpt":{"rendered":"<p>Community Building Conversations For several years, MMC has hosted an ongoing series of live and virtual bi-lingual Community Conversations. The aim is to foster new relationships, share perspectives and build a stronger sense of shared community. Our Community Conversations are modeled after Restorative Community-Building Circles. Participants meet in small groups, each accompanied by a Spanish-language [&hellip;]<\/p>","protected":false},"author":1,"featured_media":0,"parent":0,"menu_order":0,"comment_status":"closed","ping_status":"closed","template":"elementor_header_footer","meta":{"footnotes":""},"class_list":["post-5951","page","type-page","status-publish","hentry"],"yoast_head":"<!-- This site is optimized with the Yoast SEO plugin v23.2 - https:\/\/yoast.com\/wordpress\/plugins\/seo\/ -->\n<title>Community Building Conversations | Mountain Mediation Center |<\/title>\n<meta name=\"description\" content=\"Our Community Conversations are modeled after Restorative Community-Building Circles. Participants meet in small groups, each accompanied by a Spanish-language interpreter.\" \/>\n<meta name=\"robots\" content=\"index, follow, max-snippet:-1, max-image-preview:large, max-video-preview:-1\" \/>\n<link rel=\"canonical\" href=\"https:\/\/mountainmediationcenter.org\/es\/community-building-conversations\/\" \/>\n<meta property=\"og:locale\" content=\"es_ES\" \/>\n<meta property=\"og:type\" content=\"article\" \/>\n<meta property=\"og:title\" content=\"Community Building Conversations | Mountain Mediation Center |\" \/>\n<meta property=\"og:description\" content=\"Our Community Conversations are modeled after Restorative Community-Building Circles. Participants meet in small groups, each accompanied by a Spanish-language interpreter.\" \/>\n<meta property=\"og:url\" content=\"https:\/\/mountainmediationcenter.org\/es\/community-building-conversations\/\" \/>\n<meta property=\"og:site_name\" content=\"Mountain Mediation Center\" \/>\n<meta property=\"article:modified_time\" content=\"2022-09-26T20:24:23+00:00\" \/>\n<meta property=\"og:image\" content=\"http:\/\/mountainmediationcenter.org\/wp-content\/uploads\/2022\/05\/community-building-conversations-utah.jpg\" \/>\n<meta name=\"twitter:card\" content=\"summary_large_image\" \/>\n<meta name=\"twitter:label1\" content=\"Tiempo de lectura\" \/>\n\t<meta name=\"twitter:data1\" content=\"1 minuto\" \/>\n<script type=\"application\/ld+json\" class=\"yoast-schema-graph\">{\"@context\":\"https:\/\/schema.org\",\"@graph\":[{\"@type\":\"WebPage\",\"@id\":\"https:\/\/mountainmediationcenter.org\/community-building-conversations\/\",\"url\":\"https:\/\/mountainmediationcenter.org\/community-building-conversations\/\",\"name\":\"Community Building Conversations | Mountain Mediation Center |\",\"isPartOf\":{\"@id\":\"https:\/\/mountainmediationcenter.org\/#website\"},\"primaryImageOfPage\":{\"@id\":\"https:\/\/mountainmediationcenter.org\/community-building-conversations\/#primaryimage\"},\"image\":{\"@id\":\"https:\/\/mountainmediationcenter.org\/community-building-conversations\/#primaryimage\"},\"thumbnailUrl\":\"http:\/\/mountainmediationcenter.org\/wp-content\/uploads\/2022\/05\/community-building-conversations-utah.jpg\",\"datePublished\":\"2022-04-04T21:45:44+00:00\",\"dateModified\":\"2022-09-26T20:24:23+00:00\",\"description\":\"Our Community Conversations are modeled after Restorative Community-Building Circles. Participants meet in small groups, each accompanied by a Spanish-language interpreter.\",\"breadcrumb\":{\"@id\":\"https:\/\/mountainmediationcenter.org\/community-building-conversations\/#breadcrumb\"},\"inLanguage\":\"es\",\"potentialAction\":[{\"@type\":\"ReadAction\",\"target\":[\"https:\/\/mountainmediationcenter.org\/community-building-conversations\/\"]}]},{\"@type\":\"ImageObject\",\"inLanguage\":\"es\",\"@id\":\"https:\/\/mountainmediationcenter.org\/community-building-conversations\/#primaryimage\",\"url\":\"http:\/\/mountainmediationcenter.org\/wp-content\/uploads\/2022\/05\/community-building-conversations-utah.jpg\",\"contentUrl\":\"http:\/\/mountainmediationcenter.org\/wp-content\/uploads\/2022\/05\/community-building-conversations-utah.jpg\"},{\"@type\":\"BreadcrumbList\",\"@id\":\"https:\/\/mountainmediationcenter.org\/community-building-conversations\/#breadcrumb\",\"itemListElement\":[{\"@type\":\"ListItem\",\"position\":1,\"name\":\"Home\",\"item\":\"https:\/\/mountainmediationcenter.org\/\"},{\"@type\":\"ListItem\",\"position\":2,\"name\":\"Community Building Conversations\"}]},{\"@type\":\"WebSite\",\"@id\":\"https:\/\/mountainmediationcenter.org\/#website\",\"url\":\"https:\/\/mountainmediationcenter.org\/\",\"name\":\"Mountain Mediation Center\",\"description\":\"Bringing people together to prevent conflict, resolve disputes, and build a more inclusive community.\",\"potentialAction\":[{\"@type\":\"SearchAction\",\"target\":{\"@type\":\"EntryPoint\",\"urlTemplate\":\"https:\/\/mountainmediationcenter.org\/?s={search_term_string}\"},\"query-input\":\"required name=search_term_string\"}],\"inLanguage\":\"es\"}]}<\/script>\n<!-- \/ Yoast SEO plugin. -->","yoast_head_json":{"title":"Community Building Conversations | Mountain Mediation Center |","description":"Our Community Conversations are modeled after Restorative Community-Building Circles. Participants meet in small groups, each accompanied by a Spanish-language interpreter.","robots":{"index":"index","follow":"follow","max-snippet":"max-snippet:-1","max-image-preview":"max-image-preview:large","max-video-preview":"max-video-preview:-1"},"canonical":"https:\/\/mountainmediationcenter.org\/es\/community-building-conversations\/","og_locale":"es_ES","og_type":"article","og_title":"Community Building Conversations | Mountain Mediation Center |","og_description":"Our Community Conversations are modeled after Restorative Community-Building Circles. Participants meet in small groups, each accompanied by a Spanish-language interpreter.","og_url":"https:\/\/mountainmediationcenter.org\/es\/community-building-conversations\/","og_site_name":"Mountain Mediation Center","article_modified_time":"2022-09-26T20:24:23+00:00","og_image":[{"url":"http:\/\/mountainmediationcenter.org\/wp-content\/uploads\/2022\/05\/community-building-conversations-utah.jpg"}],"twitter_card":"summary_large_image","twitter_misc":{"Tiempo de lectura":"1 minuto"},"schema":{"@context":"https:\/\/schema.org","@graph":[{"@type":"WebPage","@id":"https:\/\/mountainmediationcenter.org\/community-building-conversations\/","url":"https:\/\/mountainmediationcenter.org\/community-building-conversations\/","name":"Community Building Conversations | Mountain Mediation Center |","isPartOf":{"@id":"https:\/\/mountainmediationcenter.org\/#website"},"primaryImageOfPage":{"@id":"https:\/\/mountainmediationcenter.org\/community-building-conversations\/#primaryimage"},"image":{"@id":"https:\/\/mountainmediationcenter.org\/community-building-conversations\/#primaryimage"},"thumbnailUrl":"http:\/\/mountainmediationcenter.org\/wp-content\/uploads\/2022\/05\/community-building-conversations-utah.jpg","datePublished":"2022-04-04T21:45:44+00:00","dateModified":"2022-09-26T20:24:23+00:00","description":"Our Community Conversations are modeled after Restorative Community-Building Circles. Participants meet in small groups, each accompanied by a Spanish-language interpreter.","breadcrumb":{"@id":"https:\/\/mountainmediationcenter.org\/community-building-conversations\/#breadcrumb"},"inLanguage":"es","potentialAction":[{"@type":"ReadAction","target":["https:\/\/mountainmediationcenter.org\/community-building-conversations\/"]}]},{"@type":"ImageObject","inLanguage":"es","@id":"https:\/\/mountainmediationcenter.org\/community-building-conversations\/#primaryimage","url":"http:\/\/mountainmediationcenter.org\/wp-content\/uploads\/2022\/05\/community-building-conversations-utah.jpg","contentUrl":"http:\/\/mountainmediationcenter.org\/wp-content\/uploads\/2022\/05\/community-building-conversations-utah.jpg"},{"@type":"BreadcrumbList","@id":"https:\/\/mountainmediationcenter.org\/community-building-conversations\/#breadcrumb","itemListElement":[{"@type":"ListItem","position":1,"name":"Home","item":"https:\/\/mountainmediationcenter.org\/"},{"@type":"ListItem","position":2,"name":"Community Building Conversations"}]},{"@type":"WebSite","@id":"https:\/\/mountainmediationcenter.org\/#website","url":"https:\/\/mountainmediationcenter.org\/","name":"Mountain Mediation Center","description":"Bringing people together to prevent conflict, resolve disputes, and build a more inclusive community.","potentialAction":[{"@type":"SearchAction","target":{"@type":"EntryPoint","urlTemplate":"https:\/\/mountainmediationcenter.org\/?s={search_term_string}"},"query-input":"required name=search_term_string"}],"inLanguage":"es"}]}},"_links":{"self":[{"href":"https:\/\/mountainmediationcenter.org\/es\/wp-json\/wp\/v2\/pages\/5951","targetHints":{"allow":["GET"]}}],"collection":[{"href":"https:\/\/mountainmediationcenter.org\/es\/wp-json\/wp\/v2\/pages"}],"about":[{"href":"https:\/\/mountainmediationcenter.org\/es\/wp-json\/wp\/v2\/types\/page"}],"author":[{"embeddable":true,"href":"https:\/\/mountainmediationcenter.org\/es\/wp-json\/wp\/v2\/users\/1"}],"replies":[{"embeddable":true,"href":"https:\/\/mountainmediationcenter.org\/es\/wp-json\/wp\/v2\/comments?post=5951"}],"version-history":[{"count":19,"href":"https:\/\/mountainmediationcenter.org\/es\/wp-json\/wp\/v2\/pages\/5951\/revisions"}],"predecessor-version":[{"id":7142,"href":"https:\/\/mountainmediationcenter.org\/es\/wp-json\/wp\/v2\/pages\/5951\/revisions\/7142"}],"wp:attachment":[{"href":"https:\/\/mountainmediationcenter.org\/es\/wp-json\/wp\/v2\/media?parent=5951"}],"curies":[{"name":"wp","href":"https:\/\/api.w.org\/{rel}","templated":true}]}}