{"id":5957,"date":"2022-04-04T21:46:44","date_gmt":"2022-04-04T21:46:44","guid":{"rendered":"https:\/\/mountainmediationcenter.org\/?page_id=5957"},"modified":"2024-06-21T07:43:17","modified_gmt":"2024-06-21T07:43:17","slug":"restorative-conferencing","status":"publish","type":"page","link":"https:\/\/mountainmediationcenter.org\/es\/restorative-conferencing\/","title":{"rendered":"Conferencia restaurativa"},"content":{"rendered":"<div data-elementor-type=\"wp-page\" data-elementor-id=\"5957\" class=\"elementor elementor-5957\" data-elementor-post-type=\"page\">\n\t\t\t\t\t\t<section class=\"elementor-section elementor-top-section elementor-element elementor-element-75006a8 elementor-section-boxed elementor-section-height-default elementor-section-height-default\" data-id=\"75006a8\" data-element_type=\"section\" data-e-type=\"section\" data-settings=\"{&quot;background_background&quot;:&quot;classic&quot;}\">\n\t\t\t\t\t\t\t<div class=\"elementor-background-overlay\"><\/div>\n\t\t\t\t\t\t\t<div class=\"elementor-container elementor-column-gap-default\">\n\t\t\t\t\t<div class=\"elementor-column elementor-col-100 elementor-top-column elementor-element elementor-element-3ce8049\" data-id=\"3ce8049\" data-element_type=\"column\" data-e-type=\"column\">\n\t\t\t<div class=\"elementor-widget-wrap elementor-element-populated\">\n\t\t\t\t\t\t<div class=\"elementor-element elementor-element-392582e elementor-widget elementor-widget-spacer\" data-id=\"392582e\" data-element_type=\"widget\" data-e-type=\"widget\" data-widget_type=\"spacer.default\">\n\t\t\t\t<div class=\"elementor-widget-container\">\n\t\t\t\t\t\t\t<div class=\"elementor-spacer\">\n\t\t\t<div class=\"elementor-spacer-inner\"><\/div>\n\t\t<\/div>\n\t\t\t\t\t\t<\/div>\n\t\t\t\t<\/div>\n\t\t\t\t<section class=\"elementor-section elementor-inner-section elementor-element elementor-element-d099d5a elementor-section-boxed elementor-section-height-default elementor-section-height-default\" data-id=\"d099d5a\" data-element_type=\"section\" data-e-type=\"section\">\n\t\t\t\t\t\t<div class=\"elementor-container elementor-column-gap-default\">\n\t\t\t\t\t<div class=\"elementor-column elementor-col-25 elementor-inner-column elementor-element elementor-element-dd4ea86\" data-id=\"dd4ea86\" data-element_type=\"column\" data-e-type=\"column\">\n\t\t\t<div class=\"elementor-widget-wrap\">\n\t\t\t\t\t\t\t<\/div>\n\t\t<\/div>\n\t\t\t\t<div class=\"elementor-column elementor-col-25 elementor-inner-column elementor-element elementor-element-8d89f30\" data-id=\"8d89f30\" data-element_type=\"column\" data-e-type=\"column\">\n\t\t\t<div class=\"elementor-widget-wrap elementor-element-populated\">\n\t\t\t\t\t\t<div class=\"elementor-element elementor-element-2f8f04f elementor-widget elementor-widget-heading\" data-id=\"2f8f04f\" data-element_type=\"widget\" data-e-type=\"widget\" data-widget_type=\"heading.default\">\n\t\t\t\t<div class=\"elementor-widget-container\">\n\t\t\t\t\t<h2 class=\"elementor-heading-title elementor-size-default\">Conferencia restaurativa <\/h2>\t\t\t\t<\/div>\n\t\t\t\t<\/div>\n\t\t\t\t\t<\/div>\n\t\t<\/div>\n\t\t\t\t<div class=\"elementor-column elementor-col-25 elementor-inner-column elementor-element elementor-element-a10f440\" data-id=\"a10f440\" data-element_type=\"column\" data-e-type=\"column\">\n\t\t\t<div class=\"elementor-widget-wrap\">\n\t\t\t\t\t\t\t<\/div>\n\t\t<\/div>\n\t\t\t\t<div class=\"elementor-column elementor-col-25 elementor-inner-column elementor-element elementor-element-8d281e0\" data-id=\"8d281e0\" data-element_type=\"column\" data-e-type=\"column\">\n\t\t\t<div class=\"elementor-widget-wrap\">\n\t\t\t\t\t\t\t<\/div>\n\t\t<\/div>\n\t\t\t\t\t<\/div>\n\t\t<\/section>\n\t\t\t\t<div class=\"elementor-element elementor-element-52f678f elementor-widget elementor-widget-spacer\" data-id=\"52f678f\" data-element_type=\"widget\" data-e-type=\"widget\" data-widget_type=\"spacer.default\">\n\t\t\t\t<div class=\"elementor-widget-container\">\n\t\t\t\t\t\t\t<div class=\"elementor-spacer\">\n\t\t\t<div class=\"elementor-spacer-inner\"><\/div>\n\t\t<\/div>\n\t\t\t\t\t\t<\/div>\n\t\t\t\t<\/div>\n\t\t\t\t\t<\/div>\n\t\t<\/div>\n\t\t\t\t\t<\/div>\n\t\t<\/section>\n\t\t\t\t<section class=\"elementor-section elementor-top-section elementor-element elementor-element-50893ef elementor-section-content-middle elementor-section-boxed elementor-section-height-default elementor-section-height-default\" data-id=\"50893ef\" data-element_type=\"section\" data-e-type=\"section\">\n\t\t\t\t\t\t<div class=\"elementor-container elementor-column-gap-default\">\n\t\t\t\t\t<div class=\"elementor-column elementor-col-100 elementor-top-column elementor-element elementor-element-63fda80\" data-id=\"63fda80\" data-element_type=\"column\" data-e-type=\"column\">\n\t\t\t<div class=\"elementor-widget-wrap elementor-element-populated\">\n\t\t\t\t\t\t<div class=\"elementor-element elementor-element-e09476c elementor-widget elementor-widget-spacer\" data-id=\"e09476c\" data-element_type=\"widget\" data-e-type=\"widget\" data-widget_type=\"spacer.default\">\n\t\t\t\t<div class=\"elementor-widget-container\">\n\t\t\t\t\t\t\t<div class=\"elementor-spacer\">\n\t\t\t<div class=\"elementor-spacer-inner\"><\/div>\n\t\t<\/div>\n\t\t\t\t\t\t<\/div>\n\t\t\t\t<\/div>\n\t\t\t\t<section class=\"elementor-section elementor-inner-section elementor-element elementor-element-f284178 elementor-section-content-middle elementor-section-boxed elementor-section-height-default elementor-section-height-default\" data-id=\"f284178\" data-element_type=\"section\" data-e-type=\"section\">\n\t\t\t\t\t\t<div class=\"elementor-container elementor-column-gap-default\">\n\t\t\t\t\t<div class=\"elementor-column elementor-col-50 elementor-inner-column elementor-element elementor-element-add5e67\" data-id=\"add5e67\" data-element_type=\"column\" data-e-type=\"column\">\n\t\t\t<div class=\"elementor-widget-wrap elementor-element-populated\">\n\t\t\t\t\t\t<div class=\"elementor-element elementor-element-f0a2f55 elementor-widget__width-initial elementor-widget elementor-widget-image\" data-id=\"f0a2f55\" data-element_type=\"widget\" data-e-type=\"widget\" data-widget_type=\"image.default\">\n\t\t\t\t<div class=\"elementor-widget-container\">\n\t\t\t\t\t\t\t\t\t\t\t\t\t\t\t<img fetchpriority=\"high\" decoding=\"async\" width=\"1280\" height=\"853\" src=\"https:\/\/mountainmediationcenter.org\/wp-content\/uploads\/2022\/05\/community-building-conversations-utah.jpg\" class=\"attachment-full size-full wp-image-6153\" alt=\"community-building-conversations-utah\" srcset=\"https:\/\/mountainmediationcenter.org\/wp-content\/uploads\/2022\/05\/community-building-conversations-utah.jpg 1280w, https:\/\/mountainmediationcenter.org\/wp-content\/uploads\/2022\/05\/community-building-conversations-utah-300x200.jpg 300w, https:\/\/mountainmediationcenter.org\/wp-content\/uploads\/2022\/05\/community-building-conversations-utah-1024x682.jpg 1024w, https:\/\/mountainmediationcenter.org\/wp-content\/uploads\/2022\/05\/community-building-conversations-utah-768x512.jpg 768w\" sizes=\"(max-width: 1280px) 100vw, 1280px\" \/>\t\t\t\t\t\t\t\t\t\t\t\t\t\t\t<\/div>\n\t\t\t\t<\/div>\n\t\t\t\t\t<\/div>\n\t\t<\/div>\n\t\t\t\t<div class=\"elementor-column elementor-col-50 elementor-inner-column elementor-element elementor-element-d7b9b11\" data-id=\"d7b9b11\" data-element_type=\"column\" data-e-type=\"column\">\n\t\t\t<div class=\"elementor-widget-wrap elementor-element-populated\">\n\t\t\t\t\t\t<div class=\"elementor-element elementor-element-0f0dc0e elementor-widget elementor-widget-heading\" data-id=\"0f0dc0e\" data-element_type=\"widget\" data-e-type=\"widget\" data-widget_type=\"heading.default\">\n\t\t\t\t<div class=\"elementor-widget-container\">\n\t\t\t\t\t<h2 class=\"elementor-heading-title elementor-size-default\">\u00bfQu\u00e9 es la Conferencia Restaurativa?<\/h2>\t\t\t\t<\/div>\n\t\t\t\t<\/div>\n\t\t\t\t<div class=\"elementor-element elementor-element-41aebac elementor-widget elementor-widget-text-editor\" data-id=\"41aebac\" data-element_type=\"widget\" data-e-type=\"widget\" data-widget_type=\"text-editor.default\">\n\t\t\t\t<div class=\"elementor-widget-container\">\n\t\t\t\t\t\t\t\t\t<p><span style=\"font-weight: 400;\">Conferencia restaurativa <\/span><span style=\"font-weight: 400;\">Proporciona caminos, estructuras y oportunidades para la construcci\u00f3n de comunidades futuras. <\/span><span style=\"font-weight: 400;\">es una reuni\u00f3n estructurada entre los delincuentes, las v\u00edctimas y los familiares y amigos de ambas partes, durante la cual se abordan las consecuencias del delito o incidente y se toman decisiones sobre la mejor manera de reparar el da\u00f1o.<\/span><\/p><p><span style=\"font-weight: 400;\">La conferencia es un m\u00e9todo de resoluci\u00f3n de problemas que tiene en cuenta las necesidades de las v\u00edctimas y permite a los participantes abordar sus problemas.\u00a0<\/span><span style=\"font-family: var( --e-global-typography-text-font-family ), Sans-serif; font-size: 1rem;\">No se trata de asesoramiento ni de mediaci\u00f3n, sino de una oportunidad para que las v\u00edctimas y otras personas sean escuchadas; confronten al agresor, expresen sus sentimientos y tengan voz y voto en el resultado.<\/span><\/p><p><span style=\"font-family: var( --e-global-typography-text-font-family ), Sans-serif; font-size: 1rem;\">Los infractores se enteran de c\u00f3mo su comportamiento ha afectado directamente a otras personas, lo que les permite disculparse y reparar el da\u00f1o. Los infractores deben rendir cuentas y pueden reintegrarse a la comunidad, la escuela o el lugar de trabajo.\u00a0<\/span><\/p>\t\t\t\t\t\t\t\t<\/div>\n\t\t\t\t<\/div>\n\t\t\t\t\t<\/div>\n\t\t<\/div>\n\t\t\t\t\t<\/div>\n\t\t<\/section>\n\t\t\t\t\t<\/div>\n\t\t<\/div>\n\t\t\t\t\t<\/div>\n\t\t<\/section>\n\t\t\t\t<section class=\"elementor-section elementor-top-section elementor-element elementor-element-24c0727 elementor-section-boxed elementor-section-height-default elementor-section-height-default\" data-id=\"24c0727\" data-element_type=\"section\" data-e-type=\"section\">\n\t\t\t\t\t\t<div class=\"elementor-container elementor-column-gap-default\">\n\t\t\t\t\t<div class=\"elementor-column elementor-col-100 elementor-top-column elementor-element elementor-element-41a720c\" data-id=\"41a720c\" data-element_type=\"column\" data-e-type=\"column\">\n\t\t\t<div class=\"elementor-widget-wrap elementor-element-populated\">\n\t\t\t\t\t\t<div class=\"elementor-element elementor-element-203cb2a elementor-widget elementor-widget-text-editor\" data-id=\"203cb2a\" data-element_type=\"widget\" data-e-type=\"widget\" data-widget_type=\"text-editor.default\">\n\t\t\t\t<div class=\"elementor-widget-container\">\n\t\t\t\t\t\t\t\t\t<p><span style=\"font-weight: 400;\">Las conferencias restaurativas se pueden utilizar en el sistema de justicia como complemento, alternativa o desviaci\u00f3n de la sentencia; en las escuelas para abordar el ausentismo escolar y los incidentes disciplinarios; como advertencia o desviaci\u00f3n del tribunal; y en los lugares de trabajo para abordar tanto las malas acciones como los conflictos.\u00a0 <\/span><\/p>\t\t\t\t\t\t\t\t<\/div>\n\t\t\t\t<\/div>\n\t\t\t\t\t<\/div>\n\t\t<\/div>\n\t\t\t\t\t<\/div>\n\t\t<\/section>\n\t\t\t\t<\/div>","protected":false},"excerpt":{"rendered":"<p>Conferencia Restaurativa. \u00bfQu\u00e9 es la Conferencia Restaurativa? La Conferencia Restaurativa ofrece v\u00edas, estructuras y oportunidades para el desarrollo futuro de la comunidad. Es una reuni\u00f3n estructurada entre los agresores, las v\u00edctimas y los familiares y amigos de ambas partes, durante la cual se abordan las consecuencias del delito o incidente y se toman decisiones sobre la mejor manera de reparar el da\u00f1o. Conferencia [\u2026]<\/p>","protected":false},"author":1,"featured_media":0,"parent":0,"menu_order":0,"comment_status":"closed","ping_status":"closed","template":"elementor_header_footer","meta":{"footnotes":""},"class_list":["post-5957","page","type-page","status-publish","hentry"],"yoast_head":"<!-- This site is optimized with the Yoast SEO plugin v23.2 - https:\/\/yoast.com\/wordpress\/plugins\/seo\/ -->\n<title>Restorative Conferencing | Mountain Mediation Center | Community<\/title>\n<meta name=\"description\" content=\"Restorative Conferencing provides paths, structures, and opportunities for future community building. It is a structured meeting between offenders, victims, and both parties\u2019 family and friends during which the consequences of the crime or incident are dealt with and decisions are made about how to best repair the harm.\" \/>\n<meta name=\"robots\" content=\"index, follow, max-snippet:-1, max-image-preview:large, max-video-preview:-1\" \/>\n<link rel=\"canonical\" href=\"https:\/\/mountainmediationcenter.org\/es\/restorative-conferencing\/\" \/>\n<meta property=\"og:locale\" content=\"es_ES\" \/>\n<meta property=\"og:type\" content=\"article\" \/>\n<meta property=\"og:title\" content=\"Restorative Conferencing | Mountain Mediation Center | Community\" \/>\n<meta property=\"og:description\" content=\"Restorative Conferencing provides paths, structures, and opportunities for future community building. It is a structured meeting between offenders, victims, and both parties\u2019 family and friends during which the consequences of the crime or incident are dealt with and decisions are made about how to best repair the harm.\" \/>\n<meta property=\"og:url\" content=\"https:\/\/mountainmediationcenter.org\/es\/restorative-conferencing\/\" \/>\n<meta property=\"og:site_name\" content=\"Mountain Mediation Center\" \/>\n<meta property=\"article:modified_time\" content=\"2024-06-21T07:43:17+00:00\" \/>\n<meta property=\"og:image\" content=\"https:\/\/mountainmediationcenter.org\/wp-content\/uploads\/2022\/05\/community-building-conversations-utah.jpg\" \/>\n<meta name=\"twitter:card\" content=\"summary_large_image\" \/>\n<meta name=\"twitter:label1\" content=\"Tiempo de lectura\" \/>\n\t<meta name=\"twitter:data1\" content=\"1 minuto\" \/>\n<script type=\"application\/ld+json\" class=\"yoast-schema-graph\">{\"@context\":\"https:\/\/schema.org\",\"@graph\":[{\"@type\":\"WebPage\",\"@id\":\"https:\/\/mountainmediationcenter.org\/restorative-conferencing\/\",\"url\":\"https:\/\/mountainmediationcenter.org\/restorative-conferencing\/\",\"name\":\"Restorative Conferencing | Mountain Mediation Center | Community\",\"isPartOf\":{\"@id\":\"https:\/\/mountainmediationcenter.org\/#website\"},\"primaryImageOfPage\":{\"@id\":\"https:\/\/mountainmediationcenter.org\/restorative-conferencing\/#primaryimage\"},\"image\":{\"@id\":\"https:\/\/mountainmediationcenter.org\/restorative-conferencing\/#primaryimage\"},\"thumbnailUrl\":\"https:\/\/mountainmediationcenter.org\/wp-content\/uploads\/2022\/05\/community-building-conversations-utah.jpg\",\"datePublished\":\"2022-04-04T21:46:44+00:00\",\"dateModified\":\"2024-06-21T07:43:17+00:00\",\"description\":\"Restorative Conferencing provides paths, structures, and opportunities for future community building. It is a structured meeting between offenders, victims, and both parties\u2019 family and friends during which the consequences of the crime or incident are dealt with and decisions are made about how to best repair the harm.\",\"breadcrumb\":{\"@id\":\"https:\/\/mountainmediationcenter.org\/restorative-conferencing\/#breadcrumb\"},\"inLanguage\":\"es\",\"potentialAction\":[{\"@type\":\"ReadAction\",\"target\":[\"https:\/\/mountainmediationcenter.org\/restorative-conferencing\/\"]}]},{\"@type\":\"ImageObject\",\"inLanguage\":\"es\",\"@id\":\"https:\/\/mountainmediationcenter.org\/restorative-conferencing\/#primaryimage\",\"url\":\"https:\/\/mountainmediationcenter.org\/wp-content\/uploads\/2022\/05\/community-building-conversations-utah.jpg\",\"contentUrl\":\"https:\/\/mountainmediationcenter.org\/wp-content\/uploads\/2022\/05\/community-building-conversations-utah.jpg\"},{\"@type\":\"BreadcrumbList\",\"@id\":\"https:\/\/mountainmediationcenter.org\/restorative-conferencing\/#breadcrumb\",\"itemListElement\":[{\"@type\":\"ListItem\",\"position\":1,\"name\":\"Home\",\"item\":\"https:\/\/mountainmediationcenter.org\/\"},{\"@type\":\"ListItem\",\"position\":2,\"name\":\"Restorative Conferencing\"}]},{\"@type\":\"WebSite\",\"@id\":\"https:\/\/mountainmediationcenter.org\/#website\",\"url\":\"https:\/\/mountainmediationcenter.org\/\",\"name\":\"Mountain Mediation Center\",\"description\":\"Bringing people together to prevent conflict, resolve disputes, and build a more inclusive community.\",\"potentialAction\":[{\"@type\":\"SearchAction\",\"target\":{\"@type\":\"EntryPoint\",\"urlTemplate\":\"https:\/\/mountainmediationcenter.org\/?s={search_term_string}\"},\"query-input\":\"required name=search_term_string\"}],\"inLanguage\":\"es\"}]}<\/script>\n<!-- \/ Yoast SEO plugin. -->","yoast_head_json":{"title":"Restorative Conferencing | Mountain Mediation Center | Community","description":"Restorative Conferencing provides paths, structures, and opportunities for future community building. It is a structured meeting between offenders, victims, and both parties\u2019 family and friends during which the consequences of the crime or incident are dealt with and decisions are made about how to best repair the harm.","robots":{"index":"index","follow":"follow","max-snippet":"max-snippet:-1","max-image-preview":"max-image-preview:large","max-video-preview":"max-video-preview:-1"},"canonical":"https:\/\/mountainmediationcenter.org\/es\/restorative-conferencing\/","og_locale":"es_ES","og_type":"article","og_title":"Restorative Conferencing | Mountain Mediation Center | Community","og_description":"Restorative Conferencing provides paths, structures, and opportunities for future community building. It is a structured meeting between offenders, victims, and both parties\u2019 family and friends during which the consequences of the crime or incident are dealt with and decisions are made about how to best repair the harm.","og_url":"https:\/\/mountainmediationcenter.org\/es\/restorative-conferencing\/","og_site_name":"Mountain Mediation Center","article_modified_time":"2024-06-21T07:43:17+00:00","og_image":[{"url":"https:\/\/mountainmediationcenter.org\/wp-content\/uploads\/2022\/05\/community-building-conversations-utah.jpg"}],"twitter_card":"summary_large_image","twitter_misc":{"Tiempo de lectura":"1 minuto"},"schema":{"@context":"https:\/\/schema.org","@graph":[{"@type":"WebPage","@id":"https:\/\/mountainmediationcenter.org\/restorative-conferencing\/","url":"https:\/\/mountainmediationcenter.org\/restorative-conferencing\/","name":"Restorative Conferencing | Mountain Mediation Center | Community","isPartOf":{"@id":"https:\/\/mountainmediationcenter.org\/#website"},"primaryImageOfPage":{"@id":"https:\/\/mountainmediationcenter.org\/restorative-conferencing\/#primaryimage"},"image":{"@id":"https:\/\/mountainmediationcenter.org\/restorative-conferencing\/#primaryimage"},"thumbnailUrl":"https:\/\/mountainmediationcenter.org\/wp-content\/uploads\/2022\/05\/community-building-conversations-utah.jpg","datePublished":"2022-04-04T21:46:44+00:00","dateModified":"2024-06-21T07:43:17+00:00","description":"Restorative Conferencing provides paths, structures, and opportunities for future community building. It is a structured meeting between offenders, victims, and both parties\u2019 family and friends during which the consequences of the crime or incident are dealt with and decisions are made about how to best repair the harm.","breadcrumb":{"@id":"https:\/\/mountainmediationcenter.org\/restorative-conferencing\/#breadcrumb"},"inLanguage":"es","potentialAction":[{"@type":"ReadAction","target":["https:\/\/mountainmediationcenter.org\/restorative-conferencing\/"]}]},{"@type":"ImageObject","inLanguage":"es","@id":"https:\/\/mountainmediationcenter.org\/restorative-conferencing\/#primaryimage","url":"https:\/\/mountainmediationcenter.org\/wp-content\/uploads\/2022\/05\/community-building-conversations-utah.jpg","contentUrl":"https:\/\/mountainmediationcenter.org\/wp-content\/uploads\/2022\/05\/community-building-conversations-utah.jpg"},{"@type":"BreadcrumbList","@id":"https:\/\/mountainmediationcenter.org\/restorative-conferencing\/#breadcrumb","itemListElement":[{"@type":"ListItem","position":1,"name":"Home","item":"https:\/\/mountainmediationcenter.org\/"},{"@type":"ListItem","position":2,"name":"Restorative Conferencing"}]},{"@type":"WebSite","@id":"https:\/\/mountainmediationcenter.org\/#website","url":"https:\/\/mountainmediationcenter.org\/","name":"Mountain Mediation Center","description":"Bringing people together to prevent conflict, resolve disputes, and build a more inclusive community.","potentialAction":[{"@type":"SearchAction","target":{"@type":"EntryPoint","urlTemplate":"https:\/\/mountainmediationcenter.org\/?s={search_term_string}"},"query-input":"required name=search_term_string"}],"inLanguage":"es"}]}},"_links":{"self":[{"href":"https:\/\/mountainmediationcenter.org\/es\/wp-json\/wp\/v2\/pages\/5957","targetHints":{"allow":["GET"]}}],"collection":[{"href":"https:\/\/mountainmediationcenter.org\/es\/wp-json\/wp\/v2\/pages"}],"about":[{"href":"https:\/\/mountainmediationcenter.org\/es\/wp-json\/wp\/v2\/types\/page"}],"author":[{"embeddable":true,"href":"https:\/\/mountainmediationcenter.org\/es\/wp-json\/wp\/v2\/users\/1"}],"replies":[{"embeddable":true,"href":"https:\/\/mountainmediationcenter.org\/es\/wp-json\/wp\/v2\/comments?post=5957"}],"version-history":[{"count":14,"href":"https:\/\/mountainmediationcenter.org\/es\/wp-json\/wp\/v2\/pages\/5957\/revisions"}],"predecessor-version":[{"id":9317,"href":"https:\/\/mountainmediationcenter.org\/es\/wp-json\/wp\/v2\/pages\/5957\/revisions\/9317"}],"wp:attachment":[{"href":"https:\/\/mountainmediationcenter.org\/es\/wp-json\/wp\/v2\/media?parent=5957"}],"curies":[{"name":"wp","href":"https:\/\/api.w.org\/{rel}","templated":true}]}}