{"id":5969,"date":"2022-04-04T21:48:33","date_gmt":"2022-04-04T21:48:33","guid":{"rendered":"https:\/\/mountainmediationcenter.org\/?page_id=5969"},"modified":"2022-08-16T19:13:38","modified_gmt":"2022-08-16T19:13:38","slug":"schools","status":"publish","type":"page","link":"https:\/\/mountainmediationcenter.org\/es\/rj-training\/schools\/","title":{"rendered":"Escuelas"},"content":{"rendered":"<div data-elementor-type=\"wp-page\" data-elementor-id=\"5969\" class=\"elementor elementor-5969\" data-elementor-post-type=\"page\">\n\t\t\t\t\t\t<section class=\"elementor-section elementor-top-section elementor-element elementor-element-cef9951 elementor-section-boxed elementor-section-height-default elementor-section-height-default\" data-id=\"cef9951\" data-element_type=\"section\" data-e-type=\"section\" data-settings=\"{&quot;background_background&quot;:&quot;classic&quot;}\">\n\t\t\t\t\t\t\t<div class=\"elementor-background-overlay\"><\/div>\n\t\t\t\t\t\t\t<div class=\"elementor-container elementor-column-gap-default\">\n\t\t\t\t\t<div class=\"elementor-column elementor-col-100 elementor-top-column elementor-element elementor-element-4c566ce\" data-id=\"4c566ce\" data-element_type=\"column\" data-e-type=\"column\">\n\t\t\t<div class=\"elementor-widget-wrap elementor-element-populated\">\n\t\t\t\t\t\t<div class=\"elementor-element elementor-element-961e282 elementor-widget elementor-widget-spacer\" data-id=\"961e282\" data-element_type=\"widget\" data-e-type=\"widget\" data-widget_type=\"spacer.default\">\n\t\t\t\t<div class=\"elementor-widget-container\">\n\t\t\t\t\t\t\t<div class=\"elementor-spacer\">\n\t\t\t<div class=\"elementor-spacer-inner\"><\/div>\n\t\t<\/div>\n\t\t\t\t\t\t<\/div>\n\t\t\t\t<\/div>\n\t\t\t\t<section class=\"elementor-section elementor-inner-section elementor-element elementor-element-5b50b50 elementor-section-boxed elementor-section-height-default elementor-section-height-default\" data-id=\"5b50b50\" data-element_type=\"section\" data-e-type=\"section\">\n\t\t\t\t\t\t<div class=\"elementor-container elementor-column-gap-default\">\n\t\t\t\t\t<div class=\"elementor-column elementor-col-25 elementor-inner-column elementor-element elementor-element-257807d\" data-id=\"257807d\" data-element_type=\"column\" data-e-type=\"column\">\n\t\t\t<div class=\"elementor-widget-wrap\">\n\t\t\t\t\t\t\t<\/div>\n\t\t<\/div>\n\t\t\t\t<div class=\"elementor-column elementor-col-25 elementor-inner-column elementor-element elementor-element-4f7e9e6\" data-id=\"4f7e9e6\" data-element_type=\"column\" data-e-type=\"column\">\n\t\t\t<div class=\"elementor-widget-wrap elementor-element-populated\">\n\t\t\t\t\t\t<div class=\"elementor-element elementor-element-67b2781 elementor-widget elementor-widget-heading\" data-id=\"67b2781\" data-element_type=\"widget\" data-e-type=\"widget\" data-widget_type=\"heading.default\">\n\t\t\t\t<div class=\"elementor-widget-container\">\n\t\t\t\t\t<h2 class=\"elementor-heading-title elementor-size-default\">RJ en las escuelas <\/h2>\t\t\t\t<\/div>\n\t\t\t\t<\/div>\n\t\t\t\t\t<\/div>\n\t\t<\/div>\n\t\t\t\t<div class=\"elementor-column elementor-col-25 elementor-inner-column elementor-element elementor-element-ea34fb8\" data-id=\"ea34fb8\" data-element_type=\"column\" data-e-type=\"column\">\n\t\t\t<div class=\"elementor-widget-wrap\">\n\t\t\t\t\t\t\t<\/div>\n\t\t<\/div>\n\t\t\t\t<div class=\"elementor-column elementor-col-25 elementor-inner-column elementor-element elementor-element-f5e4def\" data-id=\"f5e4def\" data-element_type=\"column\" data-e-type=\"column\">\n\t\t\t<div class=\"elementor-widget-wrap\">\n\t\t\t\t\t\t\t<\/div>\n\t\t<\/div>\n\t\t\t\t\t<\/div>\n\t\t<\/section>\n\t\t\t\t<div class=\"elementor-element elementor-element-a1f10b7 elementor-widget elementor-widget-spacer\" data-id=\"a1f10b7\" data-element_type=\"widget\" data-e-type=\"widget\" data-widget_type=\"spacer.default\">\n\t\t\t\t<div class=\"elementor-widget-container\">\n\t\t\t\t\t\t\t<div class=\"elementor-spacer\">\n\t\t\t<div class=\"elementor-spacer-inner\"><\/div>\n\t\t<\/div>\n\t\t\t\t\t\t<\/div>\n\t\t\t\t<\/div>\n\t\t\t\t\t<\/div>\n\t\t<\/div>\n\t\t\t\t\t<\/div>\n\t\t<\/section>\n\t\t\t\t<section class=\"elementor-section elementor-top-section elementor-element elementor-element-7ebaab6 elementor-section-content-middle elementor-section-boxed elementor-section-height-default elementor-section-height-default\" data-id=\"7ebaab6\" data-element_type=\"section\" data-e-type=\"section\">\n\t\t\t\t\t\t<div class=\"elementor-container elementor-column-gap-default\">\n\t\t\t\t\t<div class=\"elementor-column elementor-col-100 elementor-top-column elementor-element elementor-element-63eea01\" data-id=\"63eea01\" data-element_type=\"column\" data-e-type=\"column\">\n\t\t\t<div class=\"elementor-widget-wrap elementor-element-populated\">\n\t\t\t\t\t\t<section class=\"elementor-section elementor-inner-section elementor-element elementor-element-0794d63 elementor-section-content-middle elementor-section-boxed elementor-section-height-default elementor-section-height-default\" data-id=\"0794d63\" data-element_type=\"section\" data-e-type=\"section\">\n\t\t\t\t\t\t<div class=\"elementor-container elementor-column-gap-default\">\n\t\t\t\t\t<div class=\"elementor-column elementor-col-50 elementor-inner-column elementor-element elementor-element-fa775f3\" data-id=\"fa775f3\" data-element_type=\"column\" data-e-type=\"column\">\n\t\t\t<div class=\"elementor-widget-wrap elementor-element-populated\">\n\t\t\t\t\t\t<div class=\"elementor-element elementor-element-59da254 elementor-widget elementor-widget-image\" data-id=\"59da254\" data-element_type=\"widget\" data-e-type=\"widget\" data-widget_type=\"image.default\">\n\t\t\t\t<div class=\"elementor-widget-container\">\n\t\t\t\t\t\t\t\t\t\t\t\t\t\t\t<img fetchpriority=\"high\" decoding=\"async\" width=\"850\" height=\"567\" src=\"https:\/\/mountainmediationcenter.org\/wp-content\/uploads\/2022\/05\/restorative-justice-schools.jpeg\" class=\"attachment-full size-full wp-image-6161\" alt=\"restorative-justice-schools\" srcset=\"https:\/\/mountainmediationcenter.org\/wp-content\/uploads\/2022\/05\/restorative-justice-schools.jpeg 850w, https:\/\/mountainmediationcenter.org\/wp-content\/uploads\/2022\/05\/restorative-justice-schools-300x200.jpeg 300w, https:\/\/mountainmediationcenter.org\/wp-content\/uploads\/2022\/05\/restorative-justice-schools-768x512.jpeg 768w\" sizes=\"(max-width: 850px) 100vw, 850px\" \/>\t\t\t\t\t\t\t\t\t\t\t\t\t\t\t<\/div>\n\t\t\t\t<\/div>\n\t\t\t\t\t<\/div>\n\t\t<\/div>\n\t\t\t\t<div class=\"elementor-column elementor-col-50 elementor-inner-column elementor-element elementor-element-683e0b9\" data-id=\"683e0b9\" data-element_type=\"column\" data-e-type=\"column\">\n\t\t\t<div class=\"elementor-widget-wrap elementor-element-populated\">\n\t\t\t\t\t\t<div class=\"elementor-element elementor-element-2d88083 elementor-widget elementor-widget-text-editor\" data-id=\"2d88083\" data-element_type=\"widget\" data-e-type=\"widget\" data-widget_type=\"text-editor.default\">\n\t\t\t\t<div class=\"elementor-widget-container\">\n\t\t\t\t\t\t\t\t\t<h1 class=\"title td-left\">Justicia restaurativa y escuelas.<\/h1>\t\t\t\t\t\t\t\t<\/div>\n\t\t\t\t<\/div>\n\t\t\t\t<div class=\"elementor-element elementor-element-9e7721b elementor-widget elementor-widget-text-editor\" data-id=\"9e7721b\" data-element_type=\"widget\" data-e-type=\"widget\" data-widget_type=\"text-editor.default\">\n\t\t\t\t<div class=\"elementor-widget-container\">\n\t\t\t\t\t\t\t\t\t<p>Cada vez se espera m\u00e1s que las escuelas y los maestros aborden los problemas de conducta derivados de traumas, problemas de salud mental y otras influencias. Las medidas punitivas, como las suspensiones y las expulsiones, han dado lugar a una documentada \u201cruta de la escuela a la prisi\u00f3n\u201d. RJ se aleja del \u00e9nfasis en la gesti\u00f3n de la mala conducta y se dirige hacia el fortalecimiento de las relaciones, la promoci\u00f3n del aprendizaje social y emocional individual y la mejora de la comprensi\u00f3n y la empat\u00eda. Los estudiantes en aulas restaurativas se empoderan con herramientas de comunicaci\u00f3n eficaz y escucha activa. Aprenden a resolver problemas de forma colaborativa, una habilidad que probablemente mejorar\u00e1 su \u00e9xito en la vida y el trabajo.<\/p>\t\t\t\t\t\t\t\t<\/div>\n\t\t\t\t<\/div>\n\t\t\t\t<div class=\"elementor-element elementor-element-0f00bf7 elementor-widget elementor-widget-spacer\" data-id=\"0f00bf7\" data-element_type=\"widget\" data-e-type=\"widget\" data-widget_type=\"spacer.default\">\n\t\t\t\t<div class=\"elementor-widget-container\">\n\t\t\t\t\t\t\t<div class=\"elementor-spacer\">\n\t\t\t<div class=\"elementor-spacer-inner\"><\/div>\n\t\t<\/div>\n\t\t\t\t\t\t<\/div>\n\t\t\t\t<\/div>\n\t\t\t\t\t<\/div>\n\t\t<\/div>\n\t\t\t\t\t<\/div>\n\t\t<\/section>\n\t\t\t\t\t<\/div>\n\t\t<\/div>\n\t\t\t\t\t<\/div>\n\t\t<\/section>\n\t\t\t\t<section class=\"elementor-section elementor-top-section elementor-element elementor-element-27ccf8a elementor-section-boxed elementor-section-height-default elementor-section-height-default\" data-id=\"27ccf8a\" data-element_type=\"section\" data-e-type=\"section\">\n\t\t\t\t\t\t<div class=\"elementor-container elementor-column-gap-default\">\n\t\t\t\t\t<div class=\"elementor-column elementor-col-100 elementor-top-column elementor-element elementor-element-6592d04\" data-id=\"6592d04\" data-element_type=\"column\" data-e-type=\"column\">\n\t\t\t<div class=\"elementor-widget-wrap elementor-element-populated\">\n\t\t\t\t\t\t<div class=\"elementor-element elementor-element-aaf3193 elementor-widget elementor-widget-text-editor\" data-id=\"aaf3193\" data-element_type=\"widget\" data-e-type=\"widget\" data-widget_type=\"text-editor.default\">\n\t\t\t\t<div class=\"elementor-widget-container\">\n\t\t\t\t\t\t\t\t\t<p>Debido a su enfoque en la construcci\u00f3n de relaciones, los estudiantes, maestros y administradores de los sistemas escolares que implementan fielmente las pr\u00e1cticas restaurativas pueden beneficiarse de un sentido de comunidad m\u00e1s fuerte y un mejor clima escolar. Para que los programas de RJ tengan \u00e9xito, se debe dedicar el 80-90% de tiempo y energ\u00eda al extremo de la construcci\u00f3n de la comunidad del espectro de las pr\u00e1cticas restaurativas.\u00a0\u00a0<\/p><p><b>Estos procesos incluyen:<\/b><\/p><ul><li><b><\/b><b> <\/b> <b>C\u00edrculos de \u201cregistro\u201d que brindan a los estudiantes la oportunidad de expresar esperanzas, miedos y desaf\u00edos.<\/b><\/li><li><b><\/b><b> <\/b> <b>C\u00edrculos de Celebraci\u00f3n y Gratitud<\/b><\/li><li><b><\/b><b> <\/b> <b>C\u00edrculos de resoluci\u00f3n colaborativa de problemas<\/b><\/li><\/ul><p>Las pr\u00e1cticas de justicia restaurativa pueden utilizarse para abordar eficazmente el ausentismo y el comportamiento perjudicial o disruptivo en las escuelas. En caso de da\u00f1o, la persona que causa el da\u00f1o aprende a hacerse responsable del impacto de sus acciones en los dem\u00e1s. En lugar de ser excluida por la comunidad, recibe apoyo en su esfuerzo por reparar, expiar y reconectarse con su comunidad. Se ayuda a quienes se ven afectados por un comportamiento perjudicial a ser escuchados y expresar su necesidad de reparaci\u00f3n. Todas las partes pueden restablecer las relaciones y conectarse m\u00e1s profundamente con la comunidad.<\/p>\t\t\t\t\t\t\t\t<\/div>\n\t\t\t\t<\/div>\n\t\t\t\t\t<\/div>\n\t\t<\/div>\n\t\t\t\t\t<\/div>\n\t\t<\/section>\n\t\t\t\t<\/div>","protected":false},"excerpt":{"rendered":"<p>Justicia Restaurativa en las Escuelas. Se espera cada vez m\u00e1s que las escuelas y los docentes aborden los problemas de conducta derivados de traumas, problemas de salud mental y otras influencias. Medidas punitivas como suspensiones y expulsiones han dado lugar a una documentada &quot;v\u00eda de la escuela a la prisi\u00f3n&quot;. La justicia restaurativa se aleja del \u00e9nfasis en la gesti\u00f3n de la mala conducta para centrarse en el fortalecimiento de las relaciones, la promoci\u00f3n de [\u2026]<\/p>","protected":false},"author":1,"featured_media":0,"parent":5962,"menu_order":0,"comment_status":"closed","ping_status":"closed","template":"elementor_header_footer","meta":{"footnotes":""},"class_list":["post-5969","page","type-page","status-publish","hentry"],"yoast_head":"<!-- This site is optimized with the Yoast SEO plugin v23.2 - https:\/\/yoast.com\/wordpress\/plugins\/seo\/ -->\n<title>Schools - Mountain Mediation Center<\/title>\n<meta name=\"robots\" content=\"index, follow, max-snippet:-1, max-image-preview:large, max-video-preview:-1\" \/>\n<link rel=\"canonical\" href=\"https:\/\/mountainmediationcenter.org\/es\/rj-training\/schools\/\" \/>\n<meta property=\"og:locale\" content=\"es_ES\" \/>\n<meta property=\"og:type\" content=\"article\" \/>\n<meta property=\"og:title\" content=\"Schools - Mountain Mediation Center\" \/>\n<meta property=\"og:description\" content=\"RJ in Schools Restorative Justice and Schools. Schools and teachers are increasingly expected to address behavior issues derived from trauma, mental health challenges, and other influences. Punitive measures such as suspensions and expulsions have led to a documented \u201cschool to prison pipeline.\u201d RJ moves away from an emphasis on managing misbehavior toward strengthening relationships, promoting [&hellip;]\" \/>\n<meta property=\"og:url\" content=\"https:\/\/mountainmediationcenter.org\/es\/rj-training\/schools\/\" \/>\n<meta property=\"og:site_name\" content=\"Mountain Mediation Center\" \/>\n<meta property=\"article:modified_time\" content=\"2022-08-16T19:13:38+00:00\" \/>\n<meta property=\"og:image\" content=\"http:\/\/mountainmediationcenter.org\/wp-content\/uploads\/2022\/05\/restorative-justice-schools.jpeg\" \/>\n<meta name=\"twitter:card\" content=\"summary_large_image\" \/>\n<meta name=\"twitter:label1\" content=\"Tiempo de lectura\" \/>\n\t<meta name=\"twitter:data1\" content=\"2 minutos\" \/>\n<script type=\"application\/ld+json\" class=\"yoast-schema-graph\">{\"@context\":\"https:\/\/schema.org\",\"@graph\":[{\"@type\":\"WebPage\",\"@id\":\"https:\/\/mountainmediationcenter.org\/rj-training\/schools\/\",\"url\":\"https:\/\/mountainmediationcenter.org\/rj-training\/schools\/\",\"name\":\"Schools - Mountain Mediation Center\",\"isPartOf\":{\"@id\":\"https:\/\/mountainmediationcenter.org\/#website\"},\"primaryImageOfPage\":{\"@id\":\"https:\/\/mountainmediationcenter.org\/rj-training\/schools\/#primaryimage\"},\"image\":{\"@id\":\"https:\/\/mountainmediationcenter.org\/rj-training\/schools\/#primaryimage\"},\"thumbnailUrl\":\"http:\/\/mountainmediationcenter.org\/wp-content\/uploads\/2022\/05\/restorative-justice-schools.jpeg\",\"datePublished\":\"2022-04-04T21:48:33+00:00\",\"dateModified\":\"2022-08-16T19:13:38+00:00\",\"breadcrumb\":{\"@id\":\"https:\/\/mountainmediationcenter.org\/rj-training\/schools\/#breadcrumb\"},\"inLanguage\":\"es\",\"potentialAction\":[{\"@type\":\"ReadAction\",\"target\":[\"https:\/\/mountainmediationcenter.org\/rj-training\/schools\/\"]}]},{\"@type\":\"ImageObject\",\"inLanguage\":\"es\",\"@id\":\"https:\/\/mountainmediationcenter.org\/rj-training\/schools\/#primaryimage\",\"url\":\"http:\/\/mountainmediationcenter.org\/wp-content\/uploads\/2022\/05\/restorative-justice-schools.jpeg\",\"contentUrl\":\"http:\/\/mountainmediationcenter.org\/wp-content\/uploads\/2022\/05\/restorative-justice-schools.jpeg\"},{\"@type\":\"BreadcrumbList\",\"@id\":\"https:\/\/mountainmediationcenter.org\/rj-training\/schools\/#breadcrumb\",\"itemListElement\":[{\"@type\":\"ListItem\",\"position\":1,\"name\":\"Home\",\"item\":\"https:\/\/mountainmediationcenter.org\/\"},{\"@type\":\"ListItem\",\"position\":2,\"name\":\"RJ Training\",\"item\":\"https:\/\/mountainmediationcenter.org\/rj-training\/\"},{\"@type\":\"ListItem\",\"position\":3,\"name\":\"Schools\"}]},{\"@type\":\"WebSite\",\"@id\":\"https:\/\/mountainmediationcenter.org\/#website\",\"url\":\"https:\/\/mountainmediationcenter.org\/\",\"name\":\"Mountain Mediation Center\",\"description\":\"Bringing people together to prevent conflict, resolve disputes, and build a more inclusive community.\",\"potentialAction\":[{\"@type\":\"SearchAction\",\"target\":{\"@type\":\"EntryPoint\",\"urlTemplate\":\"https:\/\/mountainmediationcenter.org\/?s={search_term_string}\"},\"query-input\":\"required name=search_term_string\"}],\"inLanguage\":\"es\"}]}<\/script>\n<!-- \/ Yoast SEO plugin. -->","yoast_head_json":{"title":"Schools - Mountain Mediation Center","robots":{"index":"index","follow":"follow","max-snippet":"max-snippet:-1","max-image-preview":"max-image-preview:large","max-video-preview":"max-video-preview:-1"},"canonical":"https:\/\/mountainmediationcenter.org\/es\/rj-training\/schools\/","og_locale":"es_ES","og_type":"article","og_title":"Schools - Mountain Mediation Center","og_description":"RJ in Schools Restorative Justice and Schools. Schools and teachers are increasingly expected to address behavior issues derived from trauma, mental health challenges, and other influences. Punitive measures such as suspensions and expulsions have led to a documented \u201cschool to prison pipeline.\u201d RJ moves away from an emphasis on managing misbehavior toward strengthening relationships, promoting [&hellip;]","og_url":"https:\/\/mountainmediationcenter.org\/es\/rj-training\/schools\/","og_site_name":"Mountain Mediation Center","article_modified_time":"2022-08-16T19:13:38+00:00","og_image":[{"url":"http:\/\/mountainmediationcenter.org\/wp-content\/uploads\/2022\/05\/restorative-justice-schools.jpeg"}],"twitter_card":"summary_large_image","twitter_misc":{"Tiempo de lectura":"2 minutos"},"schema":{"@context":"https:\/\/schema.org","@graph":[{"@type":"WebPage","@id":"https:\/\/mountainmediationcenter.org\/rj-training\/schools\/","url":"https:\/\/mountainmediationcenter.org\/rj-training\/schools\/","name":"Schools - Mountain Mediation Center","isPartOf":{"@id":"https:\/\/mountainmediationcenter.org\/#website"},"primaryImageOfPage":{"@id":"https:\/\/mountainmediationcenter.org\/rj-training\/schools\/#primaryimage"},"image":{"@id":"https:\/\/mountainmediationcenter.org\/rj-training\/schools\/#primaryimage"},"thumbnailUrl":"http:\/\/mountainmediationcenter.org\/wp-content\/uploads\/2022\/05\/restorative-justice-schools.jpeg","datePublished":"2022-04-04T21:48:33+00:00","dateModified":"2022-08-16T19:13:38+00:00","breadcrumb":{"@id":"https:\/\/mountainmediationcenter.org\/rj-training\/schools\/#breadcrumb"},"inLanguage":"es","potentialAction":[{"@type":"ReadAction","target":["https:\/\/mountainmediationcenter.org\/rj-training\/schools\/"]}]},{"@type":"ImageObject","inLanguage":"es","@id":"https:\/\/mountainmediationcenter.org\/rj-training\/schools\/#primaryimage","url":"http:\/\/mountainmediationcenter.org\/wp-content\/uploads\/2022\/05\/restorative-justice-schools.jpeg","contentUrl":"http:\/\/mountainmediationcenter.org\/wp-content\/uploads\/2022\/05\/restorative-justice-schools.jpeg"},{"@type":"BreadcrumbList","@id":"https:\/\/mountainmediationcenter.org\/rj-training\/schools\/#breadcrumb","itemListElement":[{"@type":"ListItem","position":1,"name":"Home","item":"https:\/\/mountainmediationcenter.org\/"},{"@type":"ListItem","position":2,"name":"RJ Training","item":"https:\/\/mountainmediationcenter.org\/rj-training\/"},{"@type":"ListItem","position":3,"name":"Schools"}]},{"@type":"WebSite","@id":"https:\/\/mountainmediationcenter.org\/#website","url":"https:\/\/mountainmediationcenter.org\/","name":"Mountain Mediation Center","description":"Bringing people together to prevent conflict, resolve disputes, and build a more inclusive community.","potentialAction":[{"@type":"SearchAction","target":{"@type":"EntryPoint","urlTemplate":"https:\/\/mountainmediationcenter.org\/?s={search_term_string}"},"query-input":"required name=search_term_string"}],"inLanguage":"es"}]}},"_links":{"self":[{"href":"https:\/\/mountainmediationcenter.org\/es\/wp-json\/wp\/v2\/pages\/5969","targetHints":{"allow":["GET"]}}],"collection":[{"href":"https:\/\/mountainmediationcenter.org\/es\/wp-json\/wp\/v2\/pages"}],"about":[{"href":"https:\/\/mountainmediationcenter.org\/es\/wp-json\/wp\/v2\/types\/page"}],"author":[{"embeddable":true,"href":"https:\/\/mountainmediationcenter.org\/es\/wp-json\/wp\/v2\/users\/1"}],"replies":[{"embeddable":true,"href":"https:\/\/mountainmediationcenter.org\/es\/wp-json\/wp\/v2\/comments?post=5969"}],"version-history":[{"count":17,"href":"https:\/\/mountainmediationcenter.org\/es\/wp-json\/wp\/v2\/pages\/5969\/revisions"}],"predecessor-version":[{"id":7226,"href":"https:\/\/mountainmediationcenter.org\/es\/wp-json\/wp\/v2\/pages\/5969\/revisions\/7226"}],"up":[{"embeddable":true,"href":"https:\/\/mountainmediationcenter.org\/es\/wp-json\/wp\/v2\/pages\/5962"}],"wp:attachment":[{"href":"https:\/\/mountainmediationcenter.org\/es\/wp-json\/wp\/v2\/media?parent=5969"}],"curies":[{"name":"wp","href":"https:\/\/api.w.org\/{rel}","templated":true}]}}