{"id":6012,"date":"2022-04-05T21:31:19","date_gmt":"2022-04-05T21:31:19","guid":{"rendered":"https:\/\/mountainmediationcenter.org\/?page_id=6012"},"modified":"2025-01-15T23:38:15","modified_gmt":"2025-01-15T23:38:15","slug":"court-mediation","status":"publish","type":"page","link":"https:\/\/mountainmediationcenter.org\/es\/court-mediation\/","title":{"rendered":"Mediaci\u00f3n judicial"},"content":{"rendered":"<div data-elementor-type=\"wp-page\" data-elementor-id=\"6012\" class=\"elementor elementor-6012\" data-elementor-post-type=\"page\">\n\t\t\t\t\t\t<section class=\"elementor-section elementor-top-section elementor-element elementor-element-7a29b62 elementor-section-boxed elementor-section-height-default elementor-section-height-default\" data-id=\"7a29b62\" data-element_type=\"section\" data-e-type=\"section\" data-settings=\"{&quot;background_background&quot;:&quot;classic&quot;}\">\n\t\t\t\t\t\t\t<div class=\"elementor-background-overlay\"><\/div>\n\t\t\t\t\t\t\t<div class=\"elementor-container elementor-column-gap-default\">\n\t\t\t\t\t<div class=\"elementor-column elementor-col-100 elementor-top-column elementor-element elementor-element-68cbdef\" data-id=\"68cbdef\" data-element_type=\"column\" data-e-type=\"column\">\n\t\t\t<div class=\"elementor-widget-wrap elementor-element-populated\">\n\t\t\t\t\t\t<div class=\"elementor-element elementor-element-5247688 elementor-widget elementor-widget-spacer\" data-id=\"5247688\" data-element_type=\"widget\" data-e-type=\"widget\" data-widget_type=\"spacer.default\">\n\t\t\t\t<div class=\"elementor-widget-container\">\n\t\t\t\t\t\t\t<div class=\"elementor-spacer\">\n\t\t\t<div class=\"elementor-spacer-inner\"><\/div>\n\t\t<\/div>\n\t\t\t\t\t\t<\/div>\n\t\t\t\t<\/div>\n\t\t\t\t<section class=\"elementor-section elementor-inner-section elementor-element elementor-element-65a10eb elementor-section-boxed elementor-section-height-default elementor-section-height-default\" data-id=\"65a10eb\" data-element_type=\"section\" data-e-type=\"section\">\n\t\t\t\t\t\t<div class=\"elementor-container elementor-column-gap-default\">\n\t\t\t\t\t<div class=\"elementor-column elementor-col-25 elementor-inner-column elementor-element elementor-element-cfbd85f\" data-id=\"cfbd85f\" data-element_type=\"column\" data-e-type=\"column\">\n\t\t\t<div class=\"elementor-widget-wrap\">\n\t\t\t\t\t\t\t<\/div>\n\t\t<\/div>\n\t\t\t\t<div class=\"elementor-column elementor-col-25 elementor-inner-column elementor-element elementor-element-7cfb6fa\" data-id=\"7cfb6fa\" data-element_type=\"column\" data-e-type=\"column\">\n\t\t\t<div class=\"elementor-widget-wrap elementor-element-populated\">\n\t\t\t\t\t\t<div class=\"elementor-element elementor-element-674b6fa elementor-widget elementor-widget-heading\" data-id=\"674b6fa\" data-element_type=\"widget\" data-e-type=\"widget\" data-widget_type=\"heading.default\">\n\t\t\t\t<div class=\"elementor-widget-container\">\n\t\t\t\t\t<h2 class=\"elementor-heading-title elementor-size-default\">Mediaci\u00f3n judicial <\/h2>\t\t\t\t<\/div>\n\t\t\t\t<\/div>\n\t\t\t\t\t<\/div>\n\t\t<\/div>\n\t\t\t\t<div class=\"elementor-column elementor-col-25 elementor-inner-column elementor-element elementor-element-48fe7ca\" data-id=\"48fe7ca\" data-element_type=\"column\" data-e-type=\"column\">\n\t\t\t<div class=\"elementor-widget-wrap\">\n\t\t\t\t\t\t\t<\/div>\n\t\t<\/div>\n\t\t\t\t<div class=\"elementor-column elementor-col-25 elementor-inner-column elementor-element elementor-element-d45957f\" data-id=\"d45957f\" data-element_type=\"column\" data-e-type=\"column\">\n\t\t\t<div class=\"elementor-widget-wrap\">\n\t\t\t\t\t\t\t<\/div>\n\t\t<\/div>\n\t\t\t\t\t<\/div>\n\t\t<\/section>\n\t\t\t\t<div class=\"elementor-element elementor-element-ad84e06 elementor-widget elementor-widget-spacer\" data-id=\"ad84e06\" data-element_type=\"widget\" data-e-type=\"widget\" data-widget_type=\"spacer.default\">\n\t\t\t\t<div class=\"elementor-widget-container\">\n\t\t\t\t\t\t\t<div class=\"elementor-spacer\">\n\t\t\t<div class=\"elementor-spacer-inner\"><\/div>\n\t\t<\/div>\n\t\t\t\t\t\t<\/div>\n\t\t\t\t<\/div>\n\t\t\t\t\t<\/div>\n\t\t<\/div>\n\t\t\t\t\t<\/div>\n\t\t<\/section>\n\t\t\t\t<section class=\"elementor-section elementor-top-section elementor-element elementor-element-256694d elementor-section-boxed elementor-section-height-default elementor-section-height-default\" data-id=\"256694d\" data-element_type=\"section\" data-e-type=\"section\">\n\t\t\t\t\t\t<div class=\"elementor-container elementor-column-gap-default\">\n\t\t\t\t\t<div class=\"elementor-column elementor-col-100 elementor-top-column elementor-element elementor-element-b25beae\" data-id=\"b25beae\" data-element_type=\"column\" data-e-type=\"column\">\n\t\t\t<div class=\"elementor-widget-wrap elementor-element-populated\">\n\t\t\t\t\t\t\t<\/div>\n\t\t<\/div>\n\t\t\t\t\t<\/div>\n\t\t<\/section>\n\t\t\t\t<section class=\"elementor-section elementor-top-section elementor-element elementor-element-caadf91 elementor-section-boxed elementor-section-height-default elementor-section-height-default\" data-id=\"caadf91\" data-element_type=\"section\" data-e-type=\"section\">\n\t\t\t\t\t\t<div class=\"elementor-container elementor-column-gap-default\">\n\t\t\t\t\t<div class=\"elementor-column elementor-col-100 elementor-top-column elementor-element elementor-element-26d9b30\" data-id=\"26d9b30\" data-element_type=\"column\" data-e-type=\"column\">\n\t\t\t<div class=\"elementor-widget-wrap\">\n\t\t\t\t\t\t\t<\/div>\n\t\t<\/div>\n\t\t\t\t\t<\/div>\n\t\t<\/section>\n\t\t\t\t<section class=\"elementor-section elementor-top-section elementor-element elementor-element-0efeff6 elementor-section-content-middle elementor-section-boxed elementor-section-height-default elementor-section-height-default\" data-id=\"0efeff6\" data-element_type=\"section\" data-e-type=\"section\">\n\t\t\t\t\t\t<div class=\"elementor-container elementor-column-gap-default\">\n\t\t\t\t\t<div class=\"elementor-column elementor-col-100 elementor-top-column elementor-element elementor-element-24a112f\" data-id=\"24a112f\" data-element_type=\"column\" data-e-type=\"column\">\n\t\t\t<div class=\"elementor-widget-wrap elementor-element-populated\">\n\t\t\t\t\t\t<section class=\"elementor-section elementor-inner-section elementor-element elementor-element-41c418d elementor-section-content-middle elementor-section-boxed elementor-section-height-default elementor-section-height-default\" data-id=\"41c418d\" data-element_type=\"section\" data-e-type=\"section\">\n\t\t\t\t\t\t<div class=\"elementor-container elementor-column-gap-default\">\n\t\t\t\t\t<div class=\"elementor-column elementor-col-50 elementor-inner-column elementor-element elementor-element-5a5d1a7\" data-id=\"5a5d1a7\" data-element_type=\"column\" data-e-type=\"column\">\n\t\t\t<div class=\"elementor-widget-wrap elementor-element-populated\">\n\t\t\t\t\t\t<div class=\"elementor-element elementor-element-2324727 elementor-widget elementor-widget-image\" data-id=\"2324727\" data-element_type=\"widget\" data-e-type=\"widget\" data-widget_type=\"image.default\">\n\t\t\t\t<div class=\"elementor-widget-container\">\n\t\t\t\t\t\t\t\t\t\t\t\t\t\t\t<img fetchpriority=\"high\" decoding=\"async\" width=\"850\" height=\"567\" src=\"https:\/\/mountainmediationcenter.org\/wp-content\/uploads\/2022\/05\/restorative-justice-meeting.jpg\" class=\"attachment-full size-full wp-image-6096\" alt=\"restorative-justice-meeting\" srcset=\"https:\/\/mountainmediationcenter.org\/wp-content\/uploads\/2022\/05\/restorative-justice-meeting.jpg 850w, https:\/\/mountainmediationcenter.org\/wp-content\/uploads\/2022\/05\/restorative-justice-meeting-300x200.jpg 300w, https:\/\/mountainmediationcenter.org\/wp-content\/uploads\/2022\/05\/restorative-justice-meeting-768x512.jpg 768w\" sizes=\"(max-width: 850px) 100vw, 850px\" \/>\t\t\t\t\t\t\t\t\t\t\t\t\t\t\t<\/div>\n\t\t\t\t<\/div>\n\t\t\t\t\t<\/div>\n\t\t<\/div>\n\t\t\t\t<div class=\"elementor-column elementor-col-50 elementor-inner-column elementor-element elementor-element-90fb6bd\" data-id=\"90fb6bd\" data-element_type=\"column\" data-e-type=\"column\">\n\t\t\t<div class=\"elementor-widget-wrap elementor-element-populated\">\n\t\t\t\t\t\t<div class=\"elementor-element elementor-element-3aa1ddc elementor-widget elementor-widget-heading\" data-id=\"3aa1ddc\" data-element_type=\"widget\" data-e-type=\"widget\" data-widget_type=\"heading.default\">\n\t\t\t\t<div class=\"elementor-widget-container\">\n\t\t\t\t\t<h2 class=\"elementor-heading-title elementor-size-default\">Mediaci\u00f3n judicial<\/h2>\t\t\t\t<\/div>\n\t\t\t\t<\/div>\n\t\t\t\t<div class=\"elementor-element elementor-element-3332750 elementor-widget elementor-widget-text-editor\" data-id=\"3332750\" data-element_type=\"widget\" data-e-type=\"widget\" data-widget_type=\"text-editor.default\">\n\t\t\t\t<div class=\"elementor-widget-container\">\n\t\t\t\t\t\t\t\t\t<p><span style=\"font-weight: 400;\">Mountain Mediation ha ofrecido mediaciones de reclamos menores y apelaciones sin costo en los Tribunales del Condado de Summit durante m\u00e1s de 20 a\u00f1os.<\/span><\/p><p><span style=\"font-family: var( --e-global-typography-text-font-family ), Sans-serif; font-size: 1rem;\">Ya sea antes o despu\u00e9s de presentar una demanda de menor cuant\u00eda ante los tribunales, puede abordar muchos problemas mediante la mediaci\u00f3n. Por ejemplo, el pago de pr\u00e9stamos, disputas entre consumidores y comerciantes, problemas entre propietarios e inquilinos, contratistas, etc.<\/span><\/p><p><span style=\"font-family: var( --e-global-typography-text-font-family ), Sans-serif; font-size: 1rem;\">Si est\u00e1 apelando una decisi\u00f3n de los tribunales sobre reclamos menores y no medi\u00f3 antes de escuchar la decisi\u00f3n del juez, la mediaci\u00f3n es un requisito.<\/span><\/p>\t\t\t\t\t\t\t\t<\/div>\n\t\t\t\t<\/div>\n\t\t\t\t<div class=\"elementor-element elementor-element-3807053 elementor-widget elementor-widget-spacer\" data-id=\"3807053\" data-element_type=\"widget\" data-e-type=\"widget\" data-widget_type=\"spacer.default\">\n\t\t\t\t<div class=\"elementor-widget-container\">\n\t\t\t\t\t\t\t<div class=\"elementor-spacer\">\n\t\t\t<div class=\"elementor-spacer-inner\"><\/div>\n\t\t<\/div>\n\t\t\t\t\t\t<\/div>\n\t\t\t\t<\/div>\n\t\t\t\t\t<\/div>\n\t\t<\/div>\n\t\t\t\t\t<\/div>\n\t\t<\/section>\n\t\t\t\t\t<\/div>\n\t\t<\/div>\n\t\t\t\t\t<\/div>\n\t\t<\/section>\n\t\t\t\t<\/div>","protected":false},"excerpt":{"rendered":"<p>Mediaci\u00f3n Judicial. Mountain Mediation ha ofrecido mediaciones gratuitas en reclamos menores y apelaciones en los Tribunales del Condado de Summit durante m\u00e1s de 20 a\u00f1os. Ya sea antes o despu\u00e9s de presentar un reclamo menor ante los tribunales, puede abordar diversos asuntos mediante la mediaci\u00f3n. Por ejemplo, el pago de pr\u00e9stamos, disputas entre consumidores y comerciantes, problemas entre propietarios e inquilinos, problemas con contratistas, etc. Si est\u00e1 apelando [\u2026]<\/p>","protected":false},"author":1,"featured_media":0,"parent":0,"menu_order":0,"comment_status":"closed","ping_status":"closed","template":"elementor_header_footer","meta":{"footnotes":""},"class_list":["post-6012","page","type-page","status-publish","hentry"],"yoast_head":"<!-- This site is optimized with the Yoast SEO plugin v23.2 - https:\/\/yoast.com\/wordpress\/plugins\/seo\/ -->\n<title>Court Mediation | Mountain Mediation Center | Utah Justice<\/title>\n<meta name=\"description\" content=\"Mountain Mediation Center has offered no-cost Small Claims and Appeals mediations at the Summit County Courts for over 20 years. Either before or after filing a small claim with the courts, you can address many issues with mediation.\" \/>\n<meta name=\"robots\" content=\"index, follow, max-snippet:-1, max-image-preview:large, max-video-preview:-1\" \/>\n<link rel=\"canonical\" href=\"https:\/\/mountainmediationcenter.org\/es\/court-mediation\/\" \/>\n<meta property=\"og:locale\" content=\"es_ES\" \/>\n<meta property=\"og:type\" content=\"article\" \/>\n<meta property=\"og:title\" content=\"Court Mediation | Mountain Mediation Center | Utah Justice\" \/>\n<meta property=\"og:description\" content=\"Mountain Mediation Center has offered no-cost Small Claims and Appeals mediations at the Summit County Courts for over 20 years. Either before or after filing a small claim with the courts, you can address many issues with mediation.\" \/>\n<meta property=\"og:url\" content=\"https:\/\/mountainmediationcenter.org\/es\/court-mediation\/\" \/>\n<meta property=\"og:site_name\" content=\"Mountain Mediation Center\" \/>\n<meta property=\"article:modified_time\" content=\"2025-01-15T23:38:15+00:00\" \/>\n<meta property=\"og:image\" content=\"https:\/\/mountainmediationcenter.org\/wp-content\/uploads\/2022\/05\/restorative-justice-meeting.jpg\" \/>\n<meta name=\"twitter:card\" content=\"summary_large_image\" \/>\n<meta name=\"twitter:label1\" content=\"Tiempo de lectura\" \/>\n\t<meta name=\"twitter:data1\" content=\"1 minuto\" \/>\n<script type=\"application\/ld+json\" class=\"yoast-schema-graph\">{\"@context\":\"https:\/\/schema.org\",\"@graph\":[{\"@type\":\"WebPage\",\"@id\":\"https:\/\/mountainmediationcenter.org\/court-mediation\/\",\"url\":\"https:\/\/mountainmediationcenter.org\/court-mediation\/\",\"name\":\"Court Mediation | Mountain Mediation Center | Utah Justice\",\"isPartOf\":{\"@id\":\"https:\/\/mountainmediationcenter.org\/#website\"},\"primaryImageOfPage\":{\"@id\":\"https:\/\/mountainmediationcenter.org\/court-mediation\/#primaryimage\"},\"image\":{\"@id\":\"https:\/\/mountainmediationcenter.org\/court-mediation\/#primaryimage\"},\"thumbnailUrl\":\"https:\/\/mountainmediationcenter.org\/wp-content\/uploads\/2022\/05\/restorative-justice-meeting.jpg\",\"datePublished\":\"2022-04-05T21:31:19+00:00\",\"dateModified\":\"2025-01-15T23:38:15+00:00\",\"description\":\"Mountain Mediation Center has offered no-cost Small Claims and Appeals mediations at the Summit County Courts for over 20 years. Either before or after filing a small claim with the courts, you can address many issues with mediation.\",\"breadcrumb\":{\"@id\":\"https:\/\/mountainmediationcenter.org\/court-mediation\/#breadcrumb\"},\"inLanguage\":\"es\",\"potentialAction\":[{\"@type\":\"ReadAction\",\"target\":[\"https:\/\/mountainmediationcenter.org\/court-mediation\/\"]}]},{\"@type\":\"ImageObject\",\"inLanguage\":\"es\",\"@id\":\"https:\/\/mountainmediationcenter.org\/court-mediation\/#primaryimage\",\"url\":\"https:\/\/mountainmediationcenter.org\/wp-content\/uploads\/2022\/05\/restorative-justice-meeting.jpg\",\"contentUrl\":\"https:\/\/mountainmediationcenter.org\/wp-content\/uploads\/2022\/05\/restorative-justice-meeting.jpg\"},{\"@type\":\"BreadcrumbList\",\"@id\":\"https:\/\/mountainmediationcenter.org\/court-mediation\/#breadcrumb\",\"itemListElement\":[{\"@type\":\"ListItem\",\"position\":1,\"name\":\"Home\",\"item\":\"https:\/\/mountainmediationcenter.org\/\"},{\"@type\":\"ListItem\",\"position\":2,\"name\":\"Court Mediation\"}]},{\"@type\":\"WebSite\",\"@id\":\"https:\/\/mountainmediationcenter.org\/#website\",\"url\":\"https:\/\/mountainmediationcenter.org\/\",\"name\":\"Mountain Mediation Center\",\"description\":\"Bringing people together to prevent conflict, resolve disputes, and build a more inclusive community.\",\"potentialAction\":[{\"@type\":\"SearchAction\",\"target\":{\"@type\":\"EntryPoint\",\"urlTemplate\":\"https:\/\/mountainmediationcenter.org\/?s={search_term_string}\"},\"query-input\":\"required name=search_term_string\"}],\"inLanguage\":\"es\"}]}<\/script>\n<!-- \/ Yoast SEO plugin. -->","yoast_head_json":{"title":"Court Mediation | Mountain Mediation Center | Utah Justice","description":"Mountain Mediation Center has offered no-cost Small Claims and Appeals mediations at the Summit County Courts for over 20 years. Either before or after filing a small claim with the courts, you can address many issues with mediation.","robots":{"index":"index","follow":"follow","max-snippet":"max-snippet:-1","max-image-preview":"max-image-preview:large","max-video-preview":"max-video-preview:-1"},"canonical":"https:\/\/mountainmediationcenter.org\/es\/court-mediation\/","og_locale":"es_ES","og_type":"article","og_title":"Court Mediation | Mountain Mediation Center | Utah Justice","og_description":"Mountain Mediation Center has offered no-cost Small Claims and Appeals mediations at the Summit County Courts for over 20 years. Either before or after filing a small claim with the courts, you can address many issues with mediation.","og_url":"https:\/\/mountainmediationcenter.org\/es\/court-mediation\/","og_site_name":"Mountain Mediation Center","article_modified_time":"2025-01-15T23:38:15+00:00","og_image":[{"url":"https:\/\/mountainmediationcenter.org\/wp-content\/uploads\/2022\/05\/restorative-justice-meeting.jpg"}],"twitter_card":"summary_large_image","twitter_misc":{"Tiempo de lectura":"1 minuto"},"schema":{"@context":"https:\/\/schema.org","@graph":[{"@type":"WebPage","@id":"https:\/\/mountainmediationcenter.org\/court-mediation\/","url":"https:\/\/mountainmediationcenter.org\/court-mediation\/","name":"Court Mediation | Mountain Mediation Center | Utah Justice","isPartOf":{"@id":"https:\/\/mountainmediationcenter.org\/#website"},"primaryImageOfPage":{"@id":"https:\/\/mountainmediationcenter.org\/court-mediation\/#primaryimage"},"image":{"@id":"https:\/\/mountainmediationcenter.org\/court-mediation\/#primaryimage"},"thumbnailUrl":"https:\/\/mountainmediationcenter.org\/wp-content\/uploads\/2022\/05\/restorative-justice-meeting.jpg","datePublished":"2022-04-05T21:31:19+00:00","dateModified":"2025-01-15T23:38:15+00:00","description":"Mountain Mediation Center has offered no-cost Small Claims and Appeals mediations at the Summit County Courts for over 20 years. Either before or after filing a small claim with the courts, you can address many issues with mediation.","breadcrumb":{"@id":"https:\/\/mountainmediationcenter.org\/court-mediation\/#breadcrumb"},"inLanguage":"es","potentialAction":[{"@type":"ReadAction","target":["https:\/\/mountainmediationcenter.org\/court-mediation\/"]}]},{"@type":"ImageObject","inLanguage":"es","@id":"https:\/\/mountainmediationcenter.org\/court-mediation\/#primaryimage","url":"https:\/\/mountainmediationcenter.org\/wp-content\/uploads\/2022\/05\/restorative-justice-meeting.jpg","contentUrl":"https:\/\/mountainmediationcenter.org\/wp-content\/uploads\/2022\/05\/restorative-justice-meeting.jpg"},{"@type":"BreadcrumbList","@id":"https:\/\/mountainmediationcenter.org\/court-mediation\/#breadcrumb","itemListElement":[{"@type":"ListItem","position":1,"name":"Home","item":"https:\/\/mountainmediationcenter.org\/"},{"@type":"ListItem","position":2,"name":"Court Mediation"}]},{"@type":"WebSite","@id":"https:\/\/mountainmediationcenter.org\/#website","url":"https:\/\/mountainmediationcenter.org\/","name":"Mountain Mediation Center","description":"Bringing people together to prevent conflict, resolve disputes, and build a more inclusive community.","potentialAction":[{"@type":"SearchAction","target":{"@type":"EntryPoint","urlTemplate":"https:\/\/mountainmediationcenter.org\/?s={search_term_string}"},"query-input":"required name=search_term_string"}],"inLanguage":"es"}]}},"_links":{"self":[{"href":"https:\/\/mountainmediationcenter.org\/es\/wp-json\/wp\/v2\/pages\/6012","targetHints":{"allow":["GET"]}}],"collection":[{"href":"https:\/\/mountainmediationcenter.org\/es\/wp-json\/wp\/v2\/pages"}],"about":[{"href":"https:\/\/mountainmediationcenter.org\/es\/wp-json\/wp\/v2\/types\/page"}],"author":[{"embeddable":true,"href":"https:\/\/mountainmediationcenter.org\/es\/wp-json\/wp\/v2\/users\/1"}],"replies":[{"embeddable":true,"href":"https:\/\/mountainmediationcenter.org\/es\/wp-json\/wp\/v2\/comments?post=6012"}],"version-history":[{"count":20,"href":"https:\/\/mountainmediationcenter.org\/es\/wp-json\/wp\/v2\/pages\/6012\/revisions"}],"predecessor-version":[{"id":10447,"href":"https:\/\/mountainmediationcenter.org\/es\/wp-json\/wp\/v2\/pages\/6012\/revisions\/10447"}],"wp:attachment":[{"href":"https:\/\/mountainmediationcenter.org\/es\/wp-json\/wp\/v2\/media?parent=6012"}],"curies":[{"name":"wp","href":"https:\/\/api.w.org\/{rel}","templated":true}]}}